{"id":992,"date":"2023-12-17T21:45:36","date_gmt":"2023-12-17T20:45:36","guid":{"rendered":"http:\/\/www.raptore-bajk.pl\/?post_type=product&#038;p=992"},"modified":"2026-04-16T09:31:54","modified_gmt":"2026-04-16T07:31:54","slug":"zlacze-rcproplus-pro-supra-x-surron-lightbee","status":"publish","type":"product","link":"https:\/\/www.raptore-bajk.pl\/index.php\/produkt\/zlacze-rcproplus-pro-supra-x-surron-lightbee\/","title":{"rendered":"Z\u0142\u0105cze  RCPROPLUS Pro Supra X Surron Light Bee"},"content":{"rendered":"<p><strong>Komplet z\u0142\u0105cza M\u0119ski i \u017be\u0144ski\u00a0<\/strong><\/p>\n<h1 itemprop=\"name\" class=\"product_title entry-title\">Surron RCPROPLUS Pro D6 Supra X<\/h1>\n<p>Pasuje do akumulator\u00f3w SurRon Light Bee<\/p>\n<p>&nbsp;<\/p>\n","protected":false},"excerpt":{"rendered":"<p>Z\u0142\u0105cze Akumulatora Surron Light Bee<\/p>\n","protected":false},"featured_media":1922,"comment_status":"open","ping_status":"closed","template":"","meta":[],"product_brand":[],"product_cat":[29,17],"product_tag":[],"class_list":{"0":"post-992","1":"product","2":"type-product","3":"status-publish","4":"has-post-thumbnail","6":"product_cat-modyfikacje-surron-light-bee","7":"product_cat-bez-kategorii","9":"first","10":"instock","11":"taxable","12":"shipping-taxable","13":"purchasable","14":"product-type-simple"},"jetpack_sharing_enabled":true,"_links":{"self":[{"href":"https:\/\/www.raptore-bajk.pl\/index.php\/wp-json\/wp\/v2\/product\/992","targetHints":{"allow":["GET"]}}],"collection":[{"href":"https:\/\/www.raptore-bajk.pl\/index.php\/wp-json\/wp\/v2\/product"}],"about":[{"href":"https:\/\/www.raptore-bajk.pl\/index.php\/wp-json\/wp\/v2\/types\/product"}],"replies":[{"embeddable":true,"href":"https:\/\/www.raptore-bajk.pl\/index.php\/wp-json\/wp\/v2\/comments?post=992"}],"wp:featuredmedia":[{"embeddable":true,"href":"https:\/\/www.raptore-bajk.pl\/index.php\/wp-json\/wp\/v2\/media\/1922"}],"wp:attachment":[{"href":"https:\/\/www.raptore-bajk.pl\/index.php\/wp-json\/wp\/v2\/media?parent=992"}],"wp:term":[{"taxonomy":"product_brand","embeddable":true,"href":"https:\/\/www.raptore-bajk.pl\/index.php\/wp-json\/wp\/v2\/product_brand?post=992"},{"taxonomy":"product_cat","embeddable":true,"href":"https:\/\/www.raptore-bajk.pl\/index.php\/wp-json\/wp\/v2\/product_cat?post=992"},{"taxonomy":"product_tag","embeddable":true,"href":"https:\/\/www.raptore-bajk.pl\/index.php\/wp-json\/wp\/v2\/product_tag?post=992"}],"curies":[{"name":"wp","href":"https:\/\/api.w.org\/{rel}","templated":true}]}}