{"id":957,"date":"2023-10-31T21:55:14","date_gmt":"2023-10-31T20:55:14","guid":{"rendered":"http:\/\/www.raptore-bajk.pl\/?post_type=product&#038;p=957"},"modified":"2026-04-14T00:20:11","modified_gmt":"2026-04-13T22:20:11","slug":"sterownik-tc-1000-torp-motor-surron-ultrabee","status":"publish","type":"product","link":"https:\/\/www.raptore-bajk.pl\/index.php\/produkt\/sterownik-tc-1000-torp-motor-surron-ultrabee\/","title":{"rendered":"Sterownik TC 1000 2.X Torp Motor Surron UltraBee"},"content":{"rendered":"<p><b>Sterownik TORP TC1000 2.X \u2013 Najmocniejszy Controller do Twojego e-b<\/b><b>ike <\/b><\/p>\n<p>Sterownik <b>TORP TC1000 2.X <\/b><span>t<\/span>o <b>profesjonalny, zaawansowany controller do elektrycznych motocykli i rower\u00f3w typu SurRon \/ Talaria<\/b>, kt\u00f3ry wynosi osi\u0105gi Twojego pojazdu na zupe\u0142nie nowy poziom. To idealny upgrade dla ka\u017cdego, kto szuka <b>mocy, responsywno\u015bci i niezawodno\u015bci w trudnym terenie!<br \/>\n<\/b><br \/>\n<b>Moc i wydajno\u015b\u0107<\/b><\/p>\n<ul>\n<li>Maksymalna moc do<b> 50 kW<\/b> (wersja 2.0) \u2013 dynamiczne przyspieszenie i wi\u0119ksze osi\u0105gi.<\/li>\n<li>Dost\u0119pna wersja <b>HV z moc\u0105 do 60 kW<\/b> i obs\u0142ug\u0105 baterii nawet do <b>110 V <\/b>(26S).<\/li>\n<li>Obs\u0142uga baterii od <b>60 V do 80 V<\/b> (wersja standardowa).<\/li>\n<\/ul>\n<p><b>Najwa\u017cniejsze cechy<\/b><\/p>\n<ul>\n<li><b>Field-Oriented Control (FOC) <\/b>\u2013 bardziej efektywne sterowanie silnikiem.<\/li>\n<li>Obs\u0142uga zar\u00f3wno <b>sterowania sensored<\/b> (HALL) jak i <b>sensorless.<\/b><\/li>\n<li><b>Maksymalny pr\u0105d baterii 700 A i fazowy 1000 A<\/b> \u2013 ogromny potencja\u0142 mocy bez ogranicze\u0144.<\/li>\n<li>Efektywno\u015b\u0107 nawet do 99 % \u2013 maksymalne wykorzystanie energii.<\/li>\n<li><b>Bluetooth + aplikacja mobilna (iOS\/Android)<\/b> \u2013 \u0142atwe ustawienia i aktualizacje firmware\u2019u.<\/li>\n<li>Kompatybilny z fabrycznym wy\u015bwietlaczem SurRon.<\/li>\n<li><b>Ochrona IP67 <\/b>na sterownik (wymaga zabezpieczenia z\u0142\u0105cz).<\/li>\n<\/ul>\n<p><b>Plug &amp; Play \u2013 prosta instalacja<\/b><br \/>\nSterownik<b> TC1000 2.X <\/b>to konstrukcja <b>plug &amp; play <\/b>\u2014 pod\u0142\u0105cz, skalibruj przez aplikacj\u0119 i jed\u017a! Monta\u017c zajmuje zwykle oko\u0142o 20 minut i nie wymaga programowania ani specjalistycznej wiedzy.<\/p>\n<p><b>Kompatybilno\u015b\u0107<\/b><\/p>\n<p>Controller jest zoptymalizowany do wsp\u00f3\u0142pracy z:<\/p>\n<ul>\n<li>SurRon Ultra Bee r\u00f3wnie\u017c 2025r+<\/li>\n<li>SurRon Light Bee ka\u017cdy rocznik produkcji<\/li>\n<li>Talaria MX3 \/ MX4 \/ MX5<\/li>\n<li>\u015awietnie wsp\u00f3\u0142pracuje r\u00f3wnie\u017c z innymi silnikami kompatybilnymi z TC1000 (takimi jak TM25, TM40, TM50).<\/li>\n<\/ul>\n<p><b>Inteligentne sterowanie i funkcje<\/b><\/p>\n<ul>\n<li>Dzi\u0119ki aplikacji TORP uzyskasz:<\/li>\n<li>Regulacj\u0119 tryb\u00f3w jazdy i mocy<\/li>\n<li>Ustawienia hamowania regeneracyjnego<\/li>\n<li>Ci\u0105g\u0142e aktualizacje oprogramowania<\/li>\n<li>Dalsze funkcje, jak <b>Launch &amp; Lift Assist i zaawansowane tryby kontroli<\/b> (dost\u0119pne b\u0119d\u0105 aktualizacje).<\/li>\n<\/ul>\n<p>Do wersji Surrona UltraBee jest radiator jak na zdj\u0119ciu poni\u017cej, potrzebny do monta\u017cu i dedykowana wi\u0105zka przewod\u00f3w do wersji Ultra. Kolor domy\u015blnie czarny.<\/p>\n<p><img loading=\"lazy\" decoding=\"async\" src=\"http:\/\/www.raptore-bajk.pl\/wp-content\/uploads\/2023\/10\/Skid2-8-300x242.png\" alt=\"\" width=\"300\" height=\"242\" class=\"alignnone size-medium wp-image-946\" srcset=\"https:\/\/www.raptore-bajk.pl\/wp-content\/uploads\/2023\/10\/Skid2-8-300x242.png 300w, https:\/\/www.raptore-bajk.pl\/wp-content\/uploads\/2023\/10\/Skid2-8-1024x826.png 1024w, https:\/\/www.raptore-bajk.pl\/wp-content\/uploads\/2023\/10\/Skid2-8-768x619.png 768w, https:\/\/www.raptore-bajk.pl\/wp-content\/uploads\/2023\/10\/Skid2-8-600x484.png 600w, https:\/\/www.raptore-bajk.pl\/wp-content\/uploads\/2023\/10\/Skid2-8.png 1105w\" sizes=\"auto, (max-width: 300px) 100vw, 300px\" \/><\/p>\n<p><span>Aluminiowe os\u0142ony \u00a0w kilku kolorach do wyboru, zwi\u0119kszaj\u0105\u00a0 ch\u0142odzenie i zapewniaj\u0105c, \u017ce kontroler pozostanie ch\u0142odny nawet podczas najci\u0119\u017cszych przeja\u017cd\u017cek.<\/span><\/p>\n<p><a href=\"https:\/\/www.torpmotors.com\/11596-2\/\"><span>Polityka gwarancyjna<\/span><\/a><\/p>\n<p><strong>Jaka Moc Przy Danej Konfiguracji\u00a0<\/strong><\/p>\n<p><span><strong><mark><span dir=\"auto\">Silnik seryjny:<\/span><\/mark><\/strong><\/span><\/p>\n<ul>\n<li><span><strong><span dir=\"auto\">Standard 72V:<\/span><\/strong><\/span><span dir=\"auto\"><span>\u00a0<\/span>19 kW<\/span><\/li>\n<li><span><strong><span dir=\"auto\">Standardowe 72V (Surron UB 2025):<\/span><\/strong><\/span><span dir=\"auto\"><span>\u00a0<\/span>27 kW<\/span><\/li>\n<li><span><strong><span dir=\"auto\">Obej\u015bcie 72V:<\/span><\/strong><\/span><span dir=\"auto\"><span>\u00a0<\/span>28kW<\/span><\/li>\n<li><span><strong><span dir=\"auto\">Niestandardowe 80V:<\/span><\/strong><\/span><span dir=\"auto\"><span>\u00a0<\/span>32kW<\/span><\/li>\n<\/ul>\n<p><span><strong><mark><span dir=\"auto\">TM50:<\/span><\/mark><\/strong><\/span><\/p>\n<ul>\n<li><span><strong><span dir=\"auto\">Standard 72V:<\/span><\/strong><\/span><span dir=\"auto\"><span>\u00a0<\/span>19 kW<\/span><\/li>\n<li><span><strong><span dir=\"auto\">Obej\u015bcie 72V:<\/span><\/strong><\/span><span dir=\"auto\"><span>\u00a0<\/span>28kW<\/span><\/li>\n<li><span><strong><span dir=\"auto\">Niestandardowe 80V:<\/span><\/strong><\/span><span dir=\"auto\"><span>\u00a0<\/span>50kW<\/span><\/li>\n<li><span><strong><span dir=\"auto\">Niestandardowe 96V:<\/span><\/strong><\/span><span dir=\"auto\"><span>\u00a0<\/span>60 kW<\/span><\/li>\n<\/ul>\n<p><span><strong><mark><span dir=\"auto\">TM50Pro:<\/span><\/mark><\/strong><\/span><\/p>\n<ul>\n<li><span><strong><span dir=\"auto\">Standard 72V:<\/span><\/strong><\/span><span dir=\"auto\"><span>\u00a0<\/span>19 kW<\/span><\/li>\n<li><span><strong><span dir=\"auto\">Obej\u015bcie 72V:<\/span><\/strong><\/span><span dir=\"auto\"><span>\u00a0<\/span>28kW<\/span><\/li>\n<li><span><strong><span dir=\"auto\">Niestandardowe 80V:<\/span><\/strong><\/span><span dir=\"auto\"><span>\u00a0<\/span>58 kW<\/span><\/li>\n<li><span><strong><span dir=\"auto\">Niestandardowe 96V:<\/span><\/strong><\/span><span dir=\"auto\"><span>\u00a0<\/span>60 kW<\/span><\/li>\n<\/ul>\n","protected":false},"excerpt":{"rendered":"<p>Sterownik TORP TC1000 2.X \u2013 Najmocniejszy Controller do Twojego e-bike Sterownik TORP TC1000 2.X to profesjonalny, zaawansowany controller do elektrycznych motocykli i rower\u00f3w typu SurRon \/ Talaria, kt\u00f3ry wynosi osi\u0105gi Twojego pojazdu na zupe\u0142nie nowy poziom. To idealny upgrade dla ka\u017cdego, kto szuka mocy, responsywno\u015bci i niezawodno\u015bci w trudnym terenie! [&hellip;]<\/p>\n","protected":false},"featured_media":2045,"comment_status":"open","ping_status":"closed","template":"","meta":[],"product_brand":[],"product_cat":[32,28],"product_tag":[],"class_list":{"0":"post-957","1":"product","2":"type-product","3":"status-publish","4":"has-post-thumbnail","6":"product_cat-modyfikacje-surron-ultra-bee","7":"product_cat-sterownik","9":"first","10":"outofstock","11":"taxable","12":"shipping-taxable","13":"purchasable","14":"product-type-simple"},"jetpack_sharing_enabled":true,"_links":{"self":[{"href":"https:\/\/www.raptore-bajk.pl\/index.php\/wp-json\/wp\/v2\/product\/957","targetHints":{"allow":["GET"]}}],"collection":[{"href":"https:\/\/www.raptore-bajk.pl\/index.php\/wp-json\/wp\/v2\/product"}],"about":[{"href":"https:\/\/www.raptore-bajk.pl\/index.php\/wp-json\/wp\/v2\/types\/product"}],"replies":[{"embeddable":true,"href":"https:\/\/www.raptore-bajk.pl\/index.php\/wp-json\/wp\/v2\/comments?post=957"}],"wp:featuredmedia":[{"embeddable":true,"href":"https:\/\/www.raptore-bajk.pl\/index.php\/wp-json\/wp\/v2\/media\/2045"}],"wp:attachment":[{"href":"https:\/\/www.raptore-bajk.pl\/index.php\/wp-json\/wp\/v2\/media?parent=957"}],"wp:term":[{"taxonomy":"product_brand","embeddable":true,"href":"https:\/\/www.raptore-bajk.pl\/index.php\/wp-json\/wp\/v2\/product_brand?post=957"},{"taxonomy":"product_cat","embeddable":true,"href":"https:\/\/www.raptore-bajk.pl\/index.php\/wp-json\/wp\/v2\/product_cat?post=957"},{"taxonomy":"product_tag","embeddable":true,"href":"https:\/\/www.raptore-bajk.pl\/index.php\/wp-json\/wp\/v2\/product_tag?post=957"}],"curies":[{"name":"wp","href":"https:\/\/api.w.org\/{rel}","templated":true}]}}