{"id":947,"date":"2023-10-29T20:52:12","date_gmt":"2023-10-29T19:52:12","guid":{"rendered":"http:\/\/www.raptore-bajk.pl\/?post_type=product&#038;p=947"},"modified":"2026-04-15T13:18:57","modified_gmt":"2026-04-15T11:18:57","slug":"silnik-torp-tm25-surron-lite-bee","status":"publish","type":"product","link":"https:\/\/www.raptore-bajk.pl\/index.php\/produkt\/silnik-torp-tm25-surron-lite-bee\/","title":{"rendered":"SILNIK TORP TM25 Surron Light Bee"},"content":{"rendered":"<p>Wzmocnij swojego Surron Light Bee za pomoc\u0105 silnika elektrycznego firmy Torp Motors TM 25 o imponuj\u0105cej mocy 25kW. Ten zaawansowany silnik zosta\u0142 zaprojektowany z my\u015bl\u0105 o dostarczeniu niesamowitej wydajno\u015bci w ka\u017cdym terenie.<\/p>\n<p>Silnik Torp Motors TM 25 nie tylko zapewnia pot\u0119\u017cne przyspieszenie, ale r\u00f3wnie\u017c gwarantuje doskona\u0142\u0105 responsywno\u015b\u0107 i trwa\u0142o\u015b\u0107. Doskonale integruje si\u0119 z Surron Light Bee, oferuj\u0105c pe\u0142n\u0105 kontrol\u0119 nad si\u0142\u0105 i szybko\u015bci\u0105. To idealne rozwi\u0105zanie dla entuzjast\u00f3w, kt\u00f3rzy pragn\u0105 maksymalnie wykorzysta\u0107 potencja\u0142 swojego pojazdu.<\/p>\n<p>Zainstaluj silnik Torp Motors TM 25 i do\u015bwiadczaj jazdy na Surron Light Bee na zupe\u0142nie nowym poziomie. Odkryj moc, dynamik\u0119 i nieograniczone mo\u017cliwo\u015bci tego zaawansowanego silnika elektrycznego.<\/p>\n<p><span>Silnik TORP TM25 zosta\u0142 opracowany z my\u015bl\u0105 o sterownikach Torp, silnik ten mo\u017cna z \u0142atwo\u015bci\u0105 u\u017cywa\u0107 ze sterownikami innych marek, a tak\u017ce montowa\u0107 w r\u00f3\u017cnych pojazdach.<\/span><\/p>\n<p><em><strong>Waga 9.8 kg<\/strong><\/em><\/p>\n<p><em><strong>Moment Obrotowy 57Nm<\/strong><\/em><\/p>\n<p><em><strong>Moc szczytowa 25kW<\/strong><\/em><\/p>\n<p><span>OPRACOWANE DLA SURRON LIGHTBEE, Z MO\u017bLIWO\u015aCIAMI MONTA\u017bU DLA INNYCH POJAZD\u00d3W<\/span><\/p>\n<p><span>TM25 jest kompatybilny ze sterownikiem TC500 w wersji sprz\u0119towej 1.3 i nowszej<\/span><\/p>\n","protected":false},"excerpt":{"rendered":"<p>Silnik Surron Light Bee <strong>25kW<\/strong><\/p>\n","protected":false},"featured_media":2031,"comment_status":"open","ping_status":"closed","template":"","meta":[],"product_brand":[],"product_cat":[29,24],"product_tag":[],"class_list":{"0":"post-947","1":"product","2":"type-product","3":"status-publish","4":"has-post-thumbnail","6":"product_cat-modyfikacje-surron-light-bee","7":"product_cat-silniki","9":"first","10":"onbackorder","11":"taxable","12":"shipping-taxable","13":"purchasable","14":"product-type-simple"},"jetpack_sharing_enabled":true,"_links":{"self":[{"href":"https:\/\/www.raptore-bajk.pl\/index.php\/wp-json\/wp\/v2\/product\/947","targetHints":{"allow":["GET"]}}],"collection":[{"href":"https:\/\/www.raptore-bajk.pl\/index.php\/wp-json\/wp\/v2\/product"}],"about":[{"href":"https:\/\/www.raptore-bajk.pl\/index.php\/wp-json\/wp\/v2\/types\/product"}],"replies":[{"embeddable":true,"href":"https:\/\/www.raptore-bajk.pl\/index.php\/wp-json\/wp\/v2\/comments?post=947"}],"wp:featuredmedia":[{"embeddable":true,"href":"https:\/\/www.raptore-bajk.pl\/index.php\/wp-json\/wp\/v2\/media\/2031"}],"wp:attachment":[{"href":"https:\/\/www.raptore-bajk.pl\/index.php\/wp-json\/wp\/v2\/media?parent=947"}],"wp:term":[{"taxonomy":"product_brand","embeddable":true,"href":"https:\/\/www.raptore-bajk.pl\/index.php\/wp-json\/wp\/v2\/product_brand?post=947"},{"taxonomy":"product_cat","embeddable":true,"href":"https:\/\/www.raptore-bajk.pl\/index.php\/wp-json\/wp\/v2\/product_cat?post=947"},{"taxonomy":"product_tag","embeddable":true,"href":"https:\/\/www.raptore-bajk.pl\/index.php\/wp-json\/wp\/v2\/product_tag?post=947"}],"curies":[{"name":"wp","href":"https:\/\/api.w.org\/{rel}","templated":true}]}}