{"id":847,"date":"2023-08-21T22:25:30","date_gmt":"2023-08-21T20:25:30","guid":{"rendered":"http:\/\/www.raptore-bajk.pl\/?post_type=product&#038;p=847"},"modified":"2024-02-12T21:50:17","modified_gmt":"2024-02-12T20:50:17","slug":"serwis-surron","status":"publish","type":"product","link":"https:\/\/www.raptore-bajk.pl\/index.php\/produkt\/serwis-surron\/","title":{"rendered":"Serwis Surron"},"content":{"rendered":"<p>Zaanga\u017cuj si\u0119 w bezpieczn\u0105 i efektywn\u0105 jazd\u0119 z naszym kompleksowym serwisem i przegl\u0105dami SurRon. Dedykujemy si\u0119 pe\u0142nej trosce o Tw\u00f3j pojazd, oferuj\u0105c szeroki zakres us\u0142ug.<\/p>\n<p>Nasi do\u015bwiadczeni technicy przeprowadz\u0105 szczeg\u00f3\u0142owe sprawdzenie i ewentualn\u0105 wymian\u0119 po\u0142\u0105cze\u0144 ruchomych w zawieszeniu, oceni\u0105 stan k\u00f3\u0142, \u0142o\u017cysk i zu\u017cycie nap\u0119du. Dodatkowo, dok\u0142adnie sprawdz\u0105 stan akumulatora, zapewniaj\u0105c pewno\u015b\u0107 co do jego wydajno\u015bci. Nasz test akumulatora z wydrukiem pojemno\u015bci to gwarancja, \u017ce Twoje SurRon b\u0119dzie gotowe do d\u0142ugich i bezpiecznych przeja\u017cd\u017cek. Oddaj nam swoje zaufanie, a my zadbasz o ka\u017cdy detal Twojego pojazdu.<\/p>\n<p>&nbsp;<\/p>\n<ul>\n<li>Sprawdzenie i ew. wymiana po\u0142\u0105cze\u0144 ruchomych w zawieszeniu<\/li>\n<li>Sprawdzenie stanu k\u00f3\u0142<\/li>\n<li>Sprawdzenie \u0142o\u017cysk<\/li>\n<li>Sprawdzenie zu\u017cycia nap\u0119du<\/li>\n<li>Sprawdzenie stanu Akumulatora<\/li>\n<li>Test Akumulatora z wydrukiem pojemno\u015b\u0107<\/li>\n<\/ul>\n<p><img loading=\"lazy\" decoding=\"async\" src=\"http:\/\/www.raptore-bajk.pl\/wp-content\/uploads\/2023\/08\/IMG_20230725_122745-1.jpg\" alt=\"\" width=\"1\" height=\"1\" class=\"alignleft size-medium wp-image-859\" \/><img loading=\"lazy\" decoding=\"async\" src=\"http:\/\/www.raptore-bajk.pl\/wp-content\/uploads\/2023\/08\/IMG_20230725_122745-1.jpg\" alt=\"\" width=\"1\" height=\"1\" class=\"alignleft size-medium wp-image-859\" \/><\/p>\n<p><img loading=\"lazy\" decoding=\"async\" src=\"http:\/\/www.raptore-bajk.pl\/wp-content\/uploads\/2023\/08\/IMG_20230714_104003-1-225x300.jpg\" alt=\"\" width=\"126\" height=\"168\" class=\"alignleft wp-image-856\" srcset=\"https:\/\/www.raptore-bajk.pl\/wp-content\/uploads\/2023\/08\/IMG_20230714_104003-1-225x300.jpg 225w, https:\/\/www.raptore-bajk.pl\/wp-content\/uploads\/2023\/08\/IMG_20230714_104003-1-768x1024.jpg 768w, https:\/\/www.raptore-bajk.pl\/wp-content\/uploads\/2023\/08\/IMG_20230714_104003-1-1152x1536.jpg 1152w, https:\/\/www.raptore-bajk.pl\/wp-content\/uploads\/2023\/08\/IMG_20230714_104003-1-1536x2048.jpg 1536w, https:\/\/www.raptore-bajk.pl\/wp-content\/uploads\/2023\/08\/IMG_20230714_104003-1-600x800.jpg 600w, https:\/\/www.raptore-bajk.pl\/wp-content\/uploads\/2023\/08\/IMG_20230714_104003-1-scaled.jpg 1920w\" sizes=\"auto, (max-width: 126px) 100vw, 126px\" \/><img loading=\"lazy\" decoding=\"async\" src=\"http:\/\/www.raptore-bajk.pl\/wp-content\/uploads\/2023\/08\/IMG_20230725_122745-1.jpg\" alt=\"\" width=\"1\" height=\"1\" class=\"alignleft size-medium wp-image-859\" \/><\/p>\n<p>&nbsp;<\/p>\n<p>&nbsp;<\/p>\n<p>&nbsp;<\/p>\n<p>&nbsp;<\/p>\n<p>&nbsp;<\/p>\n<p><strong><em> Napisz do nas raptrorebajk@wp.pl\u00a0 \u00a0 i um\u00f3w si\u0119 na wygodny dla ciebie termin<\/em><\/strong><\/p>\n<p>&nbsp;<\/p>\n<p>&nbsp;<\/p>\n","protected":false},"excerpt":{"rendered":"<p>Zaanga\u017cuj si\u0119 w bezpieczn\u0105 i efektywn\u0105 jazd\u0119 z naszym kompleksowym serwisem i przegl\u0105dami SurRon. Dedykujemy si\u0119 pe\u0142nej trosce o Tw\u00f3j pojazd, oferuj\u0105c szeroki zakres us\u0142ug. Nasi do\u015bwiadczeni technicy przeprowadz\u0105 szczeg\u00f3\u0142owe sprawdzenie i ewentualn\u0105 wymian\u0119 po\u0142\u0105cze\u0144 ruchomych w zawieszeniu, oceni\u0105 stan k\u00f3\u0142, \u0142o\u017cysk i zu\u017cycie nap\u0119du. Dodatkowo, dok\u0142adnie sprawdz\u0105 stan akumulatora, [&hellip;]<\/p>\n","protected":false},"featured_media":852,"comment_status":"open","ping_status":"closed","template":"","meta":[],"product_brand":[],"product_cat":[22],"product_tag":[],"class_list":{"0":"post-847","1":"product","2":"type-product","3":"status-publish","4":"has-post-thumbnail","6":"product_cat-serwis","8":"first","9":"instock","10":"taxable","11":"shipping-taxable","12":"product-type-simple"},"jetpack_sharing_enabled":true,"_links":{"self":[{"href":"https:\/\/www.raptore-bajk.pl\/index.php\/wp-json\/wp\/v2\/product\/847","targetHints":{"allow":["GET"]}}],"collection":[{"href":"https:\/\/www.raptore-bajk.pl\/index.php\/wp-json\/wp\/v2\/product"}],"about":[{"href":"https:\/\/www.raptore-bajk.pl\/index.php\/wp-json\/wp\/v2\/types\/product"}],"replies":[{"embeddable":true,"href":"https:\/\/www.raptore-bajk.pl\/index.php\/wp-json\/wp\/v2\/comments?post=847"}],"wp:featuredmedia":[{"embeddable":true,"href":"https:\/\/www.raptore-bajk.pl\/index.php\/wp-json\/wp\/v2\/media\/852"}],"wp:attachment":[{"href":"https:\/\/www.raptore-bajk.pl\/index.php\/wp-json\/wp\/v2\/media?parent=847"}],"wp:term":[{"taxonomy":"product_brand","embeddable":true,"href":"https:\/\/www.raptore-bajk.pl\/index.php\/wp-json\/wp\/v2\/product_brand?post=847"},{"taxonomy":"product_cat","embeddable":true,"href":"https:\/\/www.raptore-bajk.pl\/index.php\/wp-json\/wp\/v2\/product_cat?post=847"},{"taxonomy":"product_tag","embeddable":true,"href":"https:\/\/www.raptore-bajk.pl\/index.php\/wp-json\/wp\/v2\/product_tag?post=847"}],"curies":[{"name":"wp","href":"https:\/\/api.w.org\/{rel}","templated":true}]}}