{"id":831,"date":"2023-07-31T22:09:32","date_gmt":"2023-07-31T20:09:32","guid":{"rendered":"http:\/\/www.raptore-bajk.pl\/?post_type=product&#038;p=831"},"modified":"2024-02-12T21:12:05","modified_gmt":"2024-02-12T20:12:05","slug":"naped-bafang-bbs02-750w","status":"publish","type":"product","link":"https:\/\/www.raptore-bajk.pl\/index.php\/produkt\/naped-bafang-bbs02-750w\/","title":{"rendered":"Nap\u0119d Bafang BBS02 750W"},"content":{"rendered":"<p><strong>Nap\u0119d elektryczny Bafang BBS02 Middrive<\/strong> o mocy 750W to innowacyjne rozwi\u0105zanie, kt\u00f3re przenosi tradycyjny rower na nowy poziom wydajno\u015bci. Umieszczony w centralnej cz\u0119\u015bci ramy, ten nap\u0119d middrive oferuje r\u00f3wnomiern\u0105 moc o warto\u015bci 750W, zapewniaj\u0105c dynamiczn\u0105 i efektywn\u0105 jazd\u0119. Dzi\u0119ki zastosowaniu technologii middrive, moc jest przenoszona na koron\u0119, co umo\u017cliwia efektywne pokonywanie r\u00f3\u017cnorodnych teren\u00f3w. Bafang BBS02 750W to idealne rozwi\u0105zanie dla entuzjast\u00f3w rower\u00f3w, kt\u00f3rzy chc\u0105 cieszy\u0107 si\u0119 zaletami elektrycznego nap\u0119du, zachowuj\u0105c przy tym naturalne uczucie peda\u0142owania. \u0141atwy monta\u017c sprawia, \u017ce jest to doskona\u0142a opcja dla tych, kt\u00f3rzy chc\u0105 zelektryfikowa\u0107 swoje obecne rowerowe\u00a0do\u015bwiadczenie.<\/p>\n<p>Zestaw do konwersji roweru elektrycznego BAFANG BBS02 750W 48V\\52V<\/p>\n<p><span>W\u00a0 zestawie silnik typu\u00a0<\/span><strong>MidDrive,<\/strong><span>\u00a0jest wyposa\u017cony w z\u0119bat\u0105 przek\u0142adni\u0119\u00a0 o prze\u0142o\u017ceniu 22 i jest montowany\u00a0<\/span><strong>centralnie w suporcie<span>\u00a0<\/span><\/strong><strong>ramy<\/strong><span>. Takie rozwi\u0105zanie powoduje, \u017ce rower po przer\u00f3bce zachowuje swoj\u0105 naturaln\u0105 charakterystyk\u0119. Zamontowany zestaw nie stawia opor\u00f3w podczas jazdy.<\/span><\/p>\n<p>Zalet\u0105 jest bardzo \u0142atwy monta\u017c, dzi\u0119ki kt\u00f3remu zamontujemy nap\u0119d nawet do 3h<\/p>\n<p><strong>Parametry techniczne<\/strong><\/p>\n<table>\n<tbody>\n<tr>\n<td><span>Parametr<\/span><\/td>\n<td><span>Warto\u015b\u0107<\/span><\/td>\n<\/tr>\n<tr>\n<td>Napi\u0119cie<\/td>\n<td>48V\\52V<\/td>\n<\/tr>\n<tr>\n<td>Moc nominalna\/maksymalna<\/td>\n<td>750W\/1320W<\/td>\n<\/tr>\n<tr>\n<td>Sterownik<\/td>\n<td>25A 48V sinus<\/td>\n<\/tr>\n<tr>\n<td>Waga<\/td>\n<td>4,3 kg<\/td>\n<\/tr>\n<tr>\n<td>Max. pr\u0119dko\u015b\u0107 jazdy dla ko\u0142a 28\u2033<\/td>\n<td>~60 km\/h<\/td>\n<\/tr>\n<tr>\n<td>Moment obrotowy<\/td>\n<td>120 Nm<\/td>\n<\/tr>\n<tr>\n<td>Z\u0119batka<\/td>\n<td>44\\52t<\/td>\n<\/tr>\n<tr>\n<td><span>D\u0142ugo\u015b\u0107 monta\u017cowa suportu<\/span><\/td>\n<td>68\\73mm<\/td>\n<\/tr>\n<tr>\n<td>Zasi\u0119g do<\/td>\n<td>70km<\/td>\n<\/tr>\n<tr>\n<td><span>LCD kolorowy\u00a0<\/span><\/td>\n<td><span><\/span>500c<\/td>\n<\/tr>\n<tr>\n<td>Czujniki Hamowania<\/td>\n<td>Magnetyczne\/Klamki<\/td>\n<\/tr>\n<\/tbody>\n<\/table>\n","protected":false},"excerpt":{"rendered":"<p>Zestaw Nap\u0119dowy bez Akumulatora<\/p>\n","protected":false},"featured_media":832,"comment_status":"open","ping_status":"closed","template":"","meta":[],"product_brand":[],"product_cat":[27],"product_tag":[],"class_list":{"0":"post-831","1":"product","2":"type-product","3":"status-publish","4":"has-post-thumbnail","6":"product_cat-zestaw-napedowy","8":"first","9":"instock","10":"taxable","11":"shipping-taxable","12":"purchasable","13":"product-type-simple"},"jetpack_sharing_enabled":true,"_links":{"self":[{"href":"https:\/\/www.raptore-bajk.pl\/index.php\/wp-json\/wp\/v2\/product\/831","targetHints":{"allow":["GET"]}}],"collection":[{"href":"https:\/\/www.raptore-bajk.pl\/index.php\/wp-json\/wp\/v2\/product"}],"about":[{"href":"https:\/\/www.raptore-bajk.pl\/index.php\/wp-json\/wp\/v2\/types\/product"}],"replies":[{"embeddable":true,"href":"https:\/\/www.raptore-bajk.pl\/index.php\/wp-json\/wp\/v2\/comments?post=831"}],"wp:featuredmedia":[{"embeddable":true,"href":"https:\/\/www.raptore-bajk.pl\/index.php\/wp-json\/wp\/v2\/media\/832"}],"wp:attachment":[{"href":"https:\/\/www.raptore-bajk.pl\/index.php\/wp-json\/wp\/v2\/media?parent=831"}],"wp:term":[{"taxonomy":"product_brand","embeddable":true,"href":"https:\/\/www.raptore-bajk.pl\/index.php\/wp-json\/wp\/v2\/product_brand?post=831"},{"taxonomy":"product_cat","embeddable":true,"href":"https:\/\/www.raptore-bajk.pl\/index.php\/wp-json\/wp\/v2\/product_cat?post=831"},{"taxonomy":"product_tag","embeddable":true,"href":"https:\/\/www.raptore-bajk.pl\/index.php\/wp-json\/wp\/v2\/product_tag?post=831"}],"curies":[{"name":"wp","href":"https:\/\/api.w.org\/{rel}","templated":true}]}}