{"id":825,"date":"2023-07-15T08:36:32","date_gmt":"2023-07-15T06:36:32","guid":{"rendered":"http:\/\/www.raptore-bajk.pl\/?post_type=product&#038;p=825"},"modified":"2024-02-12T21:14:56","modified_gmt":"2024-02-12T20:14:56","slug":"sterowniki-accelerated-systems-inc-bac","status":"publish","type":"product","link":"https:\/\/www.raptore-bajk.pl\/index.php\/produkt\/sterowniki-accelerated-systems-inc-bac\/","title":{"rendered":"Sterowniki Accelerated Systems Inc BAC"},"content":{"rendered":"<figure class=\"wp-block-image size-large is-resized\"><figcaption class=\"wp-element-caption\"><strong><em>Jeste\u015bmy oficjalnym dystrybutorem sterownik\u00f3w ASI BAC<\/em><\/strong><\/figcaption><\/figure>\n<p>Zaawansowane sterowniki Asi, stworzone przez Accelerated Systems Inc. (ASI), to technologiczne arcydzie\u0142o, oferuj\u0105ce precyzyjn\u0105 kontrol\u0119 nad elektrycznymi nap\u0119dami. Opracowane przez do\u015bwiadczonych in\u017cynier\u00f3w, sterowniki ASI wyr\u00f3\u017cniaj\u0105 si\u0119 zaawansowanymi funkcjami, umo\u017cliwiaj\u0105c u\u017cytkownikom dostosowanie parametr\u00f3w nap\u0119du do w\u0142asnych preferencji. Dzi\u0119ki innowacyjnym rozwi\u0105zaniom, te sterowniki zapewniaj\u0105 efektywno\u015b\u0107, wydajno\u015b\u0107 i niezawodno\u015b\u0107, co przek\u0142ada si\u0119 na dynamiczn\u0105 jazd\u0119 i zadowolenie z u\u017cytkowania pojazdu. Sterowniki Asi od Accelerated Systems Inc. to doskona\u0142y wyb\u00f3r dla os\u00f3b, kt\u00f3re ceni\u0105 zaawansowan\u0105 technologi\u0119 i pe\u0142n\u0105 kontrol\u0119 nad do\u015bwiadczeniem jazdy elektrycznym\u00a0pojazdem.<\/p>\n<p>W naszej ofercie znajduj\u0105 si\u0119 do wyboru modele<\/p>\n<p>ASI BAC8000 840A<\/p>\n<p>ASI BAC4000 430A<\/p>\n<p>ASI BAC200 200A<\/p>\n<p>Controller BAC to kompaktowy, wysokowydajny sterownik silnika elektrycznego \/ falownik.\u00a0Jednostki te s\u0105 zoptymalizowane pod k\u0105tem najnowszej technologii akumulator\u00f3w litowo-jonowych i wykorzystuj\u0105 najnowsze sterowanie wektorowe zorientowane na pole (FOC), a tak\u017ce zastrze\u017cony algorytm adaptacyjnego bezczujnikowego sterowania silnikiem firmy ASI.\u00a0Kontrolery ASI posiadaj\u0105 funkcj\u0119 automatycznego dostrajania i s\u0105 w stanie zapewni\u0107 do 120% znamionowego maksymalnego momentu obrotowego silnika z zablokowanym wirnikiem bez potrzeby stosowania skomplikowanych czujnik\u00f3w po\u0142o\u017cenia.<\/p>\n<p>Sterowniki ASI wymagaj\u0105 indywidualnej wyceny dla twojego E- pojazdu<\/p>\n<p>Je\u015bli jeste\u015b zainteresowany sterownikiem\u00a0 ASI BAC Napisz do nas <a href=\"http:\/\/www.raptore-bajk.pl\/index.php\/kontakt\/\"><em><strong>E-mail<\/strong><\/em><\/a> w tej sprawie, do jakiego pojazdu chcia\u0142 by\u015b zastosowa\u0107 sterownik, a my zrobimy wycen\u0119.<\/p>\n<p>&nbsp;<\/p>\n<p><img loading=\"lazy\" decoding=\"async\" src=\"http:\/\/www.raptore-bajk.pl\/wp-content\/uploads\/2023\/06\/controller_4000-2400px-300x206.jpg\" alt=\"\" width=\"300\" height=\"206\" class=\"alignleft size-medium wp-image-749\" srcset=\"https:\/\/www.raptore-bajk.pl\/wp-content\/uploads\/2023\/06\/controller_4000-2400px-300x206.jpg 300w, https:\/\/www.raptore-bajk.pl\/wp-content\/uploads\/2023\/06\/controller_4000-2400px-600x412.jpg 600w, https:\/\/www.raptore-bajk.pl\/wp-content\/uploads\/2023\/06\/controller_4000-2400px-1024x703.jpg 1024w, https:\/\/www.raptore-bajk.pl\/wp-content\/uploads\/2023\/06\/controller_4000-2400px-768x527.jpg 768w, https:\/\/www.raptore-bajk.pl\/wp-content\/uploads\/2023\/06\/controller_4000-2400px-1536x1055.jpg 1536w, https:\/\/www.raptore-bajk.pl\/wp-content\/uploads\/2023\/06\/controller_4000-2400px-2048x1406.jpg 2048w\" sizes=\"auto, (max-width: 300px) 100vw, 300px\" \/><\/p>\n","protected":false},"excerpt":{"rendered":"<p>Jeste\u015bmy oficjalnym dystrybutorem sterownik\u00f3w ASI BAC Zaawansowane sterowniki Asi, stworzone przez Accelerated Systems Inc. (ASI), to technologiczne arcydzie\u0142o, oferuj\u0105ce precyzyjn\u0105 kontrol\u0119 nad elektrycznymi nap\u0119dami. Opracowane przez do\u015bwiadczonych in\u017cynier\u00f3w, sterowniki ASI wyr\u00f3\u017cniaj\u0105 si\u0119 zaawansowanymi funkcjami, umo\u017cliwiaj\u0105c u\u017cytkownikom dostosowanie parametr\u00f3w nap\u0119du do w\u0142asnych preferencji. Dzi\u0119ki innowacyjnym rozwi\u0105zaniom, te sterowniki zapewniaj\u0105 efektywno\u015b\u0107, wydajno\u015b\u0107 [&hellip;]<\/p>\n","protected":false},"featured_media":749,"comment_status":"open","ping_status":"closed","template":"","meta":[],"product_brand":[],"product_cat":[28],"product_tag":[],"class_list":{"0":"post-825","1":"product","2":"type-product","3":"status-publish","4":"has-post-thumbnail","6":"product_cat-sterownik","8":"first","9":"instock","10":"taxable","11":"shipping-taxable","12":"product-type-simple"},"jetpack_sharing_enabled":true,"_links":{"self":[{"href":"https:\/\/www.raptore-bajk.pl\/index.php\/wp-json\/wp\/v2\/product\/825","targetHints":{"allow":["GET"]}}],"collection":[{"href":"https:\/\/www.raptore-bajk.pl\/index.php\/wp-json\/wp\/v2\/product"}],"about":[{"href":"https:\/\/www.raptore-bajk.pl\/index.php\/wp-json\/wp\/v2\/types\/product"}],"replies":[{"embeddable":true,"href":"https:\/\/www.raptore-bajk.pl\/index.php\/wp-json\/wp\/v2\/comments?post=825"}],"wp:featuredmedia":[{"embeddable":true,"href":"https:\/\/www.raptore-bajk.pl\/index.php\/wp-json\/wp\/v2\/media\/749"}],"wp:attachment":[{"href":"https:\/\/www.raptore-bajk.pl\/index.php\/wp-json\/wp\/v2\/media?parent=825"}],"wp:term":[{"taxonomy":"product_brand","embeddable":true,"href":"https:\/\/www.raptore-bajk.pl\/index.php\/wp-json\/wp\/v2\/product_brand?post=825"},{"taxonomy":"product_cat","embeddable":true,"href":"https:\/\/www.raptore-bajk.pl\/index.php\/wp-json\/wp\/v2\/product_cat?post=825"},{"taxonomy":"product_tag","embeddable":true,"href":"https:\/\/www.raptore-bajk.pl\/index.php\/wp-json\/wp\/v2\/product_tag?post=825"}],"curies":[{"name":"wp","href":"https:\/\/api.w.org\/{rel}","templated":true}]}}