{"id":809,"date":"2023-07-13T22:28:32","date_gmt":"2023-07-13T20:28:32","guid":{"rendered":"http:\/\/www.raptore-bajk.pl\/?post_type=product&#038;p=809"},"modified":"2026-04-13T07:51:44","modified_gmt":"2026-04-13T05:51:44","slug":"akumulator-e-bike-hilong-48v-175ah","status":"publish","type":"product","link":"https:\/\/www.raptore-bajk.pl\/index.php\/produkt\/akumulator-e-bike-hilong-48v-175ah\/","title":{"rendered":"Akumulator e-bike Hilong 48v 17,5Ah USB"},"content":{"rendered":"<p>Akumulator Li-ion 48V i pojemno\u015bci 840Wh i pr\u0105dzie 30A, z zastosowaniem markowych ogniw, zosta\u0142 starannie zgrzewany w Polsce przy u\u017cyciu wysokiej jako\u015bci \u0142\u0105cznik\u00f3w z czystego niklu. Ten zaawansowany akumulator zapewnia nie tylko solidny zasi\u0119g i d\u0142ugotrwa\u0142\u0105 moc dzi\u0119ki napi\u0119ciu 48V i pojemno\u015bci 17.5Ah, ale tak\u017ce gwarantuje niezawodno\u015b\u0107 i trwa\u0142o\u015b\u0107 dzi\u0119ki starannej konstrukcji. Wykorzystanie markowych ogniw oraz precyzyjne zgrzewanie z czystego niklu podkre\u015blaj\u0105 jego wysok\u0105 jako\u015b\u0107, co sprawia, \u017ce jest to idealne rozwi\u0105zanie dla rowerzyst\u00f3w, kt\u00f3rzy ceni\u0105 sobie nie tylko wydajno\u015b\u0107, ale tak\u017ce lokaln\u0105 produkcj\u0119 i staranno\u015b\u0107 w detalach.<\/p>\n<p>Akumulator w obudowie Hilong o konfiguracji 13s5p<br \/>\n48 V\u00a017,5 Ah Li-ion i\u00a0max. 30A wersja 65 ogniw<br \/>\nAkumulator z\u0142o\u017cony na nowych ogniwach LG Mj1 3500mAh<br \/>\nPrzypuszczalny\u00a0zasi\u0119g to oko\u0142o\u00a080 km<\/p>\n<p><span>Do akumulatora zaprojektowali\u015bmy Odpowiedni\u0105 ta\u015bm\u0119 \u201d\u0142\u0105czniki\u201d niklow\u0105, kt\u00f3ra jest ci\u0119ta technologi\u0105 laserow\u0105, Co wyr\u00f3\u017cnia nasze produkty na rynku z innymi konkurencyjnymi firmami. Nasze \u0142\u0105czniki bardzo dobrze przenosz\u0105 pr\u0105d bez \u017cadnych strat czy r\u00f3wnie\u017c niepotrzebnego\u00a0 nagrzewania ogniw, Za czym idzie zwi\u0119kszenie wydajno\u015bci Akumulatora.<\/span><br \/>\n<span>Akumulator jest wykonany Na najwy\u017cszym poziomie. Z wykorzystaniem Najnowszych technologii i rozwi\u0105za\u0144<\/span><\/p>\n<p><span>\u0141adowarka 4A <\/span><span>z wentylatorem w zestawie <strong>XLR 3pin<\/strong><\/span><br \/>\n<span>waga akumulatora 4 Kg<\/span><br \/>\n<span>Akumulator pasuje niemal do ka\u017cdego roweru, kt\u00f3ry posiada mocowanie na Bidon. Jest przystosowany do sterownika oraz zestaw\u00f3w max.\u00a0<\/span><span class=\"hiddenSpellError\" onkeypress=\"MORFOLOGIK_RULE_PL_PL---#---undefined---#---Wykryto prawdopodobny b\u0142\u0105d pisowni---#---1600W.---#------#---1600W\">1600W<\/span><span>.<\/span><\/p>\n<p><span>Do jego monta\u017cu nie trzeba nic przerabia\u0107, idealnie pasuje w obecne \u015bruby montuj\u0105ce bidon ! A w szynie s\u0105 cztery mo\u017cliwo\u015bci przykr\u0119cenia.<\/span><br \/>\n<span>Akumulator w ka\u017cdej chwili mo\u017cesz wypi\u0105\u0107 i wzi\u0105\u0107 ze sob\u0105 gdzie tylko\u00a0<\/span><span>chcesz. Wystarczy przekr\u0119ci\u0107 kluczyk i wyj\u0105\u0107 akumulator<\/span><span>.<\/span><span>\u00a0To proste!!<\/span><br \/>\n<span>Dodatkowo w akumulatorach naszej Firmy jest dzia\u0142aj\u0105cy w\u0142\u0105cznik of\/<\/span><span>on, kt\u00f3ry<\/span><span>\u00a0w\u0142\u0105cza lub wy\u0142\u0105cza akumulator, dzi\u0119ki niemu nie ma iskrzenia podczas wk\u0142adania go w szyn\u0119.<\/span><br \/>\n<span>TEGO NIE ZNAJDZIESZ U INNYCH\u00a0<\/span><span>SPRZEDAWC\u00d3W, Je\u017celi<\/span><span>\u00a0Budujesz sw\u00f3j rower elektryczny i nie\u00a0<\/span><span>chcesz, aby<\/span><span>\u00a0wyr\u00f3\u017cni\u0142 si\u0119 z t\u0142umu<\/span><span>,<\/span><span> to ten akumulator jest w\u0142a\u015bnie dla ciebie\u00a0<\/span><\/p>\n<p><img loading=\"lazy\" decoding=\"async\" src=\"http:\/\/www.raptore-bajk.pl\/wp-content\/uploads\/2023\/07\/hiii-300x300.jpg\" alt=\"\" width=\"300\" height=\"300\" class=\"alignleft size-medium wp-image-815\" srcset=\"https:\/\/www.raptore-bajk.pl\/wp-content\/uploads\/2023\/07\/hiii-300x300.jpg 300w, https:\/\/www.raptore-bajk.pl\/wp-content\/uploads\/2023\/07\/hiii-150x150.jpg 150w, https:\/\/www.raptore-bajk.pl\/wp-content\/uploads\/2023\/07\/hiii-768x768.jpg 768w, https:\/\/www.raptore-bajk.pl\/wp-content\/uploads\/2023\/07\/hiii-600x600.jpg 600w, https:\/\/www.raptore-bajk.pl\/wp-content\/uploads\/2023\/07\/hiii-160x160.jpg 160w, https:\/\/www.raptore-bajk.pl\/wp-content\/uploads\/2023\/07\/hiii.jpg 800w\" sizes=\"auto, (max-width: 300px) 100vw, 300px\" \/><\/p>\n<p>&nbsp;<\/p>\n<p><img loading=\"lazy\" decoding=\"async\" src=\"http:\/\/www.raptore-bajk.pl\/wp-content\/uploads\/2023\/07\/hilong-wymiary-300x300.jpg\" alt=\"\" width=\"300\" height=\"300\" class=\"alignleft size-medium wp-image-812\" srcset=\"https:\/\/www.raptore-bajk.pl\/wp-content\/uploads\/2023\/07\/hilong-wymiary-300x300.jpg 300w, https:\/\/www.raptore-bajk.pl\/wp-content\/uploads\/2023\/07\/hilong-wymiary-150x150.jpg 150w, https:\/\/www.raptore-bajk.pl\/wp-content\/uploads\/2023\/07\/hilong-wymiary-768x768.jpg 768w, https:\/\/www.raptore-bajk.pl\/wp-content\/uploads\/2023\/07\/hilong-wymiary-600x600.jpg 600w, https:\/\/www.raptore-bajk.pl\/wp-content\/uploads\/2023\/07\/hilong-wymiary-160x160.jpg 160w, https:\/\/www.raptore-bajk.pl\/wp-content\/uploads\/2023\/07\/hilong-wymiary.jpg 800w\" sizes=\"auto, (max-width: 300px) 100vw, 300px\" \/><\/p>\n<p><img loading=\"lazy\" decoding=\"async\" src=\"http:\/\/www.raptore-bajk.pl\/wp-content\/uploads\/2023\/07\/hillong-144x300.jpg\" alt=\"\" width=\"144\" height=\"300\" class=\"alignleft size-medium wp-image-811\" srcset=\"https:\/\/www.raptore-bajk.pl\/wp-content\/uploads\/2023\/07\/hillong-144x300.jpg 144w, https:\/\/www.raptore-bajk.pl\/wp-content\/uploads\/2023\/07\/hillong.jpg 352w\" sizes=\"auto, (max-width: 144px) 100vw, 144px\" \/><\/p>\n","protected":false},"excerpt":{"rendered":"<p>Akumulator Hilong<\/p>\n","protected":false},"featured_media":813,"comment_status":"open","ping_status":"closed","template":"","meta":[],"product_brand":[],"product_cat":[18],"product_tag":[],"class_list":{"0":"post-809","1":"product","2":"type-product","3":"status-publish","4":"has-post-thumbnail","6":"product_cat-akumulatory","8":"first","9":"onbackorder","10":"taxable","11":"shipping-taxable","12":"purchasable","13":"product-type-simple"},"jetpack_sharing_enabled":true,"_links":{"self":[{"href":"https:\/\/www.raptore-bajk.pl\/index.php\/wp-json\/wp\/v2\/product\/809","targetHints":{"allow":["GET"]}}],"collection":[{"href":"https:\/\/www.raptore-bajk.pl\/index.php\/wp-json\/wp\/v2\/product"}],"about":[{"href":"https:\/\/www.raptore-bajk.pl\/index.php\/wp-json\/wp\/v2\/types\/product"}],"replies":[{"embeddable":true,"href":"https:\/\/www.raptore-bajk.pl\/index.php\/wp-json\/wp\/v2\/comments?post=809"}],"wp:featuredmedia":[{"embeddable":true,"href":"https:\/\/www.raptore-bajk.pl\/index.php\/wp-json\/wp\/v2\/media\/813"}],"wp:attachment":[{"href":"https:\/\/www.raptore-bajk.pl\/index.php\/wp-json\/wp\/v2\/media?parent=809"}],"wp:term":[{"taxonomy":"product_brand","embeddable":true,"href":"https:\/\/www.raptore-bajk.pl\/index.php\/wp-json\/wp\/v2\/product_brand?post=809"},{"taxonomy":"product_cat","embeddable":true,"href":"https:\/\/www.raptore-bajk.pl\/index.php\/wp-json\/wp\/v2\/product_cat?post=809"},{"taxonomy":"product_tag","embeddable":true,"href":"https:\/\/www.raptore-bajk.pl\/index.php\/wp-json\/wp\/v2\/product_tag?post=809"}],"curies":[{"name":"wp","href":"https:\/\/api.w.org\/{rel}","templated":true}]}}