{"id":806,"date":"2023-07-13T22:10:36","date_gmt":"2023-07-13T20:10:36","guid":{"rendered":"http:\/\/www.raptore-bajk.pl\/?post_type=product&#038;p=806"},"modified":"2025-10-01T11:08:42","modified_gmt":"2025-10-01T09:08:42","slug":"806","status":"publish","type":"product","link":"https:\/\/www.raptore-bajk.pl\/index.php\/produkt\/806\/","title":{"rendered":"\u0141adowarka Li-ion 16s 67.2V 10A"},"content":{"rendered":"<p>\u0141adowarka Li-ion 67.2 10A to praktyczne i efektywne rozwi\u0105zanie do \u0142adowania akumulator\u00f3w litowo-jonowych o napi\u0119ciu 67.2V. Z pr\u0105dowym wyj\u015bciem o warto\u015bci 10A, ta \u0142adowarka umo\u017cliwia szybkie i skuteczne na\u0142adowanie akumulatora. Dzi\u0119ki zastosowaniu bezpiecznych mechanizm\u00f3w, zapewnia nie tylko skuteczno\u015b\u0107 \u0142adowania, ale tak\u017ce ochron\u0119 przed przegrzewaniem, przepi\u0119ciami i zwarciem. To kompaktowe urz\u0105dzenie jest \u0142atwe w obs\u0142udze, co sprawia, \u017ce jest idealne zar\u00f3wno dla do\u015bwiadczonych u\u017cytkownik\u00f3w, jak i tych, kt\u00f3rzy dopiero zaczynaj\u0105 swoj\u0105 przygod\u0119 z elektrycznymi \u017ar\u00f3d\u0142ami zasilania. \u0141adowarka Li-ion 54.6V 10A to niezawodne narz\u0119dzie do utrzymania pe\u0142nej energii w akumulatorze.<\/p>\n<p><span>Specyfikacja produktu<\/span><br \/>\n<span>Napi\u0119cie wej\u015bciowe: AC 180V-240V 50\/60Hz<\/span><br \/>\n<span>Wyj\u015bcie: 67.2V 10A<\/span><br \/>\n<span>Moc: 672W<\/span><br \/>\n<span>Napi\u0119cie wej\u015bciowe: 180-240V<\/span><br \/>\n<span>Najwy\u017csze napi\u0119cie wyj\u015bciowe: 67.2V +\/-0,2vdc<\/span><br \/>\n<span>Temperatura robocza\/wilgotno\u015b\u0107: -10 \u00b0C-50 \u00b0C,20%-90% wilgotno\u015bci wzgl\u0119dnej<\/span><br \/>\n<span>Temperatura przechowywania\/wilgotno\u015b\u0107 podczas pracy: od-10 \u00b0C-60 \u00b0C,20%-90% wilgotno\u015bci wzgl\u0119dnej<\/span><br \/>\n<span>Wtyczka \u0142adowania: wtyczka US \/ EU<\/span><br \/>\n<span>Z\u0142\u0105cze: wtyczka XLR\/XT90 do wyboru<\/span><br \/>\n<span>Standard bezpiecze\u0144stwa: CE, FCC, RoHS<\/span><br \/>\n<span>Wydajno\u015b\u0107: &gt;93%<\/span><br \/>\n<span>Materia\u0142: aluminium<\/span><br \/>\n<span>Rozmiar: jak pokazano na rysunku<\/span><br \/>\n<span>Nadaje si\u0119 do: akumulatora litowego 60V 16S<\/span><\/p>\n<p><img loading=\"lazy\" decoding=\"async\" src=\"http:\/\/www.raptore-bajk.pl\/wp-content\/uploads\/2023\/07\/16s-10A-300x229.jpg\" alt=\"\" width=\"300\" height=\"229\" class=\"alignleft size-medium wp-image-808\" srcset=\"https:\/\/www.raptore-bajk.pl\/wp-content\/uploads\/2023\/07\/16s-10A-300x229.jpg 300w, https:\/\/www.raptore-bajk.pl\/wp-content\/uploads\/2023\/07\/16s-10A-768x587.jpg 768w, https:\/\/www.raptore-bajk.pl\/wp-content\/uploads\/2023\/07\/16s-10A-600x459.jpg 600w, https:\/\/www.raptore-bajk.pl\/wp-content\/uploads\/2023\/07\/16s-10A.jpg 798w\" sizes=\"auto, (max-width: 300px) 100vw, 300px\" \/><\/p>\n","protected":false},"excerpt":{"rendered":"<p>\u0141adowarka Li-ion 67.2 10A to praktyczne i efektywne rozwi\u0105zanie do \u0142adowania akumulator\u00f3w litowo-jonowych o napi\u0119ciu 67.2V. Z pr\u0105dowym wyj\u015bciem o warto\u015bci 10A, ta \u0142adowarka umo\u017cliwia szybkie i skuteczne na\u0142adowanie akumulatora. Dzi\u0119ki zastosowaniu bezpiecznych mechanizm\u00f3w, zapewnia nie tylko skuteczno\u015b\u0107 \u0142adowania, ale tak\u017ce ochron\u0119 przed przegrzewaniem, przepi\u0119ciami i zwarciem. To kompaktowe urz\u0105dzenie [&hellip;]<\/p>\n","protected":false},"featured_media":807,"comment_status":"open","ping_status":"closed","template":"","meta":[],"product_brand":[],"product_cat":[26],"product_tag":[],"class_list":{"0":"post-806","1":"product","2":"type-product","3":"status-publish","4":"has-post-thumbnail","6":"product_cat-ladowarki","8":"first","9":"outofstock","10":"taxable","11":"shipping-taxable","12":"purchasable","13":"product-type-simple"},"jetpack_sharing_enabled":true,"_links":{"self":[{"href":"https:\/\/www.raptore-bajk.pl\/index.php\/wp-json\/wp\/v2\/product\/806","targetHints":{"allow":["GET"]}}],"collection":[{"href":"https:\/\/www.raptore-bajk.pl\/index.php\/wp-json\/wp\/v2\/product"}],"about":[{"href":"https:\/\/www.raptore-bajk.pl\/index.php\/wp-json\/wp\/v2\/types\/product"}],"replies":[{"embeddable":true,"href":"https:\/\/www.raptore-bajk.pl\/index.php\/wp-json\/wp\/v2\/comments?post=806"}],"wp:featuredmedia":[{"embeddable":true,"href":"https:\/\/www.raptore-bajk.pl\/index.php\/wp-json\/wp\/v2\/media\/807"}],"wp:attachment":[{"href":"https:\/\/www.raptore-bajk.pl\/index.php\/wp-json\/wp\/v2\/media?parent=806"}],"wp:term":[{"taxonomy":"product_brand","embeddable":true,"href":"https:\/\/www.raptore-bajk.pl\/index.php\/wp-json\/wp\/v2\/product_brand?post=806"},{"taxonomy":"product_cat","embeddable":true,"href":"https:\/\/www.raptore-bajk.pl\/index.php\/wp-json\/wp\/v2\/product_cat?post=806"},{"taxonomy":"product_tag","embeddable":true,"href":"https:\/\/www.raptore-bajk.pl\/index.php\/wp-json\/wp\/v2\/product_tag?post=806"}],"curies":[{"name":"wp","href":"https:\/\/api.w.org\/{rel}","templated":true}]}}