{"id":805,"date":"2023-07-13T22:00:43","date_gmt":"2023-07-13T20:00:43","guid":{"rendered":"http:\/\/www.raptore-bajk.pl\/?post_type=product&#038;p=805"},"modified":"2025-07-30T16:48:35","modified_gmt":"2025-07-30T14:48:35","slug":"ladowarka-li-ion-13s-54-6v-5a","status":"publish","type":"product","link":"https:\/\/www.raptore-bajk.pl\/index.php\/produkt\/ladowarka-li-ion-13s-54-6v-5a\/","title":{"rendered":"\u0141adowarka Li-ion 13s 54.6V 5A"},"content":{"rendered":"<p>\u0141adowarka Li-ion to praktyczne i efektywne rozwi\u0105zanie do \u0142adowania akumulator\u00f3w litowo-jonowych o napi\u0119ciu 54.6V. Z pr\u0105dowym wyj\u015bciem o warto\u015bci 5A, ta \u0142adowarka umo\u017cliwia szybkie i skuteczne na\u0142adowanie akumulatora. Dzi\u0119ki zastosowaniu bezpiecznych mechanizm\u00f3w, zapewnia nie tylko skuteczno\u015b\u0107 \u0142adowania, ale tak\u017ce ochron\u0119 przed przegrzewaniem, przepi\u0119ciami i zwarciem. To kompaktowe urz\u0105dzenie jest \u0142atwe w obs\u0142udze, co sprawia, \u017ce jest idealne zar\u00f3wno dla do\u015bwiadczonych u\u017cytkownik\u00f3w, jak i tych, kt\u00f3rzy dopiero zaczynaj\u0105 swoj\u0105 przygod\u0119 z elektrycznymi \u017ar\u00f3d\u0142ami zasilania. \u0141adowarka Li-ion 54.6V 5A to niezawodne narz\u0119dzie do utrzymania pe\u0142nej energii w akumulatorze.<\/p>\n<p>Automatyczna \u0142adowarka do akumulator\u00f3w Li-ion\u00a0 z wbudowanym cichym wentylatorem.<\/p>\n<p>Dane techniczne<\/p>\n<p>Max. pr\u0105d 5A<\/p>\n<p>Napi\u0119cie ko\u0144cowe 54.6V<\/p>\n<p>Wtyk DC 5.5\/2.1mm<\/p>\n<p>Zasilanie EU 230V<\/p>\n<p>Waga 400g<\/p>\n<p>Wymiary ok.\u00a0 23\\8\\12cm<\/p>\n<ul>\n<li align=\"start\"><span>Ochrona przed zwarciem<\/span><\/li>\n<li align=\"start\"><span>Zabezpieczenie nadpr\u0105dowe<\/span><\/li>\n<li align=\"start\"><span>Ochrona napi\u0119cia<\/span><\/li>\n<li align=\"start\"><span>Odwrotna polaryzacja ochrony<\/span><\/li>\n<li align=\"start\"><span>Ochrona przed przegrzaniem<\/span><\/li>\n<\/ul>\n","protected":false},"excerpt":{"rendered":"<p>\u0141adowarka Li-ion to praktyczne i efektywne rozwi\u0105zanie do \u0142adowania akumulator\u00f3w litowo-jonowych o napi\u0119ciu 54.6V. Z pr\u0105dowym wyj\u015bciem o warto\u015bci 5A, ta \u0142adowarka umo\u017cliwia szybkie i skuteczne na\u0142adowanie akumulatora. Dzi\u0119ki zastosowaniu bezpiecznych mechanizm\u00f3w, zapewnia nie tylko skuteczno\u015b\u0107 \u0142adowania, ale tak\u017ce ochron\u0119 przed przegrzewaniem, przepi\u0119ciami i zwarciem. To kompaktowe urz\u0105dzenie jest \u0142atwe [&hellip;]<\/p>\n","protected":false},"featured_media":802,"comment_status":"open","ping_status":"closed","template":"","meta":[],"product_brand":[],"product_cat":[26],"product_tag":[],"class_list":{"0":"post-805","1":"product","2":"type-product","3":"status-publish","4":"has-post-thumbnail","6":"product_cat-ladowarki","8":"first","9":"instock","10":"taxable","11":"shipping-taxable","12":"purchasable","13":"product-type-simple"},"jetpack_sharing_enabled":true,"_links":{"self":[{"href":"https:\/\/www.raptore-bajk.pl\/index.php\/wp-json\/wp\/v2\/product\/805","targetHints":{"allow":["GET"]}}],"collection":[{"href":"https:\/\/www.raptore-bajk.pl\/index.php\/wp-json\/wp\/v2\/product"}],"about":[{"href":"https:\/\/www.raptore-bajk.pl\/index.php\/wp-json\/wp\/v2\/types\/product"}],"replies":[{"embeddable":true,"href":"https:\/\/www.raptore-bajk.pl\/index.php\/wp-json\/wp\/v2\/comments?post=805"}],"wp:featuredmedia":[{"embeddable":true,"href":"https:\/\/www.raptore-bajk.pl\/index.php\/wp-json\/wp\/v2\/media\/802"}],"wp:attachment":[{"href":"https:\/\/www.raptore-bajk.pl\/index.php\/wp-json\/wp\/v2\/media?parent=805"}],"wp:term":[{"taxonomy":"product_brand","embeddable":true,"href":"https:\/\/www.raptore-bajk.pl\/index.php\/wp-json\/wp\/v2\/product_brand?post=805"},{"taxonomy":"product_cat","embeddable":true,"href":"https:\/\/www.raptore-bajk.pl\/index.php\/wp-json\/wp\/v2\/product_cat?post=805"},{"taxonomy":"product_tag","embeddable":true,"href":"https:\/\/www.raptore-bajk.pl\/index.php\/wp-json\/wp\/v2\/product_tag?post=805"}],"curies":[{"name":"wp","href":"https:\/\/api.w.org\/{rel}","templated":true}]}}