{"id":803,"date":"2023-07-13T21:57:17","date_gmt":"2023-07-13T19:57:17","guid":{"rendered":"http:\/\/www.raptore-bajk.pl\/?post_type=product&#038;p=803"},"modified":"2026-05-09T23:31:25","modified_gmt":"2026-05-09T21:31:25","slug":"manetka-gazu-surron","status":"publish","type":"product","link":"https:\/\/www.raptore-bajk.pl\/index.php\/produkt\/manetka-gazu-surron\/","title":{"rendered":"Manetka Gazu Surron"},"content":{"rendered":"<ul class=\"specification--list--fiWsSyv\">\n<li class=\"specification--line--iUJOqof\">\n<div class=\"specification--prop--RejitI8\">\n<div class=\"specification--title--UbVeyic\" data-spm-anchor-id=\"a2g0o.detail.0.i6.199aVe9BVe9BKq\"><span>Rodzaj materia\u0142u <\/span><span>Aluminum + plastic<\/span><\/div>\n<\/div>\n<div class=\"specification--prop--RejitI8\">\n<div class=\"specification--title--UbVeyic\"><span>\u00a0waga <\/span><span>0.16kg<\/span><\/div>\n<\/div>\n<\/li>\n<li class=\"specification--line--iUJOqof\">\n<div class=\"specification--prop--RejitI8\">\n<div class=\"specification--title--UbVeyic\"><span>Wysoko\u015b\u0107 produktu <\/span><span>5cm<\/span><\/div>\n<div class=\"specification--title--UbVeyic\">Szeroko\u015b\u0107 produktu 10cm<\/div>\n<\/div>\n<\/li>\n<li class=\"specification--line--iUJOqof\">\n<div class=\"specification--prop--RejitI8\">\n<div class=\"specification--title--UbVeyic\"><span>D\u0142ugo\u015b\u0107 produktu <\/span><span>20cm<\/span><\/div>\n<\/div>\n<div class=\"specification--prop--RejitI8\">\n<div class=\"specification--title--UbVeyic\"><span>zamiennik wysokiej klasy\u00a0<\/span><\/div>\n<div class=\"specification--title--UbVeyic\"><span>Sur-Ron Surron Light Bee S X\u00a0 oraz Ultra bee<\/span><\/div>\n<div><\/div>\n<div><strong>Zamiennik wysokiej klasy\u00a0<\/strong><\/div>\n<\/div>\n<\/li>\n<\/ul>\n","protected":false},"excerpt":{"rendered":"<p>Zamiennik wysokiej klasy<\/p>\n","protected":false},"featured_media":804,"comment_status":"open","ping_status":"closed","template":"","meta":[],"product_brand":[],"product_cat":[40,29,17],"product_tag":[],"class_list":{"0":"post-803","1":"product","2":"type-product","3":"status-publish","4":"has-post-thumbnail","6":"product_cat-czesci","7":"product_cat-modyfikacje-surron-light-bee","8":"product_cat-bez-kategorii","10":"first","11":"instock","12":"sale","13":"taxable","14":"shipping-taxable","15":"purchasable","16":"product-type-simple"},"jetpack_sharing_enabled":true,"_links":{"self":[{"href":"https:\/\/www.raptore-bajk.pl\/index.php\/wp-json\/wp\/v2\/product\/803","targetHints":{"allow":["GET"]}}],"collection":[{"href":"https:\/\/www.raptore-bajk.pl\/index.php\/wp-json\/wp\/v2\/product"}],"about":[{"href":"https:\/\/www.raptore-bajk.pl\/index.php\/wp-json\/wp\/v2\/types\/product"}],"replies":[{"embeddable":true,"href":"https:\/\/www.raptore-bajk.pl\/index.php\/wp-json\/wp\/v2\/comments?post=803"}],"wp:featuredmedia":[{"embeddable":true,"href":"https:\/\/www.raptore-bajk.pl\/index.php\/wp-json\/wp\/v2\/media\/804"}],"wp:attachment":[{"href":"https:\/\/www.raptore-bajk.pl\/index.php\/wp-json\/wp\/v2\/media?parent=803"}],"wp:term":[{"taxonomy":"product_brand","embeddable":true,"href":"https:\/\/www.raptore-bajk.pl\/index.php\/wp-json\/wp\/v2\/product_brand?post=803"},{"taxonomy":"product_cat","embeddable":true,"href":"https:\/\/www.raptore-bajk.pl\/index.php\/wp-json\/wp\/v2\/product_cat?post=803"},{"taxonomy":"product_tag","embeddable":true,"href":"https:\/\/www.raptore-bajk.pl\/index.php\/wp-json\/wp\/v2\/product_tag?post=803"}],"curies":[{"name":"wp","href":"https:\/\/api.w.org\/{rel}","templated":true}]}}