{"id":733,"date":"2023-06-05T21:57:20","date_gmt":"2023-06-05T19:57:20","guid":{"rendered":"http:\/\/www.raptore-bajk.pl\/?post_type=product&#038;p=733"},"modified":"2026-04-07T10:13:36","modified_gmt":"2026-04-07T08:13:36","slug":"torp-kontroler-500-surron-lite-bee-segway-x260","status":"publish","type":"product","link":"https:\/\/www.raptore-bajk.pl\/index.php\/produkt\/torp-kontroler-500-surron-lite-bee-segway-x260\/","title":{"rendered":"Torp Kontroler TC500 2.X Surron Light Bee\\ Segway X260"},"content":{"rendered":"<p><em><strong>Jeste\u015bmy Oficjalnym Dystrybutorem Produkt\u00f3w TORP w Polsce<\/strong><\/em><\/p>\n<p><b>Kontroler TORP TC500 2.X \u2013 Profesjonalna kontrola mocy dla e-motocykli SurRon i Talaria<\/b><br \/>\nKontroler TORP TC500 2.X to nowoczesne i niezwykle wydajne rozwi\u0105zanie dla u\u017cytkownik\u00f3w e-motocykli SurRon, Segway oraz Talaria, kt\u00f3rzy oczekuj\u0105 najwy\u017cszej kontroli, stabilno\u015bci i wzrostu mocy bez komplikacji monta\u017cowych. To urz\u0105dzenie typu <b>plug &amp; play,<\/b> wst\u0119pnie skalibrowane i kompatybilne z seryjnym BMS oraz wy\u015bwietlaczem, dzi\u0119ki czemu zapewnia maksimum mocy przy zachowaniu bezpiecze\u0144stwa i wysokiej niezawodno\u015bci.<br \/>\nZaawansowane sterowanie wektorowe (FOC), inteligentna komunikacja Bluetooth oraz regularne aktualizacje oprogramowania sprawiaj\u0105, \u017ce TC500 2.X wyznacza standard w kategorii kontroler\u00f3w do e-motocykli.<br \/>\n<b><\/b><\/p>\n<p><b>W ZESTAWIE:<\/b><\/p>\n<ul>\n<li>1\u00d7 Kontroler TC500 (wersja 2.X)<\/li>\n<li>1\u00d7 Wi\u0105zka przewod\u00f3w<\/li>\n<li>1\u00d7 Os\u0142ona plastikowa<\/li>\n<li>\u015aruby i narz\u0119dzia potrzebne do monta\u017cu<\/li>\n<li>4\u00d7 Naklejki<\/li>\n<li>1\u00d7 Opakowanie smaru silikonowego<\/li>\n<li>Kr\u00f3tka instrukcja<\/li>\n<\/ul>\n<p><b><\/b><b>DANE TECHNICZNE:<\/b><\/p>\n<ul>\n<li>Sterowanie zorientowane na pole (FOC)<\/li>\n<li>Obs\u0142ugiwane baterie: od 60 V do 80 V nominalnie (22S \/ 92,4 V w pe\u0142ni na\u0142adowane)<\/li>\n<li>Maksymalna moc: 25 kW*<\/li>\n<li>Tryby sterowania: czujnikowe (enkoder HALL) oraz bezczujnikowe<\/li>\n<li>Maksymalny pr\u0105d baterii: 350 A*<\/li>\n<\/ul>\n<p>*W po\u0142\u0105czeniu ze standardowym silnikiem elektrycznym SurRon, maksymalna moc wynosi 17 kW. W po\u0142\u0105czeniu ze standardowym silnikiem elektrycznym Talaria MX4, maksymalna moc wynosi 18 kW. W po\u0142\u0105czeniu z silnikiem TM25, maksymalna moc wynosi 25 kW.<\/p>\n<ul>\n<li>Maksymalny pr\u0105d fazowy: 500 A<\/li>\n<li>Sprawno\u015b\u0107: do 99%<\/li>\n<li>Temperatura pracy: od \u201315\u00b0C do +75\u00b0C<\/li>\n<li>Komunikacja: Bluetooth<\/li>\n<li>Wst\u0119pnie skalibrowany \u2013 nie wymaga dodatkowych czynno\u015bci<\/li>\n<li>Zabezpieczenia:<br \/>\n-przed przet\u0119\u017ceniem<br \/>\n-przed przepi\u0119ciem<br \/>\n-przed pod napi\u0119ciem<br \/>\n-przed przegrzaniem<\/li>\n<li>Komunikacja z seryjnym BMS<\/li>\n<li>R\u00f3\u017cne tryby hamowania regeneracyjnego i konfiguracji przepustnicy<\/li>\n<li>Waga: 1 kg<\/li>\n<li>Kompatybilno\u015b\u0107: aplikacja mobilna<span style=\"color: #ff0000;\"> (<a href=\"https:\/\/apps.apple.com\/hr\/app\/torp-controller\/id1582449662\">iOS<\/a> \/ <a href=\"https:\/\/play.google.com\/store\/apps\/details?id=torp.torpcontroller\">Android<\/a>),<\/span> seryjny wy\u015bwietlacz SurRon<\/li>\n<li>Klasa ochrony: IP67*<\/li>\n<li>Regularne aktualizacje firmware<\/li>\n<\/ul>\n<p><b>Maksymalna osi\u0105galna moc w po\u0142\u0105czeniu z r\u00f3\u017cnymi silnikami:<\/b><\/p>\n<ul>\n<li>SurRon (standardowy silnik): do 17 kW<\/li>\n<li>Talaria MX4 (standardowy silnik): do 18 kW<\/li>\n<\/ul>\n<p>TM25: do 25 kW<br \/>\n*Warto\u015bci mog\u0105 r\u00f3\u017cni\u0107 si\u0119 w zale\u017cno\u015bci od konfiguracji baterii oraz warunk\u00f3w pracy.<\/p>\n<p><b>Informacja dotycz\u0105ca wodoodporno\u015bci (wa\u017cne):<\/b><br \/>\nKontrolery TORP posiadaj\u0105 klas\u0119 ochrony<b> IP67<\/b>, co czyni sam modu\u0142 wysokowodoodpornym. <b>Nale\u017cy jednak pami\u0119ta\u0107, \u017ce wi\u0105zki przewod\u00f3w kontrolera oraz przewody w motocyklu NIE s\u0105 wodoodporne.<\/b><br \/>\nAby zapewni\u0107 bezpiecze\u0144stwo i niezawodno\u015b\u0107: przy ka\u017cdej ekspozycji na wilgo\u0107 lub wod\u0119 nale\u017cy obowi\u0105zkowo u\u017cy\u0107 <b>smaru dielektrycznego<\/b> na wszystkich z\u0142\u0105czach, kontrolery nie s\u0105 przeznaczone do jazdy w warunkach d\u0142ugotrwa\u0142ego lub cz\u0119stego zanurzenia (strumienie, rzeki, zalane tereny).<\/p>\n<p><b>Gwarancja nie obejmuje uszkodze\u0144 wynikaj\u0105cych z nara\u017cenia urz\u0105dzenia na intensywny kontakt z wod\u0105<\/b> ani naturalnej degradacji uszczelek i element\u00f3w, kt\u00f3ra mo\u017ce wyst\u0105pi\u0107 z czasem.<\/p>\n<div class=\"et_pb_column et_pb_column_1_3 et_pb_column_32 et_pb_css_mix_blend_mode_passthrough\">\n<div class=\"et_pb_module et_pb_text et_pb_text_24 et_pb_text_align_left et_pb_bg_layout_light\">\n<div class=\"et_pb_text_inner\">\n<p><span><img loading=\"lazy\" decoding=\"async\" src=\"http:\/\/www.raptore-bajk.pl\/wp-content\/uploads\/2023\/06\/TC500-LIGHT-BEE-KIT-300x200.jpg\" alt=\"\" width=\"300\" height=\"200\" class=\"alignleft wp-image-2023 size-medium\" srcset=\"https:\/\/www.raptore-bajk.pl\/wp-content\/uploads\/2023\/06\/TC500-LIGHT-BEE-KIT-300x200.jpg 300w, https:\/\/www.raptore-bajk.pl\/wp-content\/uploads\/2023\/06\/TC500-LIGHT-BEE-KIT-1024x683.jpg 1024w, https:\/\/www.raptore-bajk.pl\/wp-content\/uploads\/2023\/06\/TC500-LIGHT-BEE-KIT-768x512.jpg 768w, https:\/\/www.raptore-bajk.pl\/wp-content\/uploads\/2023\/06\/TC500-LIGHT-BEE-KIT-1536x1024.jpg 1536w, https:\/\/www.raptore-bajk.pl\/wp-content\/uploads\/2023\/06\/TC500-LIGHT-BEE-KIT-360x240.jpg 360w, https:\/\/www.raptore-bajk.pl\/wp-content\/uploads\/2023\/06\/TC500-LIGHT-BEE-KIT-600x400.jpg 600w, https:\/\/www.raptore-bajk.pl\/wp-content\/uploads\/2023\/06\/TC500-LIGHT-BEE-KIT.jpg 2048w\" sizes=\"auto, (max-width: 300px) 100vw, 300px\" \/><\/span><a href=\"https:\/\/drive.google.com\/file\/d\/1vGZe8yLcJHoDohRxzCgdlu7jUVAhuIay\/view?usp=drive_link\"><em><strong>INSTRUKCJA<\/strong><\/em><\/a><\/p>\n<\/div>\n<\/div>\n<\/div>\n<div class=\"et_pb_column et_pb_column_1_3 et_pb_column_34 et_pb_css_mix_blend_mode_passthrough et-last-child\">\n<div class=\"et_pb_module et_pb_text et_pb_text_26 et_pb_text_align_left et_pb_bg_layout_light\">\n<p>&nbsp;<\/p>\n<p>&nbsp;<\/p>\n<p>&nbsp;<\/p>\n<p>&nbsp;<\/p>\n<p>&nbsp;<\/p>\n<p style=\"text-align: left;\"><strong>Jaka moc przy danej konfiguracji\u00a0<\/strong><\/p>\n<\/div>\n<table border=\"1\">\n<tbody>\n<tr>\n<td><span dir=\"auto\">Kontroler seryjny + akumulator seryjny<\/span><\/td>\n<td><span dir=\"auto\">4,8 kW<\/span><\/td>\n<\/tr>\n<tr>\n<td><span dir=\"auto\">TC500 + akumulator standardowy (32 Ah \/ 34 Ah \/ 40 Ah)<\/span><\/td>\n<td><span dir=\"auto\">7 kW<\/span><\/td>\n<\/tr>\n<tr>\n<td><span dir=\"auto\">TC500 + akumulator standardowy 38 Ah (<span>\u00a0<\/span><\/span><a href=\"https:\/\/www.torpmotors.com\/38ah\/\"><span dir=\"auto\">w zale\u017cno\u015bci od producenta akumulatora<\/span><\/a><span dir=\"auto\"><span>\u00a0<\/span>)<\/span><\/td>\n<td><span dir=\"auto\">8,5 kW<\/span><\/td>\n<\/tr>\n<tr>\n<td><span dir=\"auto\">TC500 + niestandardowy akumulator 60 V<\/span><\/td>\n<td><span dir=\"auto\">13,5 kW<\/span><\/td>\n<\/tr>\n<tr>\n<td><span dir=\"auto\">TC500 + niestandardowy akumulator 72 V<\/span><\/td>\n<td><span dir=\"auto\">17 kW<\/span><\/td>\n<\/tr>\n<tr>\n<td><span dir=\"auto\">TC500+niestandardowy akumulator 72 V +<span>\u00a0<\/span><\/span><a href=\"https:\/\/www.raptore-bajk.pl\/index.php\/produkt\/silnik-torp-tm25-surron-lite-bee\/\"><span dir=\"auto\">TM25<\/span><\/a><\/td>\n<td><span dir=\"auto\">27 kW<\/span><\/td>\n<\/tr>\n<tr>\n<td><span dir=\"auto\">TC500+niestandardowy akumulator 80 V +<span>\u00a0<\/span><\/span><a href=\"https:\/\/www.raptore-bajk.pl\/index.php\/produkt\/silnik-torp-tm25-surron-lite-bee\/\"><span dir=\"auto\">TM25<\/span><\/a><\/td>\n<td><span dir=\"auto\">30 kW<\/span><\/td>\n<\/tr>\n<\/tbody>\n<\/table>\n<\/div>\n","protected":false},"excerpt":{"rendered":"<p>Sterownik silnika Surron Light BEE Plug&amp;Play<\/p>\n<p><strong>DYSTYBUTOR<\/strong><\/p>\n","protected":false},"featured_media":2024,"comment_status":"open","ping_status":"closed","template":"","meta":[],"product_brand":[],"product_cat":[29,28],"product_tag":[],"class_list":{"0":"post-733","1":"product","2":"type-product","3":"status-publish","4":"has-post-thumbnail","6":"product_cat-modyfikacje-surron-light-bee","7":"product_cat-sterownik","9":"first","10":"instock","11":"taxable","12":"shipping-taxable","13":"purchasable","14":"product-type-simple"},"jetpack_sharing_enabled":true,"_links":{"self":[{"href":"https:\/\/www.raptore-bajk.pl\/index.php\/wp-json\/wp\/v2\/product\/733","targetHints":{"allow":["GET"]}}],"collection":[{"href":"https:\/\/www.raptore-bajk.pl\/index.php\/wp-json\/wp\/v2\/product"}],"about":[{"href":"https:\/\/www.raptore-bajk.pl\/index.php\/wp-json\/wp\/v2\/types\/product"}],"replies":[{"embeddable":true,"href":"https:\/\/www.raptore-bajk.pl\/index.php\/wp-json\/wp\/v2\/comments?post=733"}],"wp:featuredmedia":[{"embeddable":true,"href":"https:\/\/www.raptore-bajk.pl\/index.php\/wp-json\/wp\/v2\/media\/2024"}],"wp:attachment":[{"href":"https:\/\/www.raptore-bajk.pl\/index.php\/wp-json\/wp\/v2\/media?parent=733"}],"wp:term":[{"taxonomy":"product_brand","embeddable":true,"href":"https:\/\/www.raptore-bajk.pl\/index.php\/wp-json\/wp\/v2\/product_brand?post=733"},{"taxonomy":"product_cat","embeddable":true,"href":"https:\/\/www.raptore-bajk.pl\/index.php\/wp-json\/wp\/v2\/product_cat?post=733"},{"taxonomy":"product_tag","embeddable":true,"href":"https:\/\/www.raptore-bajk.pl\/index.php\/wp-json\/wp\/v2\/product_tag?post=733"}],"curies":[{"name":"wp","href":"https:\/\/api.w.org\/{rel}","templated":true}]}}