{"id":711,"date":"2023-05-26T23:21:33","date_gmt":"2023-05-26T21:21:33","guid":{"rendered":"http:\/\/www.raptore-bajk.pl\/?post_type=product&#038;p=711"},"modified":"2026-03-04T20:57:16","modified_gmt":"2026-03-04T19:57:16","slug":"zestaw-kit-surron-light-bee-16kw-3900w","status":"publish","type":"product","link":"https:\/\/www.raptore-bajk.pl\/index.php\/produkt\/zestaw-kit-surron-light-bee-16kw-3900w\/","title":{"rendered":"Zestaw Kit  SurRon Light Bee 60V 16kW+"},"content":{"rendered":"<p>Zestaw Surron Light Bee 60V 16kW to zaawansowane rozwi\u0105zanie dla entuzjast\u00f3w motocykli elektrycznych. Wyposa\u017cony w pot\u0119\u017cny nap\u0119d o mocy 16kW i napi\u0119ciu 60V, ten zestaw zapewnia imponuj\u0105ce osi\u0105gi, umo\u017cliwiaj\u0105c dynamiczn\u0105 i ekscytuj\u0105c\u0105 jazd\u0119. Surron Light Bee charakteryzuje si\u0119 zaawansowan\u0105 technologi\u0105, trwa\u0142\u0105 konstrukcj\u0105 oraz innowacyjnym designem. Zestaw ten jest idealny dla tych, kt\u00f3rzy szukaj\u0105 po\u0142\u0105czenia mocy, efektywno\u015bci i nowoczesno\u015bci w jednym kompakcyjnym motocyklu elektrycznym. Dzi\u0119ki wysokiemu poziomowi wydajno\u015bci, Surron Light Bee 60V 16kW dostarcza intensywne doznania podczas ka\u017cdej trasy.<\/p>\n<p><strong>Zestaw kit do Surron Light \u00a0Bee\u00a0\u00a0<\/strong><\/p>\n<p>Mamy do zaoferowania bardzo ciekawy zestaw modyfikacyjny do surron w kt\u00f3rego sk\u0142ad wchodzi:<\/p>\n<p>Akumulator Firmy <a href=\"http:\/\/www.raptore-bajk.pl\/index.php\/produkt\/akumulator-surron-60v-65ah\/\"><strong>RaptorE-bajk 16kW 65Ah 60V<\/strong><\/a><\/p>\n<p>Sterownik <strong>Torp 1000 50kW 48V-80V<\/strong><\/p>\n<p><a href=\"https:\/\/drive.google.com\/file\/d\/1vGZe8yLcJHoDohRxzCgdlu7jUVAhuIay\/view?usp=drive_link\"><strong>Instrukcja &lt;kliknij&gt;<\/strong><\/a><\/p>\n<p><a href=\"https:\/\/youtu.be\/ShLj6mLJRjs?si=YXPqbVHQ2M55ym8E\"><strong>Monta\u017c Akumulatora I sterownika Torp &lt;kliknij&gt;<\/strong><\/a><\/p>\n<p><strong>Dane Techniczne<\/strong><\/p>\n<div class=\"et_pb_column et_pb_column_1_3 et_pb_column_32 et_pb_css_mix_blend_mode_passthrough\">\n<div class=\"et_pb_module et_pb_text et_pb_text_24 et_pb_text_align_left et_pb_bg_layout_light\">\n<div class=\"et_pb_text_inner\">\n<ul>\n<li><span>Sterowanie zorientowane na pole (FOC)<\/span><\/li>\n<li><span>Obs\u0142ugiwane akumulatory: do 80V nominalnie 22S (92,4 V w pe\u0142ni na\u0142adowane)<\/span><\/li>\n<li><span>Maksymalna moc: 50kW*<\/span><\/li>\n<li><span>Sterowanie czujnikowe (enkoder HALL) i bezczujnikowe<\/span><\/li>\n<li><span>Maksymalny pr\u0105d akumulatora: 700 A<\/span><\/li>\n<li><span>Maksymalna faza pr\u0105d: 1000 A*<\/span><\/li>\n<li>Temperatura pracy: od -15 do 75 C\u00b0<\/li>\n<li>Komunikacja Bluetooth<\/li>\n<li>Wst\u0119pna kalibracja: nie wymaga dodatkowych czynno\u015bci<\/li>\n<li>Zabezpieczenia nadpr\u0105dowe, przepi\u0119ciowe, podnapi\u0119ciowe i przegrzane<\/li>\n<li>Komunikacja z fabrycznym BMS Akumulatora surron jak i lcd<\/li>\n<li>Mo\u017cliwo\u015b\u0107 dokupienia dedykowanego LCD Torp SW 102 mini<\/li>\n<li>R\u00f3\u017cne tryby hamowania regeneracyjnego i przepustnicy<\/li>\n<li>Waga: 1.2kg<\/li>\n<li>Funkcje: Aplikacja mobilna (IOS i Android), fabryczny wy\u015bwietlacz SurRon<\/li>\n<li>Klasa ochrony: IP67<\/li>\n<li>Regularne aktualizacje oprogramowania uk\u0142adowego<\/li>\n<\/ul>\n<\/div>\n<\/div>\n<\/div>\n<div class=\"et_pb_column et_pb_column_1_3 et_pb_column_34 et_pb_css_mix_blend_mode_passthrough et-last-child\">\n<div class=\"et_pb_module et_pb_text et_pb_text_26 et_pb_text_align_left et_pb_bg_layout_light\">\n<div class=\"et_pb_text_inner\">\n<p><span><strong>Akumulator<\/strong><\/span><\/p>\n<p><span> Li-ion Surron Light w trwa\u0142ej obudowie Custom<\/span><br \/>\n<span>60 V 65Ah 3900Wh Current 250A 300A peek<\/span><\/p>\n<p>Do naszego akumulatora zaprojektowali\u015bmy specjalne \u0142\u0105czniki miedziane o grubo\u015bci 0,3 mm, kt\u00f3re s\u0142u\u017c\u0105 do \u0142\u0105czenia ogniw. S\u0105 one precyzyjnie wycinane przy u\u017cyciu technologii laserowej, co wyr\u00f3\u017cnia nasze produkty na tle konkurencji. Nasze \u0142\u0105czniki charakteryzuj\u0105 si\u0119 doskona\u0142ym przewodnictwem pr\u0105du, minimalizuj\u0105c straty energii i zapobiegaj\u0105c nagrzewaniu ogniw. Dzi\u0119ki temu akumulator osi\u0105ga wysok\u0105 wydajno\u015b\u0107.<\/p>\n<p>Ca\u0142y proces produkcji akumulatora odbywa si\u0119 na najwy\u017cszym poziomie, z wykorzystaniem najnowocze\u015bniejszych technologii i innowacyjnych rozwi\u0105za\u0144, co gwarantuje jego niezawodno\u015b\u0107 i trwa\u0142o\u015b\u0107.<\/p>\n<p><span>Waga akumulatora 18 Kg<\/span><br \/>\n<span>Akumulator pasuje do ka\u017cdej wersji surrona\u00a0 Light Bee itp. Do zestawu do\u0142\u0105czamy dedykowane adaptery Klapki.<\/span><\/p>\n<p><strong>Zestaw zawiera<\/strong><\/p>\n<ul>\n<li>1x kontroler TC1000<\/li>\n<li>1x wi\u0105zka przewod\u00f3w + Nowe zasilanie\u00a0 sterownik-Akumulator<\/li>\n<li>1x plastikowa os\u0142ona<\/li>\n<li>\u015bruby i narz\u0119dzia potrzebne do instalacji<\/li>\n<li>Akumulator 60V 65Ah 300A<\/li>\n<li>kr\u00f3tka instrukcja<\/li>\n<\/ul>\n<p><strong><em>Mo\u017cliwo\u015b\u0107 monta\u017cu w naszym serwisie po uzgodnieniu\u00a0<\/em><\/strong><\/p>\n<\/div>\n<div class=\"et_pb_text_inner\">\n<p><strong>Czas oczekiwania na zestaw 14 &#8211; 30 Dni.<\/strong><\/p>\n<\/div>\n<\/div>\n<\/div>\n","protected":false},"excerpt":{"rendered":"<p><strong>Zestaw kit 16kW Surron Light Bee<\/strong><\/p>\n<p>Akumulator + Sterownik TC 1000<\/p>\n<p>&nbsp;<\/p>\n","protected":false},"featured_media":1901,"comment_status":"open","ping_status":"closed","template":"","meta":[],"product_brand":[],"product_cat":[29],"product_tag":[],"class_list":{"0":"post-711","1":"product","2":"type-product","3":"status-publish","4":"has-post-thumbnail","6":"product_cat-modyfikacje-surron-light-bee","8":"first","9":"instock","10":"taxable","11":"shipping-taxable","12":"purchasable","13":"product-type-simple"},"jetpack_sharing_enabled":true,"_links":{"self":[{"href":"https:\/\/www.raptore-bajk.pl\/index.php\/wp-json\/wp\/v2\/product\/711","targetHints":{"allow":["GET"]}}],"collection":[{"href":"https:\/\/www.raptore-bajk.pl\/index.php\/wp-json\/wp\/v2\/product"}],"about":[{"href":"https:\/\/www.raptore-bajk.pl\/index.php\/wp-json\/wp\/v2\/types\/product"}],"replies":[{"embeddable":true,"href":"https:\/\/www.raptore-bajk.pl\/index.php\/wp-json\/wp\/v2\/comments?post=711"}],"wp:featuredmedia":[{"embeddable":true,"href":"https:\/\/www.raptore-bajk.pl\/index.php\/wp-json\/wp\/v2\/media\/1901"}],"wp:attachment":[{"href":"https:\/\/www.raptore-bajk.pl\/index.php\/wp-json\/wp\/v2\/media?parent=711"}],"wp:term":[{"taxonomy":"product_brand","embeddable":true,"href":"https:\/\/www.raptore-bajk.pl\/index.php\/wp-json\/wp\/v2\/product_brand?post=711"},{"taxonomy":"product_cat","embeddable":true,"href":"https:\/\/www.raptore-bajk.pl\/index.php\/wp-json\/wp\/v2\/product_cat?post=711"},{"taxonomy":"product_tag","embeddable":true,"href":"https:\/\/www.raptore-bajk.pl\/index.php\/wp-json\/wp\/v2\/product_tag?post=711"}],"curies":[{"name":"wp","href":"https:\/\/api.w.org\/{rel}","templated":true}]}}