{"id":688,"date":"2023-04-27T09:39:24","date_gmt":"2023-04-27T07:39:24","guid":{"rendered":"http:\/\/www.raptore-bajk.pl\/?post_type=product&#038;p=688"},"modified":"2025-10-16T10:55:53","modified_gmt":"2025-10-16T08:55:53","slug":"akumulator-bidon-52v-25ah-21700","status":"publish","type":"product","link":"https:\/\/www.raptore-bajk.pl\/index.php\/produkt\/akumulator-bidon-52v-25ah-21700\/","title":{"rendered":"Akumulator bidon 52V 25Ah 21700"},"content":{"rendered":"<p>Akumulator Li-ion 52V i pojemno\u015bci 1300Wh i pr\u0105dzie 50A, z zastosowaniem markowych ogniw, zosta\u0142 starannie zgrzewany w Polsce przy u\u017cyciu wysokiej jako\u015bci \u0142\u0105cznik\u00f3w z czystego niklu. Ten zaawansowany akumulator zapewnia nie tylko solidny zasi\u0119g i d\u0142ugotrwa\u0142\u0105 moc dzi\u0119ki napi\u0119ciu 52V i pojemno\u015bci 25Ah, ale tak\u017ce gwarantuje niezawodno\u015b\u0107 i trwa\u0142o\u015b\u0107 dzi\u0119ki starannej konstrukcji. Wykorzystanie markowych ogniw oraz precyzyjne zgrzewanie z czystego niklu podkre\u015blaj\u0105 jego wysok\u0105 jako\u015b\u0107, co sprawia, \u017ce jest to idealne rozwi\u0105zanie dla rowerzyst\u00f3w, kt\u00f3rzy ceni\u0105 sobie nie tylko wydajno\u015b\u0107, ale tak\u017ce lokaln\u0105 produkcj\u0119 i staranno\u015b\u0107 w detalach.<\/p>\n<p>Akumulator w obudowie shark o konfiguracji 14s5p Model Polly DP-21700-7<\/p>\n<p>52V 25 Ah Li-ion i max. 50A<br \/>\nAkumulator z\u0142o\u017cony na nowych ogniwach LG M50LT 21700<br \/>\nPrzypuszczalny zasi\u0119g to oko\u0142o 150 km<\/p>\n<p><span>Do akumulatora zaprojektowali\u015bmy Odpowiedni\u0105 ta\u015bm\u0119 \u201d\u0142\u0105czniki\u201d niklow\u0105, kt\u00f3ra jest ci\u0119ta technologi\u0105 laserow\u0105, Co wyr\u00f3\u017cnia nasze produkty na rynku z innymi konkurencyjnymi firmami. Nasze \u0142\u0105czniki bardzo dobrze przenosz\u0105 pr\u0105d bez \u017cadnych strat, czy r\u00f3wnie\u017c niepotrzebnego\u00a0 nagrzewania ogniw. Za czym idzie zwi\u0119kszenie wydajno\u015bci Akumulatora.<\/span><br \/>\n<span>Akumulator jest wykonany Na najwy\u017cszym poziomie. Z wykorzystaniem Najnowszych technologii i rozwi\u0105za\u0144<\/span><\/p>\n<p><img loading=\"lazy\" decoding=\"async\" src=\"http:\/\/www.raptore-bajk.pl\/wp-content\/uploads\/2023\/04\/Bidon-52V-25Ah.png\" alt=\"\" width=\"805\" height=\"489\" class=\"aligncenter size-full wp-image-689\" srcset=\"https:\/\/www.raptore-bajk.pl\/wp-content\/uploads\/2023\/04\/Bidon-52V-25Ah.png 805w, https:\/\/www.raptore-bajk.pl\/wp-content\/uploads\/2023\/04\/Bidon-52V-25Ah-600x364.png 600w, https:\/\/www.raptore-bajk.pl\/wp-content\/uploads\/2023\/04\/Bidon-52V-25Ah-300x182.png 300w, https:\/\/www.raptore-bajk.pl\/wp-content\/uploads\/2023\/04\/Bidon-52V-25Ah-768x467.png 768w\" sizes=\"auto, (max-width: 805px) 100vw, 805px\" \/><\/p>\n<p><span>\u0141adowarka 3A\u00a0<\/span><span>z wentylatorem w zestawie<\/span><br \/>\n<span>waga akumulatora 5.5 Kg<\/span><br \/>\n<span>Akumulator pasuje niemal do ka\u017cdego roweru, kt\u00f3ry posiada mocowanie na Bidon. Jest przystosowany do sterownika oraz zestaw\u00f3w\u00a0<strong>max. 2100W<\/strong><\/span><\/p>\n<p><span>Do jego monta\u017cu nie trzeba nic przerabia\u0107, idealnie pasuje w obecne \u015bruby montuj\u0105ce bidon ! A w szynie s\u0105 cztery mo\u017cliwo\u015bci przykr\u0119cenia.<\/span><br \/>\n<span>Akumulator w ka\u017cdej chwili mo\u017cesz wypi\u0105\u0107 i wzi\u0105\u0107 ze sob\u0105 gdzie tylko\u00a0<\/span><span>chcesz. Wystarczy przekr\u0119ci\u0107 kluczyk i wyj\u0105\u0107 akumulator<\/span><span>.<\/span><span>\u00a0To proste!!<\/span><br \/>\n<span>Dodatkowo w akumulatorach naszej Firmy jest dzia\u0142aj\u0105cy w\u0142\u0105cznik of\/<\/span><span>on, kt\u00f3ry<\/span><span>\u00a0w\u0142\u0105cza lub wy\u0142\u0105cza akumulator, dzi\u0119ki niemu nie ma iskrzenia podczas wk\u0142adania go w szyn\u0119.<\/span><br \/>\n<span>TEGO NIE ZNAJDZIESZ U INNYCH\u00a0<\/span><span>SPRZEDAWC\u00d3W, Je\u017celi<\/span><span>\u00a0Budujesz sw\u00f3j rower elektryczny i nie\u00a0<\/span><span>chcesz, aby<\/span><span>\u00a0wyr\u00f3\u017cni\u0142 si\u0119 z t\u0142umu<\/span><span>,<\/span><span>\u00a0to ten akumulator jest w\u0142a\u015bnie dla ciebie !!<\/span><\/p>\n<p><span>W zestawie<\/span><\/p>\n<ul>\n<li>Akumulator 14s5p 25Ah 52V 21700<\/li>\n<li>Szyna mocuj\u0105ca ze z\u0142\u0105czem XT60\\90<\/li>\n<li>Dwa kluczyki<\/li>\n<li>Automatyczna \u0142adowarka 5A z wentylatorem<\/li>\n<\/ul>\n<p>&nbsp;<\/p>\n","protected":false},"excerpt":{"rendered":"<p><span>Akumulator Li-ion<\/span><\/p>\n","protected":false},"featured_media":1910,"comment_status":"open","ping_status":"closed","template":"","meta":[],"product_brand":[],"product_cat":[18],"product_tag":[],"class_list":{"0":"post-688","1":"product","2":"type-product","3":"status-publish","4":"has-post-thumbnail","6":"product_cat-akumulatory","8":"first","9":"instock","10":"taxable","11":"shipping-taxable","12":"purchasable","13":"product-type-simple"},"jetpack_sharing_enabled":true,"_links":{"self":[{"href":"https:\/\/www.raptore-bajk.pl\/index.php\/wp-json\/wp\/v2\/product\/688","targetHints":{"allow":["GET"]}}],"collection":[{"href":"https:\/\/www.raptore-bajk.pl\/index.php\/wp-json\/wp\/v2\/product"}],"about":[{"href":"https:\/\/www.raptore-bajk.pl\/index.php\/wp-json\/wp\/v2\/types\/product"}],"replies":[{"embeddable":true,"href":"https:\/\/www.raptore-bajk.pl\/index.php\/wp-json\/wp\/v2\/comments?post=688"}],"wp:featuredmedia":[{"embeddable":true,"href":"https:\/\/www.raptore-bajk.pl\/index.php\/wp-json\/wp\/v2\/media\/1910"}],"wp:attachment":[{"href":"https:\/\/www.raptore-bajk.pl\/index.php\/wp-json\/wp\/v2\/media?parent=688"}],"wp:term":[{"taxonomy":"product_brand","embeddable":true,"href":"https:\/\/www.raptore-bajk.pl\/index.php\/wp-json\/wp\/v2\/product_brand?post=688"},{"taxonomy":"product_cat","embeddable":true,"href":"https:\/\/www.raptore-bajk.pl\/index.php\/wp-json\/wp\/v2\/product_cat?post=688"},{"taxonomy":"product_tag","embeddable":true,"href":"https:\/\/www.raptore-bajk.pl\/index.php\/wp-json\/wp\/v2\/product_tag?post=688"}],"curies":[{"name":"wp","href":"https:\/\/api.w.org\/{rel}","templated":true}]}}