{"id":664,"date":"2023-02-17T21:26:03","date_gmt":"2023-02-17T20:26:03","guid":{"rendered":"http:\/\/www.raptore-bajk.pl\/?post_type=product&#038;p=664"},"modified":"2023-03-30T21:10:08","modified_gmt":"2023-03-30T19:10:08","slug":"664","status":"publish","type":"product","link":"https:\/\/www.raptore-bajk.pl\/index.php\/produkt\/664\/","title":{"rendered":"Sterownik Kelly KLS 4812s"},"content":{"rendered":"<p>Opis Produktu<\/p>\n<ul data-spm-anchor-id=\"a2g0o.detail.1000023.i1.3132289b9vgh9w\">\n<li><span>Kontroler fali sinusoidalnej, programowalny, z funkcj\u0105 regen<\/span><\/li>\n<li><span><\/span><span>Ograniczenie pr\u0105du silnika, 20 sekund: 120A<\/span><\/li>\n<li><span>Ograniczenie pr\u0105du silnika, ci\u0105g\u0142e: 50A<\/span><\/li>\n<li><span>Sonda termiczna: KTY83-122<\/span><\/li>\n<li><span>\u00a0Rozmiar kontrolera: 108mm * 78mm * 41mm<\/span><\/li>\n<li><span>Waga netto: 0.55kg<\/span><\/li>\n<li><span>\u00a0Wodoodporny IP54<\/span><\/li>\n<li><span>Napi\u0119cie pracy: 18 ~ 60V; Napi\u0119cie znamionowe: 24V ~ 48V<\/span><\/li>\n<li>W zestawie brak przewodu konfiguracyjnego PC<\/li>\n<\/ul>\n<p><img loading=\"lazy\" decoding=\"async\" src=\"http:\/\/www.raptore-bajk.pl\/wp-content\/uploads\/2023\/02\/kelly.jpg\" alt=\"\" width=\"704\" height=\"484\" class=\"aligncenter wp-image-665 size-full\" srcset=\"https:\/\/www.raptore-bajk.pl\/wp-content\/uploads\/2023\/02\/kelly.jpg 704w, https:\/\/www.raptore-bajk.pl\/wp-content\/uploads\/2023\/02\/kelly-600x413.jpg 600w, https:\/\/www.raptore-bajk.pl\/wp-content\/uploads\/2023\/02\/kelly-300x206.jpg 300w\" sizes=\"auto, (max-width: 704px) 100vw, 704px\" \/><\/p>\n<p><img loading=\"lazy\" decoding=\"async\" src=\"http:\/\/www.raptore-bajk.pl\/wp-content\/uploads\/2023\/02\/kostki-kelly-724x1024.jpg\" alt=\"\" width=\"724\" height=\"1024\" class=\"aligncenter wp-image-666 size-large\" srcset=\"https:\/\/www.raptore-bajk.pl\/wp-content\/uploads\/2023\/02\/kostki-kelly-724x1024.jpg 724w, https:\/\/www.raptore-bajk.pl\/wp-content\/uploads\/2023\/02\/kostki-kelly-600x849.jpg 600w, https:\/\/www.raptore-bajk.pl\/wp-content\/uploads\/2023\/02\/kostki-kelly-212x300.jpg 212w, https:\/\/www.raptore-bajk.pl\/wp-content\/uploads\/2023\/02\/kostki-kelly-768x1086.jpg 768w, https:\/\/www.raptore-bajk.pl\/wp-content\/uploads\/2023\/02\/kostki-kelly.jpg 794w\" sizes=\"auto, (max-width: 724px) 100vw, 724px\" \/><\/p>\n<p><img loading=\"lazy\" decoding=\"async\" src=\"http:\/\/www.raptore-bajk.pl\/wp-content\/uploads\/2023\/02\/kell-300x300.webp\" alt=\"\" width=\"300\" height=\"300\" class=\"aligncenter size-medium wp-image-667\" srcset=\"https:\/\/www.raptore-bajk.pl\/wp-content\/uploads\/2023\/02\/kell-300x300.webp 300w, https:\/\/www.raptore-bajk.pl\/wp-content\/uploads\/2023\/02\/kell-160x160.webp 160w, https:\/\/www.raptore-bajk.pl\/wp-content\/uploads\/2023\/02\/kell-600x600.webp 600w, https:\/\/www.raptore-bajk.pl\/wp-content\/uploads\/2023\/02\/kell-150x150.webp 150w, https:\/\/www.raptore-bajk.pl\/wp-content\/uploads\/2023\/02\/kell-768x768.webp 768w, https:\/\/www.raptore-bajk.pl\/wp-content\/uploads\/2023\/02\/kell.webp 800w\" sizes=\"auto, (max-width: 300px) 100vw, 300px\" \/> <img loading=\"lazy\" decoding=\"async\" src=\"http:\/\/www.raptore-bajk.pl\/wp-content\/uploads\/2023\/02\/schemat-kelly-podstawowy-1024x662.jpg\" alt=\"\" width=\"750\" height=\"485\" class=\"aligncenter wp-image-668 size-large\" srcset=\"https:\/\/www.raptore-bajk.pl\/wp-content\/uploads\/2023\/02\/schemat-kelly-podstawowy-1024x662.jpg 1024w, https:\/\/www.raptore-bajk.pl\/wp-content\/uploads\/2023\/02\/schemat-kelly-podstawowy-600x388.jpg 600w, https:\/\/www.raptore-bajk.pl\/wp-content\/uploads\/2023\/02\/schemat-kelly-podstawowy-300x194.jpg 300w, https:\/\/www.raptore-bajk.pl\/wp-content\/uploads\/2023\/02\/schemat-kelly-podstawowy-768x496.jpg 768w, https:\/\/www.raptore-bajk.pl\/wp-content\/uploads\/2023\/02\/schemat-kelly-podstawowy.jpg 1099w\" sizes=\"auto, (max-width: 750px) 100vw, 750px\" \/><\/p>\n<p><em><strong><a href=\"https:\/\/www.kellycontrollers.eu\/custom\/kellycontroller\/image\/data\/srattached\/f4ec7e21e7820329062978d945b526c6_KellyKLS-SUserManualV1.9.pdf\">Manula PDF<\/a><\/strong><\/em><\/p>\n<p>Gwarancja 12 miesi\u0119cy<\/p>\n<p>Nie obejmuje w przypadku:<\/p>\n<ul>\n<li>Niew\u0142a\u015bciwego pod\u0142\u0105czenia<\/li>\n<li>B\u0142\u0119d\u00f3w monta\u017cu lub konserwacji<\/li>\n<li>Niew\u0142a\u015bciwej konfiguracji sterownika<\/li>\n<li>Uszkodzenia termicznego (przegrzanie)<\/li>\n<li>Modyfikacji lub integracji w obudow\u0119 lub wn\u0119trze urz\u0105dzenia<\/li>\n<\/ul>\n","protected":false},"excerpt":{"rendered":"<p>Opis Produktu Kontroler fali sinusoidalnej, programowalny, z funkcj\u0105 regen Ograniczenie pr\u0105du silnika, 20 sekund: 120A Ograniczenie pr\u0105du silnika, ci\u0105g\u0142e: 50A Sonda termiczna: KTY83-122 \u00a0Rozmiar kontrolera: 108mm * 78mm * 41mm Waga netto: 0.55kg \u00a0Wodoodporny IP54 Napi\u0119cie pracy: 18 ~ 60V; Napi\u0119cie znamionowe: 24V ~ 48V W zestawie brak przewodu konfiguracyjnego [&hellip;]<\/p>\n","protected":false},"featured_media":667,"comment_status":"open","ping_status":"closed","template":"","meta":[],"product_brand":[],"product_cat":[28],"product_tag":[],"class_list":{"0":"post-664","1":"product","2":"type-product","3":"status-publish","4":"has-post-thumbnail","6":"product_cat-sterownik","8":"first","9":"outofstock","10":"taxable","11":"shipping-taxable","12":"purchasable","13":"product-type-simple"},"jetpack_sharing_enabled":true,"_links":{"self":[{"href":"https:\/\/www.raptore-bajk.pl\/index.php\/wp-json\/wp\/v2\/product\/664","targetHints":{"allow":["GET"]}}],"collection":[{"href":"https:\/\/www.raptore-bajk.pl\/index.php\/wp-json\/wp\/v2\/product"}],"about":[{"href":"https:\/\/www.raptore-bajk.pl\/index.php\/wp-json\/wp\/v2\/types\/product"}],"replies":[{"embeddable":true,"href":"https:\/\/www.raptore-bajk.pl\/index.php\/wp-json\/wp\/v2\/comments?post=664"}],"wp:featuredmedia":[{"embeddable":true,"href":"https:\/\/www.raptore-bajk.pl\/index.php\/wp-json\/wp\/v2\/media\/667"}],"wp:attachment":[{"href":"https:\/\/www.raptore-bajk.pl\/index.php\/wp-json\/wp\/v2\/media?parent=664"}],"wp:term":[{"taxonomy":"product_brand","embeddable":true,"href":"https:\/\/www.raptore-bajk.pl\/index.php\/wp-json\/wp\/v2\/product_brand?post=664"},{"taxonomy":"product_cat","embeddable":true,"href":"https:\/\/www.raptore-bajk.pl\/index.php\/wp-json\/wp\/v2\/product_cat?post=664"},{"taxonomy":"product_tag","embeddable":true,"href":"https:\/\/www.raptore-bajk.pl\/index.php\/wp-json\/wp\/v2\/product_tag?post=664"}],"curies":[{"name":"wp","href":"https:\/\/api.w.org\/{rel}","templated":true}]}}