{"id":656,"date":"2023-02-17T20:15:29","date_gmt":"2023-02-17T19:15:29","guid":{"rendered":"http:\/\/www.raptore-bajk.pl\/?post_type=product&#038;p=656"},"modified":"2023-02-17T20:23:59","modified_gmt":"2023-02-17T19:23:59","slug":"656","status":"publish","type":"product","link":"https:\/\/www.raptore-bajk.pl\/index.php\/produkt\/656\/","title":{"rendered":"Sterownik Votol EM 150 2SP V2"},"content":{"rendered":"<p>Opis Produktu:\u00a0 \u00a0Zdj\u0119cie podgl\u0105dowe<\/p>\n<p>Model: EM-150\/2 sterownik sinusoidalny<br \/>\nZakres napi\u0119cia baterii: 48V-72V<br \/>\nZnamionowy pr\u0105d sta\u0142y: 120A<br \/>\nZwi\u0119ksz pr\u0105d sta\u0142y: 200A<br \/>\nSzczytowy pr\u0105d fazowy: 390A<br \/>\nMax. Moc: 14400W<br \/>\nIlo\u015b\u0107 mosfet\u00f3w: 24 FET<br \/>\nMax. Wydajno\u015b\u0107: 92%<br \/>\nStopie\u0144 wodoodporno\u015bci: IP67<br \/>\nWsp\u00f3\u0142czynnik zu\u017cycia strumienia: 150%<br \/>\nKomunikacja robocza: czujnik halla<br \/>\nWaga netto: 2030g<br \/>\nRozmiar: 223mm * 134mm * 70mm<br \/>\nProgramowalny przez PC<\/p>\n<p><em><strong>Idealnie Wsp\u00f3pracuj\u0105cy z silnikami QS Mid drive I HUB<\/strong><\/em><\/p>\n<p><img loading=\"lazy\" decoding=\"async\" src=\"http:\/\/www.raptore-bajk.pl\/wp-content\/uploads\/2022\/11\/opis-wtyczek-300x300.jpg\" alt=\"\" width=\"300\" height=\"300\" class=\"alignnone size-medium wp-image-618\" srcset=\"https:\/\/www.raptore-bajk.pl\/wp-content\/uploads\/2022\/11\/opis-wtyczek-300x300.jpg 300w, https:\/\/www.raptore-bajk.pl\/wp-content\/uploads\/2022\/11\/opis-wtyczek-160x160.jpg 160w, https:\/\/www.raptore-bajk.pl\/wp-content\/uploads\/2022\/11\/opis-wtyczek-600x600.jpg 600w, https:\/\/www.raptore-bajk.pl\/wp-content\/uploads\/2022\/11\/opis-wtyczek-150x150.jpg 150w, https:\/\/www.raptore-bajk.pl\/wp-content\/uploads\/2022\/11\/opis-wtyczek-768x768.jpg 768w, https:\/\/www.raptore-bajk.pl\/wp-content\/uploads\/2022\/11\/opis-wtyczek.jpg 1000w\" sizes=\"auto, (max-width: 300px) 100vw, 300px\" \/><\/p>\n<p><em><strong>Mo\u017cliwy monta\u017c + strojenie twojego E-Pojazu<\/strong><\/em><\/p>\n<p>&nbsp;<\/p>\n","protected":false},"excerpt":{"rendered":"<p>Opis Produktu:\u00a0 \u00a0Zdj\u0119cie podgl\u0105dowe Model: EM-150\/2 sterownik sinusoidalny Zakres napi\u0119cia baterii: 48V-72V Znamionowy pr\u0105d sta\u0142y: 120A Zwi\u0119ksz pr\u0105d sta\u0142y: 200A Szczytowy pr\u0105d fazowy: 390A Max. Moc: 14400W Ilo\u015b\u0107 mosfet\u00f3w: 24 FET Max. Wydajno\u015b\u0107: 92% Stopie\u0144 wodoodporno\u015bci: IP67 Wsp\u00f3\u0142czynnik zu\u017cycia strumienia: 150% Komunikacja robocza: czujnik halla Waga netto: 2030g Rozmiar: 223mm [&hellip;]<\/p>\n","protected":false},"featured_media":617,"comment_status":"open","ping_status":"closed","template":"","meta":[],"product_brand":[],"product_cat":[28],"product_tag":[],"class_list":{"0":"post-656","1":"product","2":"type-product","3":"status-publish","4":"has-post-thumbnail","6":"product_cat-sterownik","8":"first","9":"instock","10":"taxable","11":"shipping-taxable","12":"purchasable","13":"product-type-simple"},"jetpack_sharing_enabled":true,"_links":{"self":[{"href":"https:\/\/www.raptore-bajk.pl\/index.php\/wp-json\/wp\/v2\/product\/656","targetHints":{"allow":["GET"]}}],"collection":[{"href":"https:\/\/www.raptore-bajk.pl\/index.php\/wp-json\/wp\/v2\/product"}],"about":[{"href":"https:\/\/www.raptore-bajk.pl\/index.php\/wp-json\/wp\/v2\/types\/product"}],"replies":[{"embeddable":true,"href":"https:\/\/www.raptore-bajk.pl\/index.php\/wp-json\/wp\/v2\/comments?post=656"}],"wp:featuredmedia":[{"embeddable":true,"href":"https:\/\/www.raptore-bajk.pl\/index.php\/wp-json\/wp\/v2\/media\/617"}],"wp:attachment":[{"href":"https:\/\/www.raptore-bajk.pl\/index.php\/wp-json\/wp\/v2\/media?parent=656"}],"wp:term":[{"taxonomy":"product_brand","embeddable":true,"href":"https:\/\/www.raptore-bajk.pl\/index.php\/wp-json\/wp\/v2\/product_brand?post=656"},{"taxonomy":"product_cat","embeddable":true,"href":"https:\/\/www.raptore-bajk.pl\/index.php\/wp-json\/wp\/v2\/product_cat?post=656"},{"taxonomy":"product_tag","embeddable":true,"href":"https:\/\/www.raptore-bajk.pl\/index.php\/wp-json\/wp\/v2\/product_tag?post=656"}],"curies":[{"name":"wp","href":"https:\/\/api.w.org\/{rel}","templated":true}]}}