{"id":568,"date":"2022-11-17T22:23:50","date_gmt":"2022-11-17T21:23:50","guid":{"rendered":"http:\/\/www.raptore-bajk.pl\/?post_type=product&#038;p=568"},"modified":"2023-07-07T22:49:08","modified_gmt":"2023-07-07T20:49:08","slug":"akumulator-lodka-zanetowa-11-1v-24ah","status":"publish","type":"product","link":"https:\/\/www.raptore-bajk.pl\/index.php\/produkt\/akumulator-lodka-zanetowa-11-1v-24ah\/","title":{"rendered":"Akumulator \u0142\u00f3dka zan\u0119towa 11.1V 24Ah"},"content":{"rendered":"<p>Akumulator pasuj\u0105cy do \u0142\u00f3dek zan\u0119towych typu barracuda,vegaboat, i inne <strong>do instalacji 12V<\/strong><\/p>\n<p>Akumulator Li-ion z <strong>zabezpieczeniem BMS,<\/strong> pasuje zamiast standardowego akumulatora AGM 12V\u00a0 Zwi\u0119ksza zasi\u0119g o ponad 10x, a w po\u0142\u0105czeniu dw\u00f3ch takich ze sob\u0105 r\u00f3wnolegle\u00a0 wyd\u0142u\u017ca p\u0142ywanie spokojnie do tygodnia bez konieczno\u015bci \u0142adowania.<\/p>\n<p>Akumulator ma dodatkowe z\u0142\u0105cze balansera\u00a0 kt\u00f3ry w po\u0142\u0105czeniu z \u0142adowark\u0105 mikroprocesorow\u0105 wyj\u0105tkowo dba o poszczeg\u00f3ln\u0105 cele.<br \/>\n<strong>Wymiary 14.6cm\/ 6.4cm \/ 7cm<\/strong><br \/>\n<span>Akumulator Li-ion cechuje si\u0119 bardzo d\u0142ug\u0105 \u017cywotno\u015bci\u0105, nawet do 10Lat. Oraz bardzo d\u0142ug\u0105 prac\u0105 w por\u00f3wnaniu do Akumulatora \u017celowego, <strong>bez efektu pami\u0119ci\u00a0<\/strong><\/span><\/p>\n<p>W zestawie<\/p>\n<ul>\n<li><strong>Akumulator 11.1V[12.6V] 24Ah\u00a0<\/strong><\/li>\n<li><strong>Z\u0142\u0105cze xt60 potrzebne do pod\u0142\u0105czenia <\/strong><\/li>\n<\/ul>\n<p>Mo\u017cliwo\u015b\u0107 dokupienia standardowej \u0142adowarki do tego zestawu:<\/p>\n<p><a href=\"http:\/\/www.raptore-bajk.pl\/index.php\/produkt\/ladowarka-li-ion-12-6v-5a\/\"><strong>\u0141adowarka li-ion 12.6V 5A\u00a0<\/strong><\/a><\/p>\n<p>&nbsp;<\/p>\n<p>&nbsp;<\/p>\n","protected":false},"excerpt":{"rendered":"<p>Akumulator pasuj\u0105cy do \u0142\u00f3dek zan\u0119towych typu barracuda,vegaboat, i inne do instalacji 12V Akumulator Li-ion z zabezpieczeniem BMS, pasuje zamiast standardowego akumulatora AGM 12V\u00a0 Zwi\u0119ksza zasi\u0119g o ponad 10x, a w po\u0142\u0105czeniu dw\u00f3ch takich ze sob\u0105 r\u00f3wnolegle\u00a0 wyd\u0142u\u017ca p\u0142ywanie spokojnie do tygodnia bez konieczno\u015bci \u0142adowania. Akumulator ma dodatkowe z\u0142\u0105cze balansera\u00a0 kt\u00f3ry [&hellip;]<\/p>\n","protected":false},"featured_media":569,"comment_status":"open","ping_status":"closed","template":"","meta":[],"product_brand":[],"product_cat":[18],"product_tag":[],"class_list":{"0":"post-568","1":"product","2":"type-product","3":"status-publish","4":"has-post-thumbnail","6":"product_cat-akumulatory","8":"first","9":"instock","10":"taxable","11":"shipping-taxable","12":"purchasable","13":"product-type-simple"},"jetpack_sharing_enabled":true,"_links":{"self":[{"href":"https:\/\/www.raptore-bajk.pl\/index.php\/wp-json\/wp\/v2\/product\/568","targetHints":{"allow":["GET"]}}],"collection":[{"href":"https:\/\/www.raptore-bajk.pl\/index.php\/wp-json\/wp\/v2\/product"}],"about":[{"href":"https:\/\/www.raptore-bajk.pl\/index.php\/wp-json\/wp\/v2\/types\/product"}],"replies":[{"embeddable":true,"href":"https:\/\/www.raptore-bajk.pl\/index.php\/wp-json\/wp\/v2\/comments?post=568"}],"wp:featuredmedia":[{"embeddable":true,"href":"https:\/\/www.raptore-bajk.pl\/index.php\/wp-json\/wp\/v2\/media\/569"}],"wp:attachment":[{"href":"https:\/\/www.raptore-bajk.pl\/index.php\/wp-json\/wp\/v2\/media?parent=568"}],"wp:term":[{"taxonomy":"product_brand","embeddable":true,"href":"https:\/\/www.raptore-bajk.pl\/index.php\/wp-json\/wp\/v2\/product_brand?post=568"},{"taxonomy":"product_cat","embeddable":true,"href":"https:\/\/www.raptore-bajk.pl\/index.php\/wp-json\/wp\/v2\/product_cat?post=568"},{"taxonomy":"product_tag","embeddable":true,"href":"https:\/\/www.raptore-bajk.pl\/index.php\/wp-json\/wp\/v2\/product_tag?post=568"}],"curies":[{"name":"wp","href":"https:\/\/api.w.org\/{rel}","templated":true}]}}