{"id":557,"date":"2022-11-17T13:37:39","date_gmt":"2022-11-17T12:37:39","guid":{"rendered":"http:\/\/www.raptore-bajk.pl\/?post_type=product&#038;p=557"},"modified":"2024-02-12T22:35:32","modified_gmt":"2024-02-12T21:35:32","slug":"zestaw-napedowy-e-bike-50km-h","status":"publish","type":"product","link":"https:\/\/www.raptore-bajk.pl\/index.php\/produkt\/zestaw-napedowy-e-bike-50km-h\/","title":{"rendered":"Zestaw Nap\u0119dowy E-bike 50km\/h"},"content":{"rendered":"<p>Nap\u0119d elektryczny hub MXUS o mocy 1500W to kompaktowe i wydajne rozwi\u0105zanie, kt\u00f3re przekszta\u0142ca tradycyjny rower w elektryczny pojazd. Zintegrowany w piast\u0119 ko\u0142a, ten nap\u0119d hub dostarcza solidn\u0105 moc o warto\u015bci 1500W, umo\u017cliwiaj\u0105c dynamiczn\u0105 i efektywn\u0105 jazd\u0119. Dzi\u0119ki prostocie monta\u017cu, mo\u017cna \u0142atwo zainstalowa\u0107 go na r\u00f3\u017cnych typach rower\u00f3w. MXUS 1500W zapewnia p\u0142ynne przyspieszenie i wsparcie podczas jazdy, co sprawia, \u017ce jest to doskona\u0142e rozwi\u0105zanie dla os\u00f3b szukaj\u0105cych elektryfikacji roweru bez konieczno\u015bci zmiany ca\u0142ej konstrukcji. To efektywna opcja dla tych, kt\u00f3rzy chc\u0105 do\u015bwiadczy\u0107 zalety nap\u0119du elektrycznego na swoim ulubionym rowerze.<\/p>\n<p><label>Zestaw zawiera:<\/label><\/p>\n<ul>\n<li>Silnik elektryczny Mxus 30H 1500W (10&#215;6) Ty\u0142 KASETA 36\/48V (Naw\u00f3j silnika:<span>\u00a0<\/span><b>10&#215;6<\/b>)<\/li>\n<li>Obr\u0119cz <span>\u00a0<\/span><b>27,5<\/b><span> <\/span><span>\u00a0<\/span><b>Pod hamulec tarczowy<\/b><\/li>\n<li>Obudowa na sterownik<\/li>\n<li>Blokada obrotu osi M12 silnika para<\/li>\n<li>Wy\u015bwietlacz KT-LCD3 (36-48V) HIGO (<b>KT-LCD3 36-48V<\/b>)<\/li>\n<li>Manetka kciukowa (uniwersalna)<\/li>\n<li>Czujnik Pas (Monta\u017c na korb\u0119:<span>\u00a0<\/span><b>Kwadrat<\/b>)<\/li>\n<li>Magnetyczny czujnik hamowania<\/li>\n<li>Sterownik KT36\/48V 35A (sinus) z wi\u0105zk\u0105 HIGO<\/li>\n<\/ul>\n<p><strong>Do zestawu proponujemy nasze niezwodne akumulatory firmy RaptorE-bajk\u00a0<\/strong><\/p>\n<p>Propozycje:<\/p>\n<p><strong><a href=\"http:\/\/www.raptore-bajk.pl\/index.php\/produkt\/akumulator-e-bike-shark-48v-175ah\/\">Akumulator 48V 17.5Ah\u00a0 zasi\u0119g do 80km<\/a><\/strong><\/p>\n<p><strong><a href=\"http:\/\/www.raptore-bajk.pl\/index.php\/produkt\/akumulator-typu-bidon\/\">Akumulator 48V 24.5Ah\u00a0 zasi\u0119g do 120km<\/a><\/strong><\/p>\n<p>&nbsp;<\/p>\n","protected":false},"excerpt":{"rendered":"<p>Nap\u0119d elektryczny hub MXUS o mocy 1500W to kompaktowe i wydajne rozwi\u0105zanie, kt\u00f3re przekszta\u0142ca tradycyjny rower w elektryczny pojazd. Zintegrowany w piast\u0119 ko\u0142a, ten nap\u0119d hub dostarcza solidn\u0105 moc o warto\u015bci 1500W, umo\u017cliwiaj\u0105c dynamiczn\u0105 i efektywn\u0105 jazd\u0119. Dzi\u0119ki prostocie monta\u017cu, mo\u017cna \u0142atwo zainstalowa\u0107 go na r\u00f3\u017cnych typach rower\u00f3w. MXUS 1500W [&hellip;]<\/p>\n","protected":false},"featured_media":558,"comment_status":"open","ping_status":"closed","template":"","meta":[],"product_brand":[],"product_cat":[27],"product_tag":[],"class_list":{"0":"post-557","1":"product","2":"type-product","3":"status-publish","4":"has-post-thumbnail","6":"product_cat-zestaw-napedowy","8":"first","9":"instock","10":"taxable","11":"shipping-taxable","12":"purchasable","13":"product-type-simple"},"jetpack_sharing_enabled":true,"_links":{"self":[{"href":"https:\/\/www.raptore-bajk.pl\/index.php\/wp-json\/wp\/v2\/product\/557","targetHints":{"allow":["GET"]}}],"collection":[{"href":"https:\/\/www.raptore-bajk.pl\/index.php\/wp-json\/wp\/v2\/product"}],"about":[{"href":"https:\/\/www.raptore-bajk.pl\/index.php\/wp-json\/wp\/v2\/types\/product"}],"replies":[{"embeddable":true,"href":"https:\/\/www.raptore-bajk.pl\/index.php\/wp-json\/wp\/v2\/comments?post=557"}],"wp:featuredmedia":[{"embeddable":true,"href":"https:\/\/www.raptore-bajk.pl\/index.php\/wp-json\/wp\/v2\/media\/558"}],"wp:attachment":[{"href":"https:\/\/www.raptore-bajk.pl\/index.php\/wp-json\/wp\/v2\/media?parent=557"}],"wp:term":[{"taxonomy":"product_brand","embeddable":true,"href":"https:\/\/www.raptore-bajk.pl\/index.php\/wp-json\/wp\/v2\/product_brand?post=557"},{"taxonomy":"product_cat","embeddable":true,"href":"https:\/\/www.raptore-bajk.pl\/index.php\/wp-json\/wp\/v2\/product_cat?post=557"},{"taxonomy":"product_tag","embeddable":true,"href":"https:\/\/www.raptore-bajk.pl\/index.php\/wp-json\/wp\/v2\/product_tag?post=557"}],"curies":[{"name":"wp","href":"https:\/\/api.w.org\/{rel}","templated":true}]}}