{"id":554,"date":"2022-11-17T09:57:26","date_gmt":"2022-11-17T08:57:26","guid":{"rendered":"http:\/\/www.raptore-bajk.pl\/?post_type=product&#038;p=554"},"modified":"2025-07-30T16:52:21","modified_gmt":"2025-07-30T14:52:21","slug":"ladowarka-li-ion-58-8v-3a","status":"publish","type":"product","link":"https:\/\/www.raptore-bajk.pl\/index.php\/produkt\/ladowarka-li-ion-58-8v-3a\/","title":{"rendered":"\u0141adowarka Li-ion 58.8V 3A"},"content":{"rendered":"<p>Automatyczna \u0142adowarka do akumulator\u00f3w Li-ion\u00a0 z wbudowanym cichym wentylatorem.<\/p>\n<p>Dane techniczne<\/p>\n<p>Max. pr\u0105d 3A<\/p>\n<p>Napi\u0119cie ko\u0144cowe 58.8V<\/p>\n<p>Wtyk DC 5.5\/2.1mm<\/p>\n<p>Zasilanie EU 230V<\/p>\n<p>Waga 300g<\/p>\n<p>Wymiary ok.\u00a0 20\\6\\8cm<\/p>\n<ul>\n<li align=\"start\"><span>Ochrona przed zwarciem<\/span><\/li>\n<li align=\"start\"><span>Zabezpieczenie nadpr\u0105dowe<\/span><\/li>\n<li align=\"start\"><span>Ochrona napi\u0119cia<\/span><\/li>\n<li align=\"start\"><span>Odwrotna polaryzacja ochrony<\/span><\/li>\n<li align=\"start\"><span>Ochrona przed przegrzaniem<\/span><\/li>\n<\/ul>\n","protected":false},"excerpt":{"rendered":"<p>Automatyczna \u0142adowarka do akumulator\u00f3w Li-ion\u00a0 z wbudowanym cichym wentylatorem. Dane techniczne Max. pr\u0105d 3A Napi\u0119cie ko\u0144cowe 58.8V Wtyk DC 5.5\/2.1mm Zasilanie EU 230V Waga 300g Wymiary ok.\u00a0 20\\6\\8cm Ochrona przed zwarciem Zabezpieczenie nadpr\u0105dowe Ochrona napi\u0119cia Odwrotna polaryzacja ochrony Ochrona przed przegrzaniem<\/p>\n","protected":false},"featured_media":553,"comment_status":"open","ping_status":"closed","template":"","meta":[],"product_brand":[],"product_cat":[26],"product_tag":[],"class_list":{"0":"post-554","1":"product","2":"type-product","3":"status-publish","4":"has-post-thumbnail","6":"product_cat-ladowarki","8":"first","9":"instock","10":"taxable","11":"shipping-taxable","12":"purchasable","13":"product-type-simple"},"jetpack_sharing_enabled":true,"_links":{"self":[{"href":"https:\/\/www.raptore-bajk.pl\/index.php\/wp-json\/wp\/v2\/product\/554","targetHints":{"allow":["GET"]}}],"collection":[{"href":"https:\/\/www.raptore-bajk.pl\/index.php\/wp-json\/wp\/v2\/product"}],"about":[{"href":"https:\/\/www.raptore-bajk.pl\/index.php\/wp-json\/wp\/v2\/types\/product"}],"replies":[{"embeddable":true,"href":"https:\/\/www.raptore-bajk.pl\/index.php\/wp-json\/wp\/v2\/comments?post=554"}],"wp:featuredmedia":[{"embeddable":true,"href":"https:\/\/www.raptore-bajk.pl\/index.php\/wp-json\/wp\/v2\/media\/553"}],"wp:attachment":[{"href":"https:\/\/www.raptore-bajk.pl\/index.php\/wp-json\/wp\/v2\/media?parent=554"}],"wp:term":[{"taxonomy":"product_brand","embeddable":true,"href":"https:\/\/www.raptore-bajk.pl\/index.php\/wp-json\/wp\/v2\/product_brand?post=554"},{"taxonomy":"product_cat","embeddable":true,"href":"https:\/\/www.raptore-bajk.pl\/index.php\/wp-json\/wp\/v2\/product_cat?post=554"},{"taxonomy":"product_tag","embeddable":true,"href":"https:\/\/www.raptore-bajk.pl\/index.php\/wp-json\/wp\/v2\/product_tag?post=554"}],"curies":[{"name":"wp","href":"https:\/\/api.w.org\/{rel}","templated":true}]}}