{"id":543,"date":"2022-11-17T08:58:50","date_gmt":"2022-11-17T07:58:50","guid":{"rendered":"http:\/\/www.raptore-bajk.pl\/?post_type=product&#038;p=543"},"modified":"2025-07-24T08:52:21","modified_gmt":"2025-07-24T06:52:21","slug":"silnik-mxus-3k-turbo-4t","status":"publish","type":"product","link":"https:\/\/www.raptore-bajk.pl\/index.php\/produkt\/silnik-mxus-3k-turbo-4t\/","title":{"rendered":"Silnik MXUS 3k Turbo 4T"},"content":{"rendered":"<h3>ORYGINALNY MXUS 3K TURBO<\/h3>\n<p>Odkryj nowy poziom wydajno\u015bci z oryginalnym silnikiem elektrycznym MXUS 3k Turbo o imponuj\u0105cej mocy 3000W. Ten silnik to doskona\u0142y wyb\u00f3r dla entuzjast\u00f3w custom ebike, oferuj\u0105c niezr\u00f3wnan\u0105 si\u0142\u0119 i efektywno\u015b\u0107.<\/p>\n<p>Z MXUS 3k Turbo zyskasz dynamiczne przyspieszenie i p\u0142ynne do\u015bwiadczenia podczas jazdy. Jego wszechstronno\u015b\u0107 sprawia, \u017ce doskonale integruje si\u0119 z r\u00f3\u017cnymi konstrukcjami customowych rower\u00f3w elektrycznych, umo\u017cliwiaj\u0105c personalizacj\u0119 i dostosowanie do w\u0142asnych preferencji.<\/p>\n<p>Niech oryginalny silnik MXUS 3k Turbo stanie si\u0119 sercem Twojego custom ebike, dostarczaj\u0105c wyj\u0105tkowej mocy i satysfakcji podczas\u00a0ka\u017cdej\u00a0podr\u00f3\u017cy.<\/p>\n<div class=\"rte featured-row__subtext\"><\/div>\n<p>Dane techniczne<\/p>\n<div class=\"ife-detail-decorate-table\">\n<table class=\"all magic-1\">\n<tbody>\n<tr>\n<td>\n<div class=\"magic-2\" data-spm-anchor-id=\"a2g0o.detail.1000023.i1.6e1813a19qctqZ\" style=\"text-align: left;\"><b>Napi\u0119cie znamionowe<\/b><\/div>\n<\/td>\n<td style=\"text-align: left;\">\n<div class=\"magic-3\">60V<\/div>\n<\/td>\n<\/tr>\n<tr>\n<td>\n<div class=\"magic-2\"><b>Moc znamionowa:<\/b><\/div>\n<\/td>\n<td>\n<div class=\"magic-3\">3000W<\/div>\n<\/td>\n<\/tr>\n<tr>\n<td>\n<div class=\"magic-2\"><b>Pr\u0119dko\u015b\u0107 znamionowa:<\/b><\/div>\n<\/td>\n<td>\n<div class=\"magic-3\">50km\/h<\/div>\n<\/td>\n<\/tr>\n<tr>\n<td>\n<div class=\"magic-2\"><b>Pozycja:<\/b><\/div>\n<\/td>\n<td>\n<div class=\"magic-3\">Z ty\u0142u<\/div>\n<\/td>\n<\/tr>\n<tr>\n<td>\n<div class=\"magic-2\"><b>Rozstaw:<\/b><\/div>\n<\/td>\n<td>\n<div class=\"magic-3\">142mm<\/div>\n<\/td>\n<\/tr>\n<tr>\n<td>\n<div class=\"magic-2\"><b>Typ hamulca:<\/b><\/div>\n<\/td>\n<td>\n<div class=\"magic-3\" data-spm-anchor-id=\"a2g0o.detail.1000023.i2.6e1813a19qctqZ\">Hamulec V\/hamulec tarczowy<\/div>\n<\/td>\n<\/tr>\n<tr>\n<td>\n<div class=\"magic-2\"><b>Wydajno\u015b\u0107:<\/b><\/div>\n<\/td>\n<td>\n<div class=\"magic-3\">\u2265 83%<\/div>\n<\/td>\n<\/tr>\n<tr>\n<td>\n<div class=\"magic-2\"><b>Stopie\u0144 ochrony IP:<\/b><\/div>\n<\/td>\n<td>\n<div class=\"magic-3\">IP54<\/div>\n<div><\/div>\n<\/td>\n<\/tr>\n<\/tbody>\n<\/table>\n<table class=\"center alignleft\">\n<tbody>\n<tr>\n<td><strong>Masa:<\/strong><\/td>\n<td>9.4kg<\/td>\n<\/tr>\n<\/tbody>\n<\/table>\n<table class=\"center\">\n<tbody>\n<tr>\n<td style=\"text-align: left;\"><strong>Ilo\u015b\u0107 magnes\u00f3w:<\/strong><\/td>\n<td style=\"text-align: left;\">\n<p style=\"text-align: left;\">46 (23 pary)<\/p>\n<\/td>\n<\/tr>\n<\/tbody>\n<\/table>\n<\/div>\n<div><\/div>\n<div><\/div>\n","protected":false},"excerpt":{"rendered":"<p>ORYGINALNY MXUS 3K TURBO Odkryj nowy poziom wydajno\u015bci z oryginalnym silnikiem elektrycznym MXUS 3k Turbo o imponuj\u0105cej mocy 3000W. Ten silnik to doskona\u0142y wyb\u00f3r dla entuzjast\u00f3w custom ebike, oferuj\u0105c niezr\u00f3wnan\u0105 si\u0142\u0119 i efektywno\u015b\u0107. Z MXUS 3k Turbo zyskasz dynamiczne przyspieszenie i p\u0142ynne do\u015bwiadczenia podczas jazdy. Jego wszechstronno\u015b\u0107 sprawia, \u017ce doskonale [&hellip;]<\/p>\n","protected":false},"featured_media":544,"comment_status":"open","ping_status":"closed","template":"","meta":[],"product_brand":[],"product_cat":[24],"product_tag":[],"class_list":{"0":"post-543","1":"product","2":"type-product","3":"status-publish","4":"has-post-thumbnail","6":"product_cat-silniki","8":"first","9":"instock","10":"taxable","11":"shipping-taxable","12":"purchasable","13":"product-type-simple"},"jetpack_sharing_enabled":true,"_links":{"self":[{"href":"https:\/\/www.raptore-bajk.pl\/index.php\/wp-json\/wp\/v2\/product\/543","targetHints":{"allow":["GET"]}}],"collection":[{"href":"https:\/\/www.raptore-bajk.pl\/index.php\/wp-json\/wp\/v2\/product"}],"about":[{"href":"https:\/\/www.raptore-bajk.pl\/index.php\/wp-json\/wp\/v2\/types\/product"}],"replies":[{"embeddable":true,"href":"https:\/\/www.raptore-bajk.pl\/index.php\/wp-json\/wp\/v2\/comments?post=543"}],"wp:featuredmedia":[{"embeddable":true,"href":"https:\/\/www.raptore-bajk.pl\/index.php\/wp-json\/wp\/v2\/media\/544"}],"wp:attachment":[{"href":"https:\/\/www.raptore-bajk.pl\/index.php\/wp-json\/wp\/v2\/media?parent=543"}],"wp:term":[{"taxonomy":"product_brand","embeddable":true,"href":"https:\/\/www.raptore-bajk.pl\/index.php\/wp-json\/wp\/v2\/product_brand?post=543"},{"taxonomy":"product_cat","embeddable":true,"href":"https:\/\/www.raptore-bajk.pl\/index.php\/wp-json\/wp\/v2\/product_cat?post=543"},{"taxonomy":"product_tag","embeddable":true,"href":"https:\/\/www.raptore-bajk.pl\/index.php\/wp-json\/wp\/v2\/product_tag?post=543"}],"curies":[{"name":"wp","href":"https:\/\/api.w.org\/{rel}","templated":true}]}}