{"id":500,"date":"2022-10-11T10:14:41","date_gmt":"2022-10-11T08:14:41","guid":{"rendered":"https:\/\/www.raptore-bajk.pl\/?post_type=product&#038;p=500"},"modified":"2025-10-15T12:04:08","modified_gmt":"2025-10-15T10:04:08","slug":"akumulator-surron-72v-65ah","status":"publish","type":"product","link":"https:\/\/www.raptore-bajk.pl\/index.php\/produkt\/akumulator-surron-72v-65ah\/","title":{"rendered":"Akumulator Surron Light Bee 72V 65Ah 25kW"},"content":{"rendered":"<p><span><span style=\"vertical-align: inherit;\"><span style=\"vertical-align: inherit;\">Akumulator Li-ion Surron Light Bee w trwa\u0142ej obudowie Custom <\/span><\/span><\/span><br \/>\n<span><span style=\"vertical-align: inherit;\"><span style=\"vertical-align: inherit;\">72 V 65Ah 4680Wh Pr\u0105d 250A 300A peek<\/span><\/span><\/span><\/p>\n<p>Do naszego akumulatora zaprojektowali\u015bmy specjalne \u0142\u0105czniki miedziane o grubo\u015bci 0,3 mm, kt\u00f3re s\u0142u\u017c\u0105 do \u0142\u0105czenia ogniw. S\u0105 one precyzyjnie wycinane przy u\u017cyciu technologii laserowej, co wyr\u00f3\u017cnia nasze produkty na tle konkurencji. Nasze \u0142\u0105czniki charakteryzuj\u0105 si\u0119 doskona\u0142ym przewodnictwem pr\u0105du, minimalizuj\u0105c straty energii i zapobiegaj\u0105c nagrzewaniu ogniw. Dzi\u0119ki temu akumulator osi\u0105ga wysok\u0105 wydajno\u015b\u0107.<\/p>\n<p>Ca\u0142y proces produkcji akumulatora odbywa si\u0119 na najwy\u017cszym poziomie, z wykorzystaniem najnowocze\u015bniejszych technologii i innowacyjnych rozwi\u0105za\u0144, co gwarantuje jego niezawodno\u015b\u0107 i trwa\u0142o\u015b\u0107.<\/p>\n<p><strong>Wersja oficjalna z zachowaniem odporno\u015bci na zalania wod\u0105 [ Nie myjemy myjaki ci\u015bnieniowymi]<\/strong><\/p>\n<p><span><span style=\"vertical-align: inherit;\"><span style=\"vertical-align: inherit;\">Waga akumulatora 22.5 Kg <\/span><\/span><\/span><br \/>\n<span><span style=\"vertical-align: inherit;\"><span style=\"vertical-align: inherit;\">\u00a0<\/span><span style=\"vertical-align: inherit;\">Do zestawu do\u0142\u0105czmy now\u0105 klapk\u0119 Gi\u0119t\u0105 CNC z stali nierdzewnej\u00a0<\/span><\/span><\/span><\/p>\n<p><span style=\"vertical-align: inherit;\"><span style=\"vertical-align: inherit;\">wersja bez podwy\u017cszenia siode\u0142ka<\/span><\/span><\/p>\n<p><img loading=\"lazy\" decoding=\"async\" src=\"http:\/\/www.raptore-bajk.pl\/wp-content\/uploads\/2022\/10\/358129102_589934243183420_1922853051193917862_n-225x300.jpg\" alt=\"\" width=\"225\" height=\"300\" class=\"alignnone size-medium wp-image-912\" srcset=\"https:\/\/www.raptore-bajk.pl\/wp-content\/uploads\/2022\/10\/358129102_589934243183420_1922853051193917862_n-225x300.jpg 225w, https:\/\/www.raptore-bajk.pl\/wp-content\/uploads\/2022\/10\/358129102_589934243183420_1922853051193917862_n-768x1024.jpg 768w, https:\/\/www.raptore-bajk.pl\/wp-content\/uploads\/2022\/10\/358129102_589934243183420_1922853051193917862_n-1152x1536.jpg 1152w, https:\/\/www.raptore-bajk.pl\/wp-content\/uploads\/2022\/10\/358129102_589934243183420_1922853051193917862_n-600x800.jpg 600w, https:\/\/www.raptore-bajk.pl\/wp-content\/uploads\/2022\/10\/358129102_589934243183420_1922853051193917862_n.jpg 1536w\" sizes=\"auto, (max-width: 225px) 100vw, 225px\" \/><\/p>\n<p>&nbsp;<\/p>\n<p><span><span style=\"vertical-align: inherit;\"><span style=\"vertical-align: inherit;\">W zestawie<\/span><\/span><\/span><\/p>\n<p><span><span style=\"vertical-align: inherit;\"><span style=\"vertical-align: inherit;\">-Akumulator <\/span><\/span><\/span><span><span style=\"vertical-align: inherit;\"><span style=\"vertical-align: inherit;\">72V <\/span><\/span><\/span><span><span style=\"vertical-align: inherit;\"><span style=\"vertical-align: inherit;\">\u00a065Ah <\/span><\/span><\/span><br \/>\n<span><span style=\"vertical-align: inherit;\"><span style=\"vertical-align: inherit;\">-Nowa klapka<\/span><\/span><\/span><br \/>\n<span><span style=\"vertical-align: inherit;\"><span style=\"vertical-align: inherit;\">-Wtyczka do sterownika <\/span><\/span><\/span><br \/>\n<span><span style=\"vertical-align: inherit;\"><span style=\"vertical-align: inherit;\">-Wtyczka do \u0142adowarki<\/span><\/span><\/span><\/p>\n<p><strong><span style=\"vertical-align: inherit;\"><span style=\"vertical-align: inherit;\">Nie zawiera \u0142adowarki 72V<\/span><\/span><\/strong><\/p>\n<p><span><span style=\"vertical-align: inherit;\"><span style=\"vertical-align: inherit;\">Wymiary:<\/span><\/span><\/span><\/p>\n<p><span><span style=\"vertical-align: inherit;\"><span style=\"vertical-align: inherit;\">wysoko\u015b\u0107 45 cm<\/span><\/span><\/span><\/p>\n<p><span><span style=\"vertical-align: inherit;\"><span style=\"vertical-align: inherit;\">Na akumulator jest rok gwarancji!! <\/span><\/span><\/span><br \/>\n<span><span style=\"vertical-align: inherit;\"><span style=\"vertical-align: inherit;\">Przy zam\u00f3wieniu, prosz\u0119, czy siode\u0142ko jest z podwy\u017cszeniem, czy standard.<\/span><\/span><\/span><\/p>\n<p><strong><span style=\"vertical-align: inherit;\"><span style=\"vertical-align: inherit;\">Czas oczekiwania od 14- do 30 dni roboczych<\/span><\/span><\/strong><\/p>\n","protected":false},"excerpt":{"rendered":"<p><span>Akumulator Li-ion Surron Light bee Custom<\/span><br \/>\n<span>72 V 65Ah \u00a0<\/span><\/p>\n","protected":false},"featured_media":1219,"comment_status":"open","ping_status":"closed","template":"","meta":[],"product_brand":[],"product_cat":[29],"product_tag":[],"class_list":{"0":"post-500","1":"product","2":"type-product","3":"status-publish","4":"has-post-thumbnail","6":"product_cat-modyfikacje-surron-light-bee","8":"first","9":"instock","10":"taxable","11":"shipping-taxable","12":"purchasable","13":"product-type-simple"},"jetpack_sharing_enabled":true,"_links":{"self":[{"href":"https:\/\/www.raptore-bajk.pl\/index.php\/wp-json\/wp\/v2\/product\/500","targetHints":{"allow":["GET"]}}],"collection":[{"href":"https:\/\/www.raptore-bajk.pl\/index.php\/wp-json\/wp\/v2\/product"}],"about":[{"href":"https:\/\/www.raptore-bajk.pl\/index.php\/wp-json\/wp\/v2\/types\/product"}],"replies":[{"embeddable":true,"href":"https:\/\/www.raptore-bajk.pl\/index.php\/wp-json\/wp\/v2\/comments?post=500"}],"wp:featuredmedia":[{"embeddable":true,"href":"https:\/\/www.raptore-bajk.pl\/index.php\/wp-json\/wp\/v2\/media\/1219"}],"wp:attachment":[{"href":"https:\/\/www.raptore-bajk.pl\/index.php\/wp-json\/wp\/v2\/media?parent=500"}],"wp:term":[{"taxonomy":"product_brand","embeddable":true,"href":"https:\/\/www.raptore-bajk.pl\/index.php\/wp-json\/wp\/v2\/product_brand?post=500"},{"taxonomy":"product_cat","embeddable":true,"href":"https:\/\/www.raptore-bajk.pl\/index.php\/wp-json\/wp\/v2\/product_cat?post=500"},{"taxonomy":"product_tag","embeddable":true,"href":"https:\/\/www.raptore-bajk.pl\/index.php\/wp-json\/wp\/v2\/product_tag?post=500"}],"curies":[{"name":"wp","href":"https:\/\/api.w.org\/{rel}","templated":true}]}}