{"id":389,"date":"2022-04-06T23:07:58","date_gmt":"2022-04-06T21:07:58","guid":{"rendered":"http:\/\/www.raptore-bajk.pl\/?post_type=product&#038;p=389"},"modified":"2026-04-30T08:31:48","modified_gmt":"2026-04-30T06:31:48","slug":"akumulator-e-bike-shark-48v-145ah","status":"publish","type":"product","link":"https:\/\/www.raptore-bajk.pl\/index.php\/produkt\/akumulator-e-bike-shark-48v-145ah\/","title":{"rendered":"Akumulator e-bike shark 48v 14,5Ah"},"content":{"rendered":"<p>Akumulator Li-ion 48V i pojemno\u015bci 690Wh i pr\u0105dzie 25A, z zastosowaniem markowych ogniw, zosta\u0142 starannie zgrzewany w Polsce przy u\u017cyciu wysokiej jako\u015bci \u0142\u0105cznik\u00f3w z czystego niklu. Ten zaawansowany akumulator zapewnia nie tylko solidny zasi\u0119g i d\u0142ugotrwa\u0142\u0105 moc dzi\u0119ki napi\u0119ciu 48V i pojemno\u015bci 14.5Ah, ale tak\u017ce gwarantuje niezawodno\u015b\u0107 i trwa\u0142o\u015b\u0107 dzi\u0119ki starannej konstrukcji. Wykorzystanie markowych ogniw oraz precyzyjne zgrzewanie z czystego niklu podkre\u015blaj\u0105 jego wysok\u0105 jako\u015b\u0107, co sprawia, \u017ce jest to idealne rozwi\u0105zanie dla rowerzyst\u00f3w, kt\u00f3rzy ceni\u0105 sobie nie tylko wydajno\u015b\u0107, ale tak\u017ce lokaln\u0105 produkcj\u0119 i staranno\u015b\u0107 w detalach.<\/p>\n<p>Akumulator w obudowie shark o konfiguracji 13s5p<br \/>\n48 V 14,5 Ah Li-ion i max. 25A wersja 65 ogniw<br \/>\nAkumulator\u00a0 na nowych ogniwach LG M29<br \/>\nPrzypuszczalny zasi\u0119g to oko\u0142o 50 km<\/p>\n<p><span>Do akumulatora zaprojektowali\u015bmy Odpowiedni\u0105 ta\u015bm\u0119 \u201d\u0142\u0105czniki\u201d niklow\u0105, kt\u00f3ra jest ci\u0119ta technologi\u0105 laserow\u0105, Co wyr\u00f3\u017cnia nasze produkty na rynku z innymi konkurencyjnymi firmami. Nasze \u0142\u0105czniki bardzo dobrze przenosz\u0105 pr\u0105d bez \u017cadnych strat czy r\u00f3wnie\u017c niepotrzebnego\u00a0 nagrzewania ogniw, Za czym idzie zwi\u0119kszenie wydajno\u015bci Akumulatora.<\/span><br \/>\n<span>Akumulator jest wykonany Na najwy\u017cszym poziomie. Z wykorzystaniem Najnowszych technologii i rozwi\u0105za\u0144<\/span><\/p>\n<p><span>\u0141adowarka 3A\u00a0<\/span><span>z wentylatorem w zestawie<\/span><br \/>\n<span>waga akumulatora 4 Kg<\/span><br \/>\n<span>Akumulator pasuje niemal do ka\u017cdego roweru, kt\u00f3ry posiada mocowanie na Bidon. Jest przystosowany do sterownika oraz zestaw\u00f3w max.\u00a0<\/span><span class=\"hiddenSpellError\" onkeypress=\"MORFOLOGIK_RULE_PL_PL---#---undefined---#---Wykryto prawdopodobny b\u0142\u0105d pisowni---#---1600W.---#------#---1600W\">1600W<\/span><span>.<\/span><\/p>\n<p><span>Do jego monta\u017cu nie trzeba nic przerabia\u0107, idealnie pasuje w obecne \u015bruby montuj\u0105ce bidon ! A w szynie s\u0105 cztery mo\u017cliwo\u015bci przykr\u0119cenia.<\/span><br \/>\n<span>Akumulator w ka\u017cdej chwili mo\u017cesz wypi\u0105\u0107 i wzi\u0105\u0107 ze sob\u0105 gdzie tylko\u00a0<\/span><span>chcesz. Wystarczy przekr\u0119ci\u0107 kluczyk i wyj\u0105\u0107 akumulator<\/span><span>.<\/span><span>\u00a0To proste!!<\/span><br \/>\n<span>Dodatkowo w akumulatorach naszej Firmy jest dzia\u0142aj\u0105cy w\u0142\u0105cznik of\/<\/span><span>on, kt\u00f3ry<\/span><span>\u00a0w\u0142\u0105cza lub wy\u0142\u0105cza akumulator, dzi\u0119ki niemu nie ma iskrzenia podczas wk\u0142adania go w szyn\u0119.<\/span><br \/>\n<span>TEGO NIE ZNAJDZIESZ U INNYCH\u00a0<\/span><span>SPRZEDAWC\u00d3W, Je\u017celi<\/span><span>\u00a0Budujesz sw\u00f3j rower elektryczny i nie\u00a0<\/span><span>chcesz, aby<\/span><span>\u00a0wyr\u00f3\u017cni\u0142 si\u0119 z t\u0142umu<\/span><span>,<\/span><span>\u00a0to ten akumulator jest w\u0142a\u015bnie dla ciebie !!<\/span><\/p>\n<p><img loading=\"lazy\" decoding=\"async\" src=\"http:\/\/www.raptore-bajk.pl\/wp-content\/uploads\/2021\/10\/IMG_20210421_103817-2-300x138.jpg\" alt=\"\" width=\"300\" height=\"138\" class=\"alignnone size-medium wp-image-174\" srcset=\"https:\/\/www.raptore-bajk.pl\/wp-content\/uploads\/2021\/10\/IMG_20210421_103817-2-300x138.jpg 300w, https:\/\/www.raptore-bajk.pl\/wp-content\/uploads\/2021\/10\/IMG_20210421_103817-2-600x275.jpg 600w, https:\/\/www.raptore-bajk.pl\/wp-content\/uploads\/2021\/10\/IMG_20210421_103817-2-1024x469.jpg 1024w, https:\/\/www.raptore-bajk.pl\/wp-content\/uploads\/2021\/10\/IMG_20210421_103817-2-768x352.jpg 768w, https:\/\/www.raptore-bajk.pl\/wp-content\/uploads\/2021\/10\/IMG_20210421_103817-2-1536x704.jpg 1536w, https:\/\/www.raptore-bajk.pl\/wp-content\/uploads\/2021\/10\/IMG_20210421_103817-2-2048x939.jpg 2048w\" sizes=\"auto, (max-width: 300px) 100vw, 300px\" \/><\/p>\n<p><img loading=\"lazy\" decoding=\"async\" src=\"http:\/\/www.raptore-bajk.pl\/wp-content\/uploads\/2021\/10\/bidon-wymiary-1-1024x576.jpg\" alt=\"\" width=\"750\" height=\"422\" class=\"alignnone size-large wp-image-313\" srcset=\"https:\/\/www.raptore-bajk.pl\/wp-content\/uploads\/2021\/10\/bidon-wymiary-1-1024x576.jpg 1024w, https:\/\/www.raptore-bajk.pl\/wp-content\/uploads\/2021\/10\/bidon-wymiary-1-600x338.jpg 600w, https:\/\/www.raptore-bajk.pl\/wp-content\/uploads\/2021\/10\/bidon-wymiary-1-300x169.jpg 300w, https:\/\/www.raptore-bajk.pl\/wp-content\/uploads\/2021\/10\/bidon-wymiary-1-768x432.jpg 768w, https:\/\/www.raptore-bajk.pl\/wp-content\/uploads\/2021\/10\/bidon-wymiary-1-1536x864.jpg 1536w, https:\/\/www.raptore-bajk.pl\/wp-content\/uploads\/2021\/10\/bidon-wymiary-1.jpg 1920w\" sizes=\"auto, (max-width: 750px) 100vw, 750px\" \/><\/p>\n<p><span>W zestawie<\/span><\/p>\n<ul>\n<li>Akumulator 13s5p Samsung LG M29 18650<\/li>\n<li>Szyna mocuj\u0105ca ze z\u0142\u0105czem XT60\\90<\/li>\n<li>Dwa kluczyki<\/li>\n<li>Automatyczna \u0142adowarka 3A z wentylatorem<\/li>\n<\/ul>\n<p>Szablon do przymiarki <a href=\"https:\/\/drive.google.com\/file\/d\/1qHTqN1XmribfSngiSYh6bLiGx8EmgZVR\/view?usp=sharing\"><em><strong>Link<\/strong><\/em><\/a><\/p>\n<p><span>Na akumulator jest dwa lata gwarancji !!<\/span><br \/>\n<span>Do akumulatora do\u0142\u0105czam Wydruk z jego faktyczn\u0105 pojemno\u015bci\u0105 z testu obci\u0105\u017ceniowego<\/span><span>.<\/span><\/p>\n<p><span>Przy zam\u00f3wieniu prosz\u0119\u00a0<\/span><span>poda\u0107, jaki<\/span><span>\u00a0ma by\u0107 z\u0142\u0105cze w szynie mocuj\u0105cej\u00a0<\/span><span class=\"hiddenSpellError\" onkeypress=\"MORFOLOGIK_RULE_PL_PL---#---undefined---#---Wykryto prawdopodobny b\u0142\u0105d pisowni---#---Przy zam\u00f3wieniu prosz\u0119 poda\u0107 jaki ma by\u0107 z\u0142\u0105cze w szynie mocuj\u0105cej XT60\\90---#------#---XT60\">XT60<\/span><span>\\90\u00a0<\/span><\/p>\n<p><span>Czas oczekiwania od 3- do 7 dni roboczych<\/span><\/p>\n","protected":false},"excerpt":{"rendered":"<p><span>Akumulator Li-ion<\/span><\/p>\n","protected":false},"featured_media":1907,"comment_status":"open","ping_status":"closed","template":"","meta":[],"product_brand":[],"product_cat":[18,38],"product_tag":[],"class_list":{"0":"post-389","1":"product","2":"type-product","3":"status-publish","4":"has-post-thumbnail","6":"product_cat-akumulatory","7":"product_cat-outlet","9":"first","10":"instock","11":"taxable","12":"shipping-taxable","13":"purchasable","14":"product-type-simple"},"jetpack_sharing_enabled":true,"_links":{"self":[{"href":"https:\/\/www.raptore-bajk.pl\/index.php\/wp-json\/wp\/v2\/product\/389","targetHints":{"allow":["GET"]}}],"collection":[{"href":"https:\/\/www.raptore-bajk.pl\/index.php\/wp-json\/wp\/v2\/product"}],"about":[{"href":"https:\/\/www.raptore-bajk.pl\/index.php\/wp-json\/wp\/v2\/types\/product"}],"replies":[{"embeddable":true,"href":"https:\/\/www.raptore-bajk.pl\/index.php\/wp-json\/wp\/v2\/comments?post=389"}],"wp:featuredmedia":[{"embeddable":true,"href":"https:\/\/www.raptore-bajk.pl\/index.php\/wp-json\/wp\/v2\/media\/1907"}],"wp:attachment":[{"href":"https:\/\/www.raptore-bajk.pl\/index.php\/wp-json\/wp\/v2\/media?parent=389"}],"wp:term":[{"taxonomy":"product_brand","embeddable":true,"href":"https:\/\/www.raptore-bajk.pl\/index.php\/wp-json\/wp\/v2\/product_brand?post=389"},{"taxonomy":"product_cat","embeddable":true,"href":"https:\/\/www.raptore-bajk.pl\/index.php\/wp-json\/wp\/v2\/product_cat?post=389"},{"taxonomy":"product_tag","embeddable":true,"href":"https:\/\/www.raptore-bajk.pl\/index.php\/wp-json\/wp\/v2\/product_tag?post=389"}],"curies":[{"name":"wp","href":"https:\/\/api.w.org\/{rel}","templated":true}]}}