{"id":342,"date":"2022-03-30T22:00:48","date_gmt":"2022-03-30T20:00:48","guid":{"rendered":"http:\/\/www.raptore-bajk.pl\/?post_type=product&#038;p=342"},"modified":"2025-12-16T18:42:03","modified_gmt":"2025-12-16T17:42:03","slug":"silnik-qs-273-v3-4kw-4t","status":"publish","type":"product","link":"https:\/\/www.raptore-bajk.pl\/index.php\/produkt\/silnik-qs-273-v3-4kw-4t\/","title":{"rendered":"Silnik QS 273 V3 4kW 3T"},"content":{"rendered":"<p>Rzu\u0107 si\u0119 w wir przyg\u00f3d z pot\u0119\u017cnym oryginalnym silnikiem elektrycznym QS Motor o mocy nominalnej 4000W i osza\u0142amiaj\u0105cej warto\u015bci szczytowej 23kW. Ten wyj\u0105tkowy silnik zosta\u0142 stworzony z my\u015bl\u0105 o du\u017cych i mocnych custom ebike, dostarczaj\u0105c niezr\u00f3wnanej si\u0142y i wydajno\u015bci.<\/p>\n<p>QS Motor 4000W nie tylko gwarantuje imponuj\u0105ce przyspieszenie, ale tak\u017ce stabilno\u015b\u0107 i trwa\u0142o\u015b\u0107, co czyni go idealnym wyborem dla entuzjast\u00f3w z najwy\u017cszymi oczekiwaniami. Jego wszechstronno\u015b\u0107 pozwala na \u0142atwe dostosowanie do r\u00f3\u017cnych konstrukcji customowych rower\u00f3w elektrycznych, daj\u0105c swobod\u0119 w kreowaniu w\u0142asnego unikalnego pojazdu.<\/p>\n<p>Prze\u017cyj intensywne do\u015bwiadczenia podczas jazdy na du\u017cym i pot\u0119\u017cnym custom ebike, kt\u00f3ry zyskuje \u017cycie dzi\u0119ki oryginalnemu silnikowi QS Motor. Odkryj nowe mo\u017cliwo\u015bci i poczuj moc pod swoimi\u00a0peda\u0142ami.<\/p>\n<p>Bardzo mocny silnik elektryczny do Monster e-bike<\/p>\n<p>&nbsp;<\/p>\n<p>Dane techniczne:<\/p>\n<ul>\n<li>Moc max. ci\u0105g\u0142a 8000W<\/li>\n<li>Moc maksymalna 11000W<\/li>\n<li>Napi\u0119cie 24V-120V<\/li>\n<li>Ilo\u015b\u0107 szprych 36<\/li>\n<li>\u015arednica otwor\u00f3w pod szprychy 4,2mm<\/li>\n<li>\u015arednica roz\u0142o\u017cenia otwor\u00f3w szprych 317mm<\/li>\n<li>Waga 19 kg<\/li>\n<li>Rozstaw wide\u0142ek 145-154 mm<\/li>\n<li>Moment obrotowy 210 Nm<\/li>\n<li>silnik bezszczotkowy, bezprzek\u0142adniowy, bezoporowy<\/li>\n<li>Pr\u0119dko\u015b\u0107: kV10.97, max RPM 790 72V oko\u0142o 1.1km\/h na ka\u017cdy 1V zasilania dla ko\u0142a 19&#8243; MOTO<\/li>\n<li>Sprawno\u015b\u0107 &gt;90%<\/li>\n<li>Maksymalny pr\u0105d ci\u0105g\u0142y 120A (72V)<\/li>\n<li>Maksymalny pr\u0105d chwilowy 200A (72V)<\/li>\n<li>Ilo\u015b\u0107 czujnik\u00f3w halla 2 kpl. 120stopni<\/li>\n<li>Ilo\u015b\u0107 czujnik\u00f3w temp. 2szt. KTY83<\/li>\n<li>Wolnobieg nakr\u0119cany 1-3s<\/li>\n<li>Ilo\u015b\u0107 magnes\u00f3w 32szt\/16par<\/li>\n<\/ul>\n<p>&nbsp;<\/p>\n<p>Gwarancja 12 miesi\u0119cy<\/p>\n","protected":false},"excerpt":{"rendered":"<p>Silnik do roweru elektrycznego<\/p>\n","protected":false},"featured_media":343,"comment_status":"open","ping_status":"closed","template":"","meta":[],"product_brand":[],"product_cat":[24],"product_tag":[],"class_list":{"0":"post-342","1":"product","2":"type-product","3":"status-publish","4":"has-post-thumbnail","6":"product_cat-silniki","8":"first","9":"onbackorder","10":"taxable","11":"shipping-taxable","12":"purchasable","13":"product-type-simple"},"jetpack_sharing_enabled":true,"_links":{"self":[{"href":"https:\/\/www.raptore-bajk.pl\/index.php\/wp-json\/wp\/v2\/product\/342","targetHints":{"allow":["GET"]}}],"collection":[{"href":"https:\/\/www.raptore-bajk.pl\/index.php\/wp-json\/wp\/v2\/product"}],"about":[{"href":"https:\/\/www.raptore-bajk.pl\/index.php\/wp-json\/wp\/v2\/types\/product"}],"replies":[{"embeddable":true,"href":"https:\/\/www.raptore-bajk.pl\/index.php\/wp-json\/wp\/v2\/comments?post=342"}],"wp:featuredmedia":[{"embeddable":true,"href":"https:\/\/www.raptore-bajk.pl\/index.php\/wp-json\/wp\/v2\/media\/343"}],"wp:attachment":[{"href":"https:\/\/www.raptore-bajk.pl\/index.php\/wp-json\/wp\/v2\/media?parent=342"}],"wp:term":[{"taxonomy":"product_brand","embeddable":true,"href":"https:\/\/www.raptore-bajk.pl\/index.php\/wp-json\/wp\/v2\/product_brand?post=342"},{"taxonomy":"product_cat","embeddable":true,"href":"https:\/\/www.raptore-bajk.pl\/index.php\/wp-json\/wp\/v2\/product_cat?post=342"},{"taxonomy":"product_tag","embeddable":true,"href":"https:\/\/www.raptore-bajk.pl\/index.php\/wp-json\/wp\/v2\/product_tag?post=342"}],"curies":[{"name":"wp","href":"https:\/\/api.w.org\/{rel}","templated":true}]}}