{"id":331,"date":"2022-01-25T20:49:24","date_gmt":"2022-01-25T19:49:24","guid":{"rendered":"http:\/\/www.raptore-bajk.pl\/?post_type=product&#038;p=331"},"modified":"2024-11-17T20:18:58","modified_gmt":"2024-11-17T19:18:58","slug":"laczniki-do-akumulatora-shark-bidon-13s7p","status":"publish","type":"product","link":"https:\/\/www.raptore-bajk.pl\/index.php\/produkt\/laczniki-do-akumulatora-shark-bidon-13s7p\/","title":{"rendered":"\u0141\u0105czniki do Akumulatora Shark  Bidon 13s7p"},"content":{"rendered":"<p><span>Chcieliby\u015bmy si\u0119 podzieli\u0107 naszym rozwi\u0105zaniem, do kt\u00f3rego przy\u0142o\u017cyli\u015bmy wszystkich stara\u0144 tak, aby poprawi\u0107 jako\u015b\u0107 i sprawno\u015b\u0107 naszych akumulator\u00f3w.<\/span><span class=\"hiddenGrammarError\" onkeypress=\"COMMA_PARENTHESIS_WHITESPACE---#---undefined---#---Nie wstawiamy spacji przed kropk\u0105---#---Chcieli by\u015bmy si\u0119 podzieli\u0107 naszym rozwi\u0105zaniem do kt\u00f3rego przy\u0142o\u017cyli\u015bmy wszystkich stara\u0144 tak aby poprawi\u0107 jako\u015b\u0107 i sprawno\u015b\u0107 naszych akumulator\u00f3w .---#---.---#--- .\"><\/span><\/p>\n<p><span>Zaprojektowali\u015bmy Odpowiednie \u0142\u0105czniki niklowe do \u0142\u0105czenia ogniw,\u00a0<\/span><span>kt\u00f3ra<\/span><span> jest ci\u0119ta technologi\u0105 laserow\u0105, Co wyr\u00f3\u017cnia nasze produkty na rynku z innymi konkurencyjnymi firmami. Nasze \u0142\u0105czniki bardzo dobrze przenosz\u0105 pr\u0105d bez \u017cadnych strat, czy r\u00f3wnie\u017c niepotrzebnego nagrzewania ogniw. Za czym idzie zwi\u0119kszenie wydajno\u015bci Akumulatora. W \u0142\u0105cznikach zastosowali\u015bmy najlepsze rozwi\u0105zania, kt\u00f3re umo\u017cliwiaj\u0105 \u0142atwiejsze \u0142\u0105czenie ich z ogniwami. \u0141\u0105czniki akumulatora s\u0105 przystosowane do zgrzewania punktowego, jak i laserowego. \u0141\u0105czniki\u00a0 mog\u0105 przenie\u015b\u0107 pr\u0105d nawet 80A<\/span><br \/>\n<span>\u0141\u0105czniki s\u0105 przygotowane pod jedn\u0105 konfiguracj\u0119\u00a0<\/span><span class=\"hiddenSpellError\" onkeypress=\"MORFOLOGIK_RULE_PL_PL---#---undefined---#---Wykryto prawdopodobny b\u0142\u0105d pisowni---#---\u0141\u0105czniki s\u0105 przygotowane pod jedn\u0105 konfiguracj\u0119 13s7p do du\u017cego akumulatora typu bidon Shark 91 ogniw.---#------#---13s7p\">13s7p<\/span><span>\u00a0do du\u017cego akumulatora typu bidon\u00a0<\/span><span class=\"hiddenSpellError\" onkeypress=\"MORFOLOGIK_RULE_PL_PL---#---undefined---#---Wykryto prawdopodobny b\u0142\u0105d pisowni---#---\u0141\u0105czniki s\u0105 przygotowane pod jedn\u0105 konfiguracj\u0119 13s7p do du\u017cego akumulatora typu bidon Shark 91 ogniw.---#---Shar#Sharm#Sharp#Smark#Shar k---#---Shark\">Shark<\/span><span> 91 ogniw.<\/span><\/p>\n<p>Komplet sk\u0142ada si\u0119 z 14 szt. \u0142\u0105cznik\u00f3w z czystego niklu 0.15 mm<\/p>\n<p>&nbsp;<\/p>\n","protected":false},"excerpt":{"rendered":"<p>Chcieliby\u015bmy si\u0119 podzieli\u0107 naszym rozwi\u0105zaniem, do kt\u00f3rego przy\u0142o\u017cyli\u015bmy wszystkich stara\u0144 tak, aby poprawi\u0107 jako\u015b\u0107 i sprawno\u015b\u0107 naszych akumulator\u00f3w. Zaprojektowali\u015bmy Odpowiednie \u0142\u0105czniki niklowe do \u0142\u0105czenia ogniw,\u00a0kt\u00f3ra jest ci\u0119ta technologi\u0105 laserow\u0105, Co wyr\u00f3\u017cnia nasze produkty na rynku z innymi konkurencyjnymi firmami. Nasze \u0142\u0105czniki bardzo dobrze przenosz\u0105 pr\u0105d bez \u017cadnych strat, czy r\u00f3wnie\u017c [&hellip;]<\/p>\n","protected":false},"featured_media":337,"comment_status":"open","ping_status":"closed","template":"","meta":[],"product_brand":[],"product_cat":[17],"product_tag":[],"class_list":{"0":"post-331","1":"product","2":"type-product","3":"status-publish","4":"has-post-thumbnail","6":"product_cat-bez-kategorii","8":"first","9":"instock","10":"taxable","11":"shipping-taxable","12":"purchasable","13":"product-type-simple"},"jetpack_sharing_enabled":true,"_links":{"self":[{"href":"https:\/\/www.raptore-bajk.pl\/index.php\/wp-json\/wp\/v2\/product\/331","targetHints":{"allow":["GET"]}}],"collection":[{"href":"https:\/\/www.raptore-bajk.pl\/index.php\/wp-json\/wp\/v2\/product"}],"about":[{"href":"https:\/\/www.raptore-bajk.pl\/index.php\/wp-json\/wp\/v2\/types\/product"}],"replies":[{"embeddable":true,"href":"https:\/\/www.raptore-bajk.pl\/index.php\/wp-json\/wp\/v2\/comments?post=331"}],"wp:featuredmedia":[{"embeddable":true,"href":"https:\/\/www.raptore-bajk.pl\/index.php\/wp-json\/wp\/v2\/media\/337"}],"wp:attachment":[{"href":"https:\/\/www.raptore-bajk.pl\/index.php\/wp-json\/wp\/v2\/media?parent=331"}],"wp:term":[{"taxonomy":"product_brand","embeddable":true,"href":"https:\/\/www.raptore-bajk.pl\/index.php\/wp-json\/wp\/v2\/product_brand?post=331"},{"taxonomy":"product_cat","embeddable":true,"href":"https:\/\/www.raptore-bajk.pl\/index.php\/wp-json\/wp\/v2\/product_cat?post=331"},{"taxonomy":"product_tag","embeddable":true,"href":"https:\/\/www.raptore-bajk.pl\/index.php\/wp-json\/wp\/v2\/product_tag?post=331"}],"curies":[{"name":"wp","href":"https:\/\/api.w.org\/{rel}","templated":true}]}}