{"id":2134,"date":"2026-02-18T08:49:14","date_gmt":"2026-02-18T07:49:14","guid":{"rendered":"https:\/\/www.raptore-bajk.pl\/?post_type=product&#038;p=2134"},"modified":"2026-03-03T02:39:51","modified_gmt":"2026-03-03T01:39:51","slug":"sterownik-asi-bac-8000","status":"publish","type":"product","link":"https:\/\/www.raptore-bajk.pl\/index.php\/produkt\/sterownik-asi-bac-8000\/","title":{"rendered":"Sterownik ASI bac 8000"},"content":{"rendered":"<p>Sterownik ASI BAC8000 to wysokowydajny kontroler silnika przeznaczony do elektrycznych motocykli klasy performance, takich jak Sur-Ron Light Bee. Zaprojektowany przez kanadyjsk\u0105 firm\u0119 Accelerated Systems, wykorzystuje zaawansowane sterowanie wektorowe FOC (Field-Oriented Control), zapewniaj\u0105c maksymaln\u0105 moc, p\u0142ynno\u015b\u0107 pracy oraz wysok\u0105 sprawno\u015b\u0107 energetyczn\u0105. \ufffd<br \/>\nHighVoltagePEV + 1<br \/>\n\u26a1 Najwa\u017cniejsze cechy<br \/>\nProfesjonalny sterownik sinusoidalny FOC \u2013 p\u0142ynna i cicha praca silnika<br \/>\nOgromna wydajno\u015b\u0107 pr\u0105dowa \u2013 do 840 A pr\u0105du fazowego<br \/>\nAutomatyczne strojenie silnika (Auto-Tuning)<br \/>\nObs\u0142uga pracy sensorowej i bezsensorowej<br \/>\nRegulacja rekuperacji i os\u0142abiania pola (field-weakening)<br \/>\nKomunikacja CAN, TTL oraz Bluetooth<br \/>\nWysoka odporno\u015b\u0107 \u015brodowiskowa \u2013 obudowa klasy IPx5<br \/>\nSterownik potrafi dostarczy\u0107 nawet ok. 120% momentu znamionowego silnika bez potrzeby stosowania skomplikowanych czujnik\u00f3w po\u0142o\u017cenia, dzi\u0119ki autorskiej technologii sterowania ASI. \ufffd<br \/>\nHighVoltagePEV<br \/>\n\ud83d\udd27 Specyfikacja techniczna<br \/>\nNapi\u0119cie nominalne: 36\u201372 V (maks. ok. 90 V)<br \/>\nPr\u0105d fazowy: do 840 A (ok. 594 A RMS)<br \/>\nMoc ci\u0105g\u0142a: do ok. 8 kW<br \/>\nMoc szczytowa: nawet ok. 32 kW<br \/>\nPWM: ok. 10 kHz<br \/>\nCz\u0119stotliwo\u015b\u0107 wyj\u015bciowa: do 500 Hz<br \/>\nTemperatura pracy: \u221220\u00b0C do +50\u00b0C<br \/>\nWaga: ok. 2 kg<br \/>\nSprawno\u015b\u0107: do ok. 95\u201399%<br \/>\nDzi\u0119ki takiej specyfikacji kontroler znacz\u0105co zwi\u0119ksza moment obrotowy i dynamik\u0119 pojazdu, umo\u017cliwiaj\u0105c wykorzystanie baterii 60 V lub 72 V oraz mocnych konfiguracji tuningowych.<br \/>\nFabiRide + 2<br \/>\n\ud83c\udfcd\ufe0f Zastosowanie w Sur-Ron Light Bee -Ultra Bee i inne<\/p>\n<p><strong>W zestawie z LCD eggrider V2 dzi\u0119ki kt\u00f3remu mamy mo\u017cliwo\u015b\u0107 ustawienia do 3 do 18 map MOCY z aplikacji<\/strong><\/p>\n<p>BAC8000 jest popularnym upgradem dla modeli Sur-Ron, poniewa\u017c:<br \/>\nzwi\u0119ksza moc i przyspieszenie motocykla<br \/>\numo\u017cliwia pe\u0142n\u0105 konfiguracj\u0119 parametr\u00f3w jazdy<br \/>\npozwala na instalacj\u0119 mocniejszych baterii<br \/>\nzapewnia stabilne sterowanie nawet przy ekstremalnych obci\u0105\u017ceniach<br \/>\nKontroler jest szczeg\u00f3lnie polecany do zastosowa\u0144 off-road, sportowych oraz tuningowych.<\/p>\n","protected":false},"excerpt":{"rendered":"<p>ASI BAC zaprogramowany pod Surron Light Bee z mocowaniami i LCD<\/p>\n","protected":false},"featured_media":749,"comment_status":"open","ping_status":"closed","template":"","meta":[],"product_brand":[],"product_cat":[29],"product_tag":[],"class_list":{"0":"post-2134","1":"product","2":"type-product","3":"status-publish","4":"has-post-thumbnail","6":"product_cat-modyfikacje-surron-light-bee","8":"first","9":"instock","10":"taxable","11":"shipping-taxable","12":"purchasable","13":"product-type-simple"},"jetpack_sharing_enabled":true,"_links":{"self":[{"href":"https:\/\/www.raptore-bajk.pl\/index.php\/wp-json\/wp\/v2\/product\/2134","targetHints":{"allow":["GET"]}}],"collection":[{"href":"https:\/\/www.raptore-bajk.pl\/index.php\/wp-json\/wp\/v2\/product"}],"about":[{"href":"https:\/\/www.raptore-bajk.pl\/index.php\/wp-json\/wp\/v2\/types\/product"}],"replies":[{"embeddable":true,"href":"https:\/\/www.raptore-bajk.pl\/index.php\/wp-json\/wp\/v2\/comments?post=2134"}],"wp:featuredmedia":[{"embeddable":true,"href":"https:\/\/www.raptore-bajk.pl\/index.php\/wp-json\/wp\/v2\/media\/749"}],"wp:attachment":[{"href":"https:\/\/www.raptore-bajk.pl\/index.php\/wp-json\/wp\/v2\/media?parent=2134"}],"wp:term":[{"taxonomy":"product_brand","embeddable":true,"href":"https:\/\/www.raptore-bajk.pl\/index.php\/wp-json\/wp\/v2\/product_brand?post=2134"},{"taxonomy":"product_cat","embeddable":true,"href":"https:\/\/www.raptore-bajk.pl\/index.php\/wp-json\/wp\/v2\/product_cat?post=2134"},{"taxonomy":"product_tag","embeddable":true,"href":"https:\/\/www.raptore-bajk.pl\/index.php\/wp-json\/wp\/v2\/product_tag?post=2134"}],"curies":[{"name":"wp","href":"https:\/\/api.w.org\/{rel}","templated":true}]}}