{"id":2127,"date":"2026-02-04T10:21:42","date_gmt":"2026-02-04T09:21:42","guid":{"rendered":"https:\/\/www.raptore-bajk.pl\/?post_type=product&#038;p=2127"},"modified":"2026-02-15T01:52:34","modified_gmt":"2026-02-15T00:52:34","slug":"wiazka-zasilania-qs8-custom-2","status":"publish","type":"product","link":"https:\/\/www.raptore-bajk.pl\/index.php\/produkt\/wiazka-zasilania-qs8-custom-2\/","title":{"rendered":"Wi\u0105zka zasilania QS8 Custom"},"content":{"rendered":"<p>To rozwi\u0105zanie dla\u00a0 u\u017cytkownik\u00f3w e-bike\u2019\u00f3w Talaria Sting! kt\u00f3rzy podnosz\u0105 moc<\/p>\n<ul>\n<li>Kompatybilno\u015b\u0107 \u2013 dedykowana do Talaria Sting. Pasuje do akumulator\u00f3w Raptore-Bajk o mocy powy\u017cej 12 kW i do akumulator\u00f3w ze z\u0142\u0105czem QS8<\/li>\n<li>Najwy\u017csza jako\u015b\u0107 przewod\u00f3w \u2013 zastosowanie przewodu zasilaj\u0105cego 6 AWG zapewnia maksymaln\u0105 przewodno\u015b\u0107 i minimalne straty energii.<\/li>\n<li>Bezpieczne po\u0142\u0105czenie \u2013 wyposa\u017cona w z\u0142\u0105cze QS8 oraz zamontowany bezpiecznik, co zwi\u0119ksza ochron\u0119 instalacji elektrycznej.<\/li>\n<li>Gotowa do monta\u017cu \u2013 szybka i prosta instalacja<\/li>\n<li>Demontujemy lub mijamy oryginalny wy\u0142\u0105cznik obwodu zwanym ,,circuit breaker\u201d<\/li>\n<li>Postaw na niezawodno\u015b\u0107 i wydajno\u015b\u0107 \u2013 wybierz wi\u0105zk\u0119 zasilania Custom!<\/li>\n<\/ul>\n","protected":false},"excerpt":{"rendered":"<p>To rozwi\u0105zanie dla\u00a0 u\u017cytkownik\u00f3w e-bike\u2019\u00f3w Talaria Sting! kt\u00f3rzy podnosz\u0105 moc Kompatybilno\u015b\u0107 \u2013 dedykowana do Talaria Sting. Pasuje do akumulator\u00f3w Raptore-Bajk o mocy powy\u017cej 12 kW i do akumulator\u00f3w ze z\u0142\u0105czem QS8 Najwy\u017csza jako\u015b\u0107 przewod\u00f3w \u2013 zastosowanie przewodu zasilaj\u0105cego 6 AWG zapewnia maksymaln\u0105 przewodno\u015b\u0107 i minimalne straty energii. Bezpieczne po\u0142\u0105czenie \u2013 [&hellip;]<\/p>\n","protected":false},"featured_media":2128,"comment_status":"open","ping_status":"closed","template":"","meta":[],"product_brand":[],"product_cat":[33],"product_tag":[],"class_list":{"0":"post-2127","1":"product","2":"type-product","3":"status-publish","4":"has-post-thumbnail","6":"product_cat-modyfikacje-talaria-string-mx3-mx4","8":"first","9":"instock","10":"taxable","11":"shipping-taxable","12":"purchasable","13":"product-type-simple"},"jetpack_sharing_enabled":true,"_links":{"self":[{"href":"https:\/\/www.raptore-bajk.pl\/index.php\/wp-json\/wp\/v2\/product\/2127","targetHints":{"allow":["GET"]}}],"collection":[{"href":"https:\/\/www.raptore-bajk.pl\/index.php\/wp-json\/wp\/v2\/product"}],"about":[{"href":"https:\/\/www.raptore-bajk.pl\/index.php\/wp-json\/wp\/v2\/types\/product"}],"replies":[{"embeddable":true,"href":"https:\/\/www.raptore-bajk.pl\/index.php\/wp-json\/wp\/v2\/comments?post=2127"}],"wp:featuredmedia":[{"embeddable":true,"href":"https:\/\/www.raptore-bajk.pl\/index.php\/wp-json\/wp\/v2\/media\/2128"}],"wp:attachment":[{"href":"https:\/\/www.raptore-bajk.pl\/index.php\/wp-json\/wp\/v2\/media?parent=2127"}],"wp:term":[{"taxonomy":"product_brand","embeddable":true,"href":"https:\/\/www.raptore-bajk.pl\/index.php\/wp-json\/wp\/v2\/product_brand?post=2127"},{"taxonomy":"product_cat","embeddable":true,"href":"https:\/\/www.raptore-bajk.pl\/index.php\/wp-json\/wp\/v2\/product_cat?post=2127"},{"taxonomy":"product_tag","embeddable":true,"href":"https:\/\/www.raptore-bajk.pl\/index.php\/wp-json\/wp\/v2\/product_tag?post=2127"}],"curies":[{"name":"wp","href":"https:\/\/api.w.org\/{rel}","templated":true}]}}