{"id":211,"date":"2021-10-28T21:52:32","date_gmt":"2021-10-28T19:52:32","guid":{"rendered":"http:\/\/www.raptore-bajk.pl\/?post_type=product&#038;p=211"},"modified":"2021-11-09T23:34:18","modified_gmt":"2021-11-09T22:34:18","slug":"zaplatanie-i-centrowanie-kol","status":"publish","type":"product","link":"https:\/\/www.raptore-bajk.pl\/index.php\/produkt\/zaplatanie-i-centrowanie-kol\/","title":{"rendered":"Zaplatanie i centrowanie k\u00f3\u0142"},"content":{"rendered":"<p><span>Witam.<\/span><\/p>\n<p><span>Prowadzimy serwis zaplatania i centrowania k\u00f3\u0142 w silniki typu\u00a0<\/span><span>HUB, jak i<\/span><span>\u00a0zaplatania przedniego ko\u0142a w piasty.<\/span><\/p>\n<p><span>Prowadzimy r\u00f3wnie\u017c serwis k\u00f3\u0142, wymiana\u00a0<\/span><span>\u0142o\u017cysk, jak i<\/span><span>\u00a0centrowanie.<\/span><\/p>\n<p><span>Mo\u017cliwo\u015b\u0107 wysy\u0142ki do nas swojego\u00a0<\/span><span>ko\u0142a, jak i<\/span><span>\u00a0cz\u0119\u015bci do zaplecenia. W razie potrzeby pomo\u017cemy z doborem\u00a0<\/span><span>szprych, jak i<\/span><span>\u00a0reszty\u00a0<\/span><span>podzespo\u0142\u00f3w.<\/span><\/p>\n<p>Czas realizacji od 7-14 dni w zale\u017cno\u015bci od zakresu prac.<\/p>\n<p><span>Pami\u0119taj cena dotyczy samej Us\u0142ugi bez\u00a0<\/span><span>cz\u0119\u015bci.<\/span><\/p>\n<p><img loading=\"lazy\" decoding=\"async\" src=\"http:\/\/www.raptore-bajk.pl\/wp-content\/uploads\/2021\/10\/IMG_20210812_092137_Bokeh-225x300.jpg\" alt=\"\" width=\"404\" height=\"539\" class=\"alignnone wp-image-213\" srcset=\"https:\/\/www.raptore-bajk.pl\/wp-content\/uploads\/2021\/10\/IMG_20210812_092137_Bokeh-225x300.jpg 225w, https:\/\/www.raptore-bajk.pl\/wp-content\/uploads\/2021\/10\/IMG_20210812_092137_Bokeh-600x800.jpg 600w, https:\/\/www.raptore-bajk.pl\/wp-content\/uploads\/2021\/10\/IMG_20210812_092137_Bokeh-768x1024.jpg 768w, https:\/\/www.raptore-bajk.pl\/wp-content\/uploads\/2021\/10\/IMG_20210812_092137_Bokeh-1152x1536.jpg 1152w, https:\/\/www.raptore-bajk.pl\/wp-content\/uploads\/2021\/10\/IMG_20210812_092137_Bokeh-1536x2048.jpg 1536w, https:\/\/www.raptore-bajk.pl\/wp-content\/uploads\/2021\/10\/IMG_20210812_092137_Bokeh-scaled.jpg 1920w\" sizes=\"auto, (max-width: 404px) 100vw, 404px\" \/><\/p>\n<p>&nbsp;<\/p>\n<p>&nbsp;<\/p>\n<p><img loading=\"lazy\" decoding=\"async\" src=\"http:\/\/www.raptore-bajk.pl\/wp-content\/uploads\/2021\/10\/IMG_20211109_173752_Bokeh-300x225.jpg\" alt=\"\" width=\"404\" height=\"303\" class=\"alignnone  wp-image-303\" srcset=\"https:\/\/www.raptore-bajk.pl\/wp-content\/uploads\/2021\/10\/IMG_20211109_173752_Bokeh-300x225.jpg 300w, https:\/\/www.raptore-bajk.pl\/wp-content\/uploads\/2021\/10\/IMG_20211109_173752_Bokeh-600x450.jpg 600w, https:\/\/www.raptore-bajk.pl\/wp-content\/uploads\/2021\/10\/IMG_20211109_173752_Bokeh-1024x768.jpg 1024w, https:\/\/www.raptore-bajk.pl\/wp-content\/uploads\/2021\/10\/IMG_20211109_173752_Bokeh-768x576.jpg 768w, https:\/\/www.raptore-bajk.pl\/wp-content\/uploads\/2021\/10\/IMG_20211109_173752_Bokeh-1536x1152.jpg 1536w, https:\/\/www.raptore-bajk.pl\/wp-content\/uploads\/2021\/10\/IMG_20211109_173752_Bokeh-2048x1536.jpg 2048w\" sizes=\"auto, (max-width: 404px) 100vw, 404px\" \/><\/p>\n<p><img loading=\"lazy\" decoding=\"async\" src=\"http:\/\/www.raptore-bajk.pl\/wp-content\/uploads\/2021\/10\/IMG_20211108_180716-138x300.jpg\" alt=\"\" width=\"227\" height=\"493\" class=\"alignnone  wp-image-304\" \/><\/p>\n","protected":false},"excerpt":{"rendered":"<p>Witam. Prowadzimy serwis zaplatania i centrowania k\u00f3\u0142 w silniki typu\u00a0HUB, jak i\u00a0zaplatania przedniego ko\u0142a w piasty. Prowadzimy r\u00f3wnie\u017c serwis k\u00f3\u0142, wymiana\u00a0\u0142o\u017cysk, jak i\u00a0centrowanie. Mo\u017cliwo\u015b\u0107 wysy\u0142ki do nas swojego\u00a0ko\u0142a, jak i\u00a0cz\u0119\u015bci do zaplecenia. W razie potrzeby pomo\u017cemy z doborem\u00a0szprych, jak i\u00a0reszty\u00a0podzespo\u0142\u00f3w. Czas realizacji od 7-14 dni w zale\u017cno\u015bci od zakresu prac. [&hellip;]<\/p>\n","protected":false},"featured_media":212,"comment_status":"open","ping_status":"closed","template":"","meta":[],"product_brand":[],"product_cat":[22],"product_tag":[],"class_list":{"0":"post-211","1":"product","2":"type-product","3":"status-publish","4":"has-post-thumbnail","6":"product_cat-serwis","8":"first","9":"instock","10":"taxable","11":"shipping-taxable","12":"purchasable","13":"product-type-simple"},"jetpack_sharing_enabled":true,"_links":{"self":[{"href":"https:\/\/www.raptore-bajk.pl\/index.php\/wp-json\/wp\/v2\/product\/211","targetHints":{"allow":["GET"]}}],"collection":[{"href":"https:\/\/www.raptore-bajk.pl\/index.php\/wp-json\/wp\/v2\/product"}],"about":[{"href":"https:\/\/www.raptore-bajk.pl\/index.php\/wp-json\/wp\/v2\/types\/product"}],"replies":[{"embeddable":true,"href":"https:\/\/www.raptore-bajk.pl\/index.php\/wp-json\/wp\/v2\/comments?post=211"}],"wp:featuredmedia":[{"embeddable":true,"href":"https:\/\/www.raptore-bajk.pl\/index.php\/wp-json\/wp\/v2\/media\/212"}],"wp:attachment":[{"href":"https:\/\/www.raptore-bajk.pl\/index.php\/wp-json\/wp\/v2\/media?parent=211"}],"wp:term":[{"taxonomy":"product_brand","embeddable":true,"href":"https:\/\/www.raptore-bajk.pl\/index.php\/wp-json\/wp\/v2\/product_brand?post=211"},{"taxonomy":"product_cat","embeddable":true,"href":"https:\/\/www.raptore-bajk.pl\/index.php\/wp-json\/wp\/v2\/product_cat?post=211"},{"taxonomy":"product_tag","embeddable":true,"href":"https:\/\/www.raptore-bajk.pl\/index.php\/wp-json\/wp\/v2\/product_tag?post=211"}],"curies":[{"name":"wp","href":"https:\/\/api.w.org\/{rel}","templated":true}]}}