{"id":2098,"date":"2026-01-13T12:40:22","date_gmt":"2026-01-13T11:40:22","guid":{"rendered":"https:\/\/www.raptore-bajk.pl\/?post_type=product&#038;p=2098"},"modified":"2026-01-17T09:12:45","modified_gmt":"2026-01-17T08:12:45","slug":"kable","status":"publish","type":"product","link":"https:\/\/www.raptore-bajk.pl\/index.php\/produkt\/kable\/","title":{"rendered":"Wi\u0105zka przewod\u00f3w Surron Light Bee X"},"content":{"rendered":"<p>Wi\u0105zka przewod\u00f3w Surron Light Bee X<\/p>\n<p><strong>Najwa\u017cniejsze cechy:<\/strong><\/p>\n<ul>\n<li>Dedykowana kompatybilno\u015b\u0107 \u2013 idealnie dopasowana do modelu Surron Light Bee X<\/li>\n<li>Wysoka jako\u015b\u0107 wykonania \u2013 solidne przewody i z\u0142\u0105cza odporne na wibracje, wilgo\u0107 oraz zmienne warunki terenowe<\/li>\n<li>Niezawodno\u015b\u0107 \u2013 zapewnia stabilne przesy\u0142anie sygna\u0142u i zasilania pomi\u0119dzy komponentami<\/li>\n<li>Plug &amp; Play \u2013 \u0142atwy monta\u017c bez konieczno\u015bci przer\u00f3bek instalacji<\/li>\n<li>Trwa\u0142o\u015b\u0107 \u2013 zaprojektowana do intensywnej eksploatacji w je\u017adzie off-road i miejskiej<\/li>\n<\/ul>\n<p><strong>Zastosowanie:<\/strong><br \/>\nWi\u0105zka idealnie sprawdzi si\u0119 jako cz\u0119\u015b\u0107 zamienna w przypadku uszkodzenia fabrycznej instalacji lub podczas naprawy i renowacji motocykla. To r\u00f3wnie\u017c dobry wyb\u00f3r dla u\u017cytkownik\u00f3w ceni\u0105cych bezproblemow\u0105 eksploatacj\u0119 i pewno\u015b\u0107 dzia\u0142ania elektroniki.<br \/>\n<strong>Dlaczego warto?<\/strong><br \/>\nWybieraj\u0105c dedykowan\u0105 wi\u0105zk\u0119 przewod\u00f3w do Surron Light Bee X, zyskujesz pewno\u015b\u0107 kompatybilno\u015bci, bezpiecze\u0144stwa oraz d\u0142ugiej \u017cywotno\u015bci bez kompromis\u00f3w.<\/p>\n","protected":false},"excerpt":{"rendered":"<p>Surron Light Bee X<strong> &lt;bez kierunkowskaz\u00f3w&gt;<\/strong><\/p>\n","protected":false},"featured_media":2099,"comment_status":"open","ping_status":"closed","template":"","meta":[],"product_brand":[],"product_cat":[29],"product_tag":[],"class_list":{"0":"post-2098","1":"product","2":"type-product","3":"status-publish","4":"has-post-thumbnail","6":"product_cat-modyfikacje-surron-light-bee","8":"first","9":"instock","10":"taxable","11":"shipping-taxable","12":"purchasable","13":"product-type-simple"},"jetpack_sharing_enabled":true,"_links":{"self":[{"href":"https:\/\/www.raptore-bajk.pl\/index.php\/wp-json\/wp\/v2\/product\/2098","targetHints":{"allow":["GET"]}}],"collection":[{"href":"https:\/\/www.raptore-bajk.pl\/index.php\/wp-json\/wp\/v2\/product"}],"about":[{"href":"https:\/\/www.raptore-bajk.pl\/index.php\/wp-json\/wp\/v2\/types\/product"}],"replies":[{"embeddable":true,"href":"https:\/\/www.raptore-bajk.pl\/index.php\/wp-json\/wp\/v2\/comments?post=2098"}],"wp:featuredmedia":[{"embeddable":true,"href":"https:\/\/www.raptore-bajk.pl\/index.php\/wp-json\/wp\/v2\/media\/2099"}],"wp:attachment":[{"href":"https:\/\/www.raptore-bajk.pl\/index.php\/wp-json\/wp\/v2\/media?parent=2098"}],"wp:term":[{"taxonomy":"product_brand","embeddable":true,"href":"https:\/\/www.raptore-bajk.pl\/index.php\/wp-json\/wp\/v2\/product_brand?post=2098"},{"taxonomy":"product_cat","embeddable":true,"href":"https:\/\/www.raptore-bajk.pl\/index.php\/wp-json\/wp\/v2\/product_cat?post=2098"},{"taxonomy":"product_tag","embeddable":true,"href":"https:\/\/www.raptore-bajk.pl\/index.php\/wp-json\/wp\/v2\/product_tag?post=2098"}],"curies":[{"name":"wp","href":"https:\/\/api.w.org\/{rel}","templated":true}]}}