{"id":2095,"date":"2026-01-13T12:39:21","date_gmt":"2026-01-13T11:39:21","guid":{"rendered":"https:\/\/www.raptore-bajk.pl\/?post_type=product&#038;p=2095"},"modified":"2026-01-17T09:11:43","modified_gmt":"2026-01-17T08:11:43","slug":"oslona","status":"publish","type":"product","link":"https:\/\/www.raptore-bajk.pl\/index.php\/produkt\/oslona\/","title":{"rendered":"Obudowa silnika Torp TM 25 Strona z\u0119batki <Prz\u00f3d>"},"content":{"rendered":"<p>Zamienna obudowa silnika Torp TM25<br \/>\nUszkodzi\u0142e\u015b gwinty lub Twoja obudowa silnika uleg\u0142a zniszczeniu? Nie musisz wymienia\u0107 ca\u0142ego silnika! Oferujemy wysokiej jako\u015bci zamienn\u0105 obudow\u0119 do silnika Torp TM25, kt\u00f3ra pozwoli szybko i skutecznie przywr\u00f3ci\u0107 pe\u0142n\u0105 sprawno\u015b\u0107 urz\u0105dzenia.<br \/>\nProdukt wykonany z trwa\u0142ych materia\u0142\u00f3w, zapewnia idealne dopasowanie oraz d\u0142ug\u0105 \u017cywotno\u015b\u0107. To doskona\u0142e rozwi\u0105zanie dla serwis\u00f3w oraz u\u017cytkownik\u00f3w indywidualnych szukaj\u0105cych niezawodnej cz\u0119\u015bci zamiennej.<\/p>\n<p>\u2705 Precyzyjne wykonanie,,Orygina\u0142&#8221;<br \/>\n\u2705 \u0141atwy monta\u017c<br \/>\n\u2705 Kompatybilno\u015b\u0107 z Torp TM25<\/p>\n","protected":false},"excerpt":{"rendered":"<p>Strona przednia &lt;z\u0119batka&gt;<\/p>\n","protected":false},"featured_media":2096,"comment_status":"open","ping_status":"closed","template":"","meta":[],"product_brand":[],"product_cat":[29],"product_tag":[],"class_list":{"0":"post-2095","1":"product","2":"type-product","3":"status-publish","4":"has-post-thumbnail","6":"product_cat-modyfikacje-surron-light-bee","8":"first","9":"instock","10":"taxable","11":"shipping-taxable","12":"purchasable","13":"product-type-simple"},"jetpack_sharing_enabled":true,"_links":{"self":[{"href":"https:\/\/www.raptore-bajk.pl\/index.php\/wp-json\/wp\/v2\/product\/2095","targetHints":{"allow":["GET"]}}],"collection":[{"href":"https:\/\/www.raptore-bajk.pl\/index.php\/wp-json\/wp\/v2\/product"}],"about":[{"href":"https:\/\/www.raptore-bajk.pl\/index.php\/wp-json\/wp\/v2\/types\/product"}],"replies":[{"embeddable":true,"href":"https:\/\/www.raptore-bajk.pl\/index.php\/wp-json\/wp\/v2\/comments?post=2095"}],"wp:featuredmedia":[{"embeddable":true,"href":"https:\/\/www.raptore-bajk.pl\/index.php\/wp-json\/wp\/v2\/media\/2096"}],"wp:attachment":[{"href":"https:\/\/www.raptore-bajk.pl\/index.php\/wp-json\/wp\/v2\/media?parent=2095"}],"wp:term":[{"taxonomy":"product_brand","embeddable":true,"href":"https:\/\/www.raptore-bajk.pl\/index.php\/wp-json\/wp\/v2\/product_brand?post=2095"},{"taxonomy":"product_cat","embeddable":true,"href":"https:\/\/www.raptore-bajk.pl\/index.php\/wp-json\/wp\/v2\/product_cat?post=2095"},{"taxonomy":"product_tag","embeddable":true,"href":"https:\/\/www.raptore-bajk.pl\/index.php\/wp-json\/wp\/v2\/product_tag?post=2095"}],"curies":[{"name":"wp","href":"https:\/\/api.w.org\/{rel}","templated":true}]}}