{"id":2013,"date":"2025-12-11T14:22:58","date_gmt":"2025-12-11T13:22:58","guid":{"rendered":"https:\/\/www.raptore-bajk.pl\/?post_type=product&#038;p=2013"},"modified":"2026-04-17T20:19:47","modified_gmt":"2026-04-17T18:19:47","slug":"silnik-torp-tm50-surron-ultra-bee","status":"publish","type":"product","link":"https:\/\/www.raptore-bajk.pl\/index.php\/produkt\/silnik-torp-tm50-surron-ultra-bee\/","title":{"rendered":"SILNIK TORP TM50 Pro Surron Ultra Bee"},"content":{"rendered":"<p><strong>Silnik Torp TM50Pro do Surron Ultra Bee \u2013 Moc, kt\u00f3ra wyznacza nowe standardy<\/strong><\/p>\n<p>Podnie\u015b mo\u017cliwo\u015bci swojego Surron Ultra Bee na absolutnie najwy\u017cszy poziom dzi\u0119ki silnikowi Torp Motors TM50Pro nowoczesnej jednostce nap\u0119dowej stworzonej z my\u015bl\u0105 o maksymalnej wydajno\u015bci, trwa\u0142o\u015bci i precyzji dzia\u0142ania. To zaawansowane technologicznie rozwi\u0105zanie oferuje jeszcze wi\u0119cej mocy oraz momentu obrotowego ni\u017c jego poprzednicy, zapewniaj\u0105c wyj\u0105tkow\u0105 dynamik\u0119 w ka\u017cdym terenie.<\/p>\n<p>Silnik Torp TM50Pro zosta\u0142 zaprojektowany tak, aby perfekcyjnie wsp\u00f3\u0142pracowa\u0142 z platform\u0105 Ultra Bee, oferuj\u0105c p\u0142ynne oddawanie mocy, natychmiastow\u0105 reakcj\u0119 na gaz oraz pe\u0142n\u0105 kontrol\u0119 nad pojazdem. To idealny wyb\u00f3r dla wymagaj\u0105cych rider\u00f3w, kt\u00f3rzy oczekuj\u0105 nie tylko lepszych osi\u0105g\u00f3w, ale r\u00f3wnie\u017c niezawodno\u015bci podczas intensywnej jazdy terenowej.<\/p>\n<p>Opracowany pod k\u0105tem sterownik\u00f3w Torp, TM50Pro zachowuje pe\u0142n\u0105 kompatybilno\u015b\u0107 tak\u017ce z innymi markami kontroler\u00f3w oraz szerok\u0105 gam\u0105 pojazd\u00f3w elektrycznych, co czyni go wszechstronnym i uniwersalnym rozwi\u0105zaniem tuningowym.<\/p>\n<p><strong>Dane techniczne:<\/strong><\/p>\n<ul>\n<li>Moc szczytowa: 58 kW<\/li>\n<li>Moc ci\u0105g\u0142a: 24 kW<\/li>\n<li>Maksymalny pr\u0105d fazowy: 1200 A<\/li>\n<li>Maksymalny moment obrotowy: 102 Nm<\/li>\n<li>Moment obrotowy 500 A: 49 Nm<\/li>\n<li>Waga: 14,2 kg<\/li>\n<li>Wymiary silnika: 170\u00d7198 mm<\/li>\n<\/ul>\n<p><a href=\"https:\/\/www.torpmotors.com\/wp-content\/uploads\/2024\/10\/TM50-Pro-Installation-Manual_10-2024.pdf\" target=\"_blank\" rel=\"noopener\">Instrukcja obs\u0142ugi<\/a><br \/>\n<a href=\"https:\/\/www.raptore-bajk.pl\/index.php\/produkt\/sterownik-tc-1000-torp-motor\/\">Kompatybilny z kontrolerem TC1000<\/a><\/p>\n","protected":false},"excerpt":{"rendered":"<p>Silnik Torp TM50Pro do Surron Ultra Bee \u2013 Moc, kt\u00f3ra wyznacza nowe standardy Podnie\u015b mo\u017cliwo\u015bci swojego Surron Ultra Bee na absolutnie najwy\u017cszy poziom dzi\u0119ki silnikowi Torp Motors TM50Pro nowoczesnej jednostce nap\u0119dowej stworzonej z my\u015bl\u0105 o maksymalnej wydajno\u015bci, trwa\u0142o\u015bci i precyzji dzia\u0142ania. To zaawansowane technologicznie rozwi\u0105zanie oferuje jeszcze wi\u0119cej mocy oraz [&hellip;]<\/p>\n","protected":false},"featured_media":2015,"comment_status":"open","ping_status":"closed","template":"","meta":[],"product_brand":[],"product_cat":[32,24],"product_tag":[],"class_list":{"0":"post-2013","1":"product","2":"type-product","3":"status-publish","4":"has-post-thumbnail","6":"product_cat-modyfikacje-surron-ultra-bee","7":"product_cat-silniki","9":"first","10":"outofstock","11":"taxable","12":"shipping-taxable","13":"purchasable","14":"product-type-simple"},"jetpack_sharing_enabled":true,"_links":{"self":[{"href":"https:\/\/www.raptore-bajk.pl\/index.php\/wp-json\/wp\/v2\/product\/2013","targetHints":{"allow":["GET"]}}],"collection":[{"href":"https:\/\/www.raptore-bajk.pl\/index.php\/wp-json\/wp\/v2\/product"}],"about":[{"href":"https:\/\/www.raptore-bajk.pl\/index.php\/wp-json\/wp\/v2\/types\/product"}],"replies":[{"embeddable":true,"href":"https:\/\/www.raptore-bajk.pl\/index.php\/wp-json\/wp\/v2\/comments?post=2013"}],"wp:featuredmedia":[{"embeddable":true,"href":"https:\/\/www.raptore-bajk.pl\/index.php\/wp-json\/wp\/v2\/media\/2015"}],"wp:attachment":[{"href":"https:\/\/www.raptore-bajk.pl\/index.php\/wp-json\/wp\/v2\/media?parent=2013"}],"wp:term":[{"taxonomy":"product_brand","embeddable":true,"href":"https:\/\/www.raptore-bajk.pl\/index.php\/wp-json\/wp\/v2\/product_brand?post=2013"},{"taxonomy":"product_cat","embeddable":true,"href":"https:\/\/www.raptore-bajk.pl\/index.php\/wp-json\/wp\/v2\/product_cat?post=2013"},{"taxonomy":"product_tag","embeddable":true,"href":"https:\/\/www.raptore-bajk.pl\/index.php\/wp-json\/wp\/v2\/product_tag?post=2013"}],"curies":[{"name":"wp","href":"https:\/\/api.w.org\/{rel}","templated":true}]}}