{"id":1926,"date":"2025-10-17T11:53:04","date_gmt":"2025-10-17T09:53:04","guid":{"rendered":"https:\/\/www.raptore-bajk.pl\/?post_type=product&#038;p=1926"},"modified":"2025-11-01T09:31:30","modified_gmt":"2025-11-01T08:31:30","slug":"akumulator-81-2v-50ah-20kw","status":"publish","type":"product","link":"https:\/\/www.raptore-bajk.pl\/index.php\/produkt\/akumulator-81-2v-50ah-20kw\/","title":{"rendered":"Akumulator 81.2V 50Ah 20kW"},"content":{"rendered":"<p><strong>Akumulator RaptorE-bajk 81.2V 50Ah 20kW\u00a0 maksymalna moc i niezawodno\u015b\u0107<\/strong><\/p>\n<p>Postaw na energi\u0119 bez kompromis\u00f3w z akumulatorem RaptorE-bajk 81.2V 50Ah 20kW. To zaawansowane \u017ar\u00f3d\u0142o zasilania stworzone z my\u015bl\u0105 o motocyklach elektrycznych takich jak Talaria MX5. Zapewnia imponuj\u0105c\u0105 moc, d\u0142ugi zasi\u0119g oraz wyj\u0105tkow\u0105 trwa\u0142o\u015b\u0107, idealny wyb\u00f3r dla wymagaj\u0105cych u\u017cytkownik\u00f3w.<\/p>\n<p>Dzi\u0119ki wysokowydajnym ogniwom Li-ion oraz solidnej obudowie, akumulator RaptorE-bajk gwarantuje stabilne osi\u0105gi i bezpiecze\u0144stwo w ka\u017cdych warunkach, zar\u00f3wno w mie\u015bcie, jak i w terenie.<\/p>\n<p><strong>Najwa\u017cniejsze zalety:<\/strong><\/p>\n<ul>\n<li>Du\u017ca moc 20kW \u2013 zapewnia dynamiczne przyspieszenie i pewn\u0105 jazd\u0119 w ka\u017cdych warunkach<\/li>\n<li>Wysoka pojemno\u015b\u0107 50Ah (4050Wh) \u2013 gwarancja d\u0142ugiego zasi\u0119gu i stabilnej pracy<\/li>\n<li>Zaawansowana technologia Li-ion \u2013 wysoka g\u0119sto\u015b\u0107 energii i d\u0142uga \u017cywotno\u015b\u0107 ogniw<\/li>\n<li>Bezpiecze\u0144stwo i niezawodno\u015b\u0107 \u2013 zabezpieczenia przed przegrzaniem, przepi\u0119ciem i przeci\u0105\u017ceniem<\/li>\n<li>Idealne dopasowanie \u2013 kompatybilny z Talaria MX5 wy\u0142\u0105cznie z Custom sterownikiem Typu <strong><a href=\"https:\/\/www.raptore-bajk.pl\/index.php\/produkt\/sterownik-tc-1000-torp-motor\/\">Torp TC1000<\/a><\/strong><\/li>\n<li>Proponowana Szybka<strong> <a href=\"https:\/\/www.raptore-bajk.pl\/index.php\/produkt\/ladowarka-li-ion-924v-15a\/\">\u0141adowarka\u00a0 15A<\/a><\/strong><\/li>\n<\/ul>\n<p><strong>Specyfikacja techniczna:<\/strong><\/p>\n<ul>\n<li>Napi\u0119cie nominalne: 81.2V<\/li>\n<li>Pojemno\u015b\u0107: 50Ah<\/li>\n<li>Moc maksymalna: 20kW<\/li>\n<li>Technologia ogniw: Li-ion (wysokopr\u0105dowe ogniwa )<\/li>\n<li>Zastosowanie: motocykle elektryczne (Talaria MX5)<\/li>\n<li>Obudowa: wzmocniona, odporna na wstrz\u0105sy i wod\u0119<\/li>\n<li>Zabezpieczenia: nadpr\u0105dowe, przepi\u0119ciowe, podnapi\u0119ciowe, termiczne<\/li>\n<\/ul>\n<p>Dlaczego warto wybra\u0107 RaptorE-bajk?<\/p>\n<p>Akumulatory RaptorE-bajk to synonim jako\u015bci, wydajno\u015bci i bezpiecze\u0144stwa. Ka\u017cdy model jest tworzony z my\u015bl\u0105 o maksymalnej trwa\u0142o\u015bci i dostarczaniu pe\u0142nej mocy w ka\u017cdych warunkach. To idealne rozwi\u0105zanie dla os\u00f3b, kt\u00f3re chc\u0105 w pe\u0142ni wykorzysta\u0107 potencja\u0142 swojego motocykla elektrycznego.<\/p>\n<p>&nbsp;<\/p>\n<div class=\"et_pb_text_inner\">\n<p><strong>Mo\u017cliwo\u015b\u0107 monta\u017cu w naszym serwisie po uzgodnieniu\u00a0<\/strong><\/p>\n<\/div>\n<p><strong>Czas oczekiwania na zestaw 14 \u2013 30 Dni.<\/strong><\/p>\n","protected":false},"excerpt":{"rendered":"<p>Akumulator RaptorE-bajk 81.2V 50Ah 20kW\u00a0 maksymalna moc i niezawodno\u015b\u0107 Postaw na energi\u0119 bez kompromis\u00f3w z akumulatorem RaptorE-bajk 81.2V 50Ah 20kW. To zaawansowane \u017ar\u00f3d\u0142o zasilania stworzone z my\u015bl\u0105 o motocyklach elektrycznych takich jak Talaria MX5. Zapewnia imponuj\u0105c\u0105 moc, d\u0142ugi zasi\u0119g oraz wyj\u0105tkow\u0105 trwa\u0142o\u015b\u0107, idealny wyb\u00f3r dla wymagaj\u0105cych u\u017cytkownik\u00f3w. Dzi\u0119ki wysokowydajnym ogniwom [&hellip;]<\/p>\n","protected":false},"featured_media":1927,"comment_status":"open","ping_status":"closed","template":"","meta":[],"product_brand":[],"product_cat":[39],"product_tag":[],"class_list":{"0":"post-1926","1":"product","2":"type-product","3":"status-publish","4":"has-post-thumbnail","6":"product_cat-modyfikacje-talaria-mx5","8":"first","9":"instock","10":"taxable","11":"shipping-taxable","12":"purchasable","13":"product-type-simple"},"jetpack_sharing_enabled":true,"_links":{"self":[{"href":"https:\/\/www.raptore-bajk.pl\/index.php\/wp-json\/wp\/v2\/product\/1926","targetHints":{"allow":["GET"]}}],"collection":[{"href":"https:\/\/www.raptore-bajk.pl\/index.php\/wp-json\/wp\/v2\/product"}],"about":[{"href":"https:\/\/www.raptore-bajk.pl\/index.php\/wp-json\/wp\/v2\/types\/product"}],"replies":[{"embeddable":true,"href":"https:\/\/www.raptore-bajk.pl\/index.php\/wp-json\/wp\/v2\/comments?post=1926"}],"wp:featuredmedia":[{"embeddable":true,"href":"https:\/\/www.raptore-bajk.pl\/index.php\/wp-json\/wp\/v2\/media\/1927"}],"wp:attachment":[{"href":"https:\/\/www.raptore-bajk.pl\/index.php\/wp-json\/wp\/v2\/media?parent=1926"}],"wp:term":[{"taxonomy":"product_brand","embeddable":true,"href":"https:\/\/www.raptore-bajk.pl\/index.php\/wp-json\/wp\/v2\/product_brand?post=1926"},{"taxonomy":"product_cat","embeddable":true,"href":"https:\/\/www.raptore-bajk.pl\/index.php\/wp-json\/wp\/v2\/product_cat?post=1926"},{"taxonomy":"product_tag","embeddable":true,"href":"https:\/\/www.raptore-bajk.pl\/index.php\/wp-json\/wp\/v2\/product_tag?post=1926"}],"curies":[{"name":"wp","href":"https:\/\/api.w.org\/{rel}","templated":true}]}}