{"id":1881,"date":"2025-10-01T21:54:57","date_gmt":"2025-10-01T19:54:57","guid":{"rendered":"https:\/\/www.raptore-bajk.pl\/?post_type=product&#038;p=1881"},"modified":"2026-04-04T23:41:57","modified_gmt":"2026-04-04T21:41:57","slug":"adapter-do-klapki-surron-lb","status":"publish","type":"product","link":"https:\/\/www.raptore-bajk.pl\/index.php\/produkt\/adapter-do-klapki-surron-lb\/","title":{"rendered":"Adapter do Klapki Surron LB"},"content":{"rendered":"<p>Podwy\u017cszenie klapki Surron Light Bee \u2013 do akumulator\u00f3w RaptorE-Bajk<\/p>\n<p>Podwy\u017cszenie klapki stworzone z my\u015bl\u0105 o u\u017cytkownikach Surron Light Bee, kt\u00f3rzy chc\u0105 zamontowa\u0107 wi\u0119ksze akumulatory RaptorE-Bajk. Dzi\u0119ki niemu bez problemu zmie\u015bcisz baterie:<\/p>\n<ul>\n<li><a href=\"https:\/\/www.raptore-bajk.pl\/index.php\/produkt\/akumulator-surron-60v-65ah-16kw\/\">60V 65Ah (16 kW)<\/a><\/li>\n<li><a href=\"https:\/\/www.raptore-bajk.pl\/index.php\/produkt\/akumulator-surron-lite-bee-72v-55ah-20kw\/\">72V 55Ah (20 kW)<\/a><\/li>\n<li><a href=\"https:\/\/www.raptore-bajk.pl\/index.php\/produkt\/akumulator-surron-light-bee-81-4v-50ah-37kw-high-performance\/\">81,2V 50Ah (37 kW)<\/a><\/li>\n<\/ul>\n<p>Dlaczego warto?<\/p>\n<ul>\n<li>Pasuje do standardowego Surrona \u2013 bez podniesionego siode\u0142ka.<\/li>\n<li>\u0141atwy monta\u017c bez przer\u00f3bek ramy.<\/li>\n<li>Stabilne mocowanie i dodatkowa przestrze\u0144 na akumulator.<\/li>\n<li>Solidne wykonanie, odporne na wibracje i obci\u0105\u017cenia.<\/li>\n<li>Zyskaj mo\u017cliwo\u015b\u0107 jazdy na najmocniejszych bateriach i wykorzystaj pe\u0142ny potencja\u0142 swojego Surrona!<\/li>\n<\/ul>\n","protected":false},"excerpt":{"rendered":"<p>Podwy\u017cszenie klapki Surron Light Bee \u2013 do akumulator\u00f3w RaptorE-Bajk Podwy\u017cszenie klapki stworzone z my\u015bl\u0105 o u\u017cytkownikach Surron Light Bee, kt\u00f3rzy chc\u0105 zamontowa\u0107 wi\u0119ksze akumulatory RaptorE-Bajk. Dzi\u0119ki niemu bez problemu zmie\u015bcisz baterie: 60V 65Ah (16 kW) 72V 55Ah (20 kW) 81,2V 50Ah (37 kW) Dlaczego warto? Pasuje do standardowego Surrona \u2013 [&hellip;]<\/p>\n","protected":false},"featured_media":1882,"comment_status":"open","ping_status":"closed","template":"","meta":[],"product_brand":[],"product_cat":[41],"product_tag":[],"class_list":{"0":"post-1881","1":"product","2":"type-product","3":"status-publish","4":"has-post-thumbnail","6":"product_cat-czesci-modyfikacje-surron-light-bee","8":"first","9":"instock","10":"taxable","11":"shipping-taxable","12":"purchasable","13":"product-type-simple"},"jetpack_sharing_enabled":true,"_links":{"self":[{"href":"https:\/\/www.raptore-bajk.pl\/index.php\/wp-json\/wp\/v2\/product\/1881","targetHints":{"allow":["GET"]}}],"collection":[{"href":"https:\/\/www.raptore-bajk.pl\/index.php\/wp-json\/wp\/v2\/product"}],"about":[{"href":"https:\/\/www.raptore-bajk.pl\/index.php\/wp-json\/wp\/v2\/types\/product"}],"replies":[{"embeddable":true,"href":"https:\/\/www.raptore-bajk.pl\/index.php\/wp-json\/wp\/v2\/comments?post=1881"}],"wp:featuredmedia":[{"embeddable":true,"href":"https:\/\/www.raptore-bajk.pl\/index.php\/wp-json\/wp\/v2\/media\/1882"}],"wp:attachment":[{"href":"https:\/\/www.raptore-bajk.pl\/index.php\/wp-json\/wp\/v2\/media?parent=1881"}],"wp:term":[{"taxonomy":"product_brand","embeddable":true,"href":"https:\/\/www.raptore-bajk.pl\/index.php\/wp-json\/wp\/v2\/product_brand?post=1881"},{"taxonomy":"product_cat","embeddable":true,"href":"https:\/\/www.raptore-bajk.pl\/index.php\/wp-json\/wp\/v2\/product_cat?post=1881"},{"taxonomy":"product_tag","embeddable":true,"href":"https:\/\/www.raptore-bajk.pl\/index.php\/wp-json\/wp\/v2\/product_tag?post=1881"}],"curies":[{"name":"wp","href":"https:\/\/api.w.org\/{rel}","templated":true}]}}