{"id":1856,"date":"2025-09-22T11:47:22","date_gmt":"2025-09-22T09:47:22","guid":{"rendered":"https:\/\/www.raptore-bajk.pl\/?post_type=product&#038;p=1856"},"modified":"2026-03-04T19:21:21","modified_gmt":"2026-03-04T18:21:21","slug":"sterownik-torp-tc1000-talaria-mx5","status":"publish","type":"product","link":"https:\/\/www.raptore-bajk.pl\/index.php\/produkt\/sterownik-torp-tc1000-talaria-mx5\/","title":{"rendered":"Sterownik Torp TC1000 Talaria MX5"},"content":{"rendered":"<p><strong><span dir=\"auto\">W ZESTAWIE:<\/span><\/strong><\/p>\n<ul>\n<li><span dir=\"auto\">1x Kontroler TC1000<\/span><\/li>\n<li><span dir=\"auto\">1x wi\u0105zka przewod\u00f3w<\/span><\/li>\n<li><span dir=\"auto\">1x przepustnica kciukowa<\/span><\/li>\n<li><span dir=\"auto\">1x bezpiecznik z plastikow\u0105 os\u0142on\u0105<\/span><\/li>\n<li><span dir=\"auto\">1x plastikowa os\u0142ona<\/span><\/li>\n<li><span dir=\"auto\">\u015bruby i narz\u0119dzia potrzebne do monta\u017cu<\/span><\/li>\n<li><span dir=\"auto\">2x wsporniki monta\u017cowe<\/span><\/li>\n<li><span dir=\"auto\">4x naklejki<\/span><\/li>\n<li><span dir=\"auto\">1x opakowanie smaru silikonowego<\/span><\/li>\n<li><span dir=\"auto\">kr\u00f3tka instrukcja<\/span><\/li>\n<\/ul>\n<p><strong><span dir=\"auto\">DANE TECHNICZNE:<\/span><\/strong><\/p>\n<ul>\n<li><span dir=\"auto\">Sterowanie zorientowane na pole (FOC)<\/span><\/li>\n<li><span dir=\"auto\">Obs\u0142ugiwane baterie: Obs\u0142ugiwane baterie: od 60 V do 80 V nominalnie 22S (92,4 V w pe\u0142ni na\u0142adowane)<\/span><\/li>\n<li><span dir=\"auto\">Maksymalna moc: 50 kW<\/span><\/li>\n<li><span dir=\"auto\">Sterowanie czujnikowe (enkoder HALL) i bezczujnikowe<\/span><\/li>\n<li><span dir=\"auto\">Maksymalny pr\u0105d baterii: 700 A<\/span><\/li>\n<\/ul>\n<p><strong><span dir=\"auto\">Wa\u017cne:<\/span><\/strong><span dir=\"auto\"><strong>\u00a0<\/strong>Obecnie kontroler NIE MO\u017bE komunikowa\u0107 si\u0119 z seryjnym akumulatorem Talaria produkowanym przez SCUD. Prosimy <a href=\"https:\/\/www.torpmotors.com\/talaria-scud-battery\/\"> o zapoznanie si\u0119 z informacjami przed zakupem <\/a><span> <\/span><\/span><span dir=\"auto\">. Pozosta\u0142e funkcje kontrolera pozostaj\u0105 nienaruszone.<\/span><\/p>\n<ul>\n<li><span dir=\"auto\">Maksymalny pr\u0105d fazowy: 1000 A<\/span><\/li>\n<li><span dir=\"auto\">Sprawno\u015b\u0107 do 99%<\/span><\/li>\n<li><span dir=\"auto\">Temperatura pracy: od -15 do 75 C\u00b0<\/span><\/li>\n<li><span dir=\"auto\">Komunikacja Bluetooth<\/span><\/li>\n<li><span dir=\"auto\">Wst\u0119pnie skalibrowany: \u0141atwa kalibracja za pomoc\u0105 aplikacji mobilnej<\/span><\/li>\n<li><span dir=\"auto\">Zabezpieczenie przed przet\u0119\u017ceniem, przepi\u0119ciem, podnapi\u0119ciem i przegrzaniem<\/span><\/li>\n<li><span dir=\"auto\">Komunikacja z seryjnym BMS<\/span><\/li>\n<li><span dir=\"auto\">R\u00f3\u017cne tryby hamowania regeneracyjnego i przepustnicy<\/span><\/li>\n<li><span dir=\"auto\">Waga: 1,3 kg<\/span><\/li>\n<li><span dir=\"auto\">Cechy: Aplikacja mobilna (IOS i Android), seryjny wy\u015bwietlacz SurRon<\/span><\/li>\n<li><span dir=\"auto\">Klasa ochrony:<span>\u00a0<\/span><\/span><a href=\"https:\/\/www.torpmotors.com\/ip67\/\"><span dir=\"auto\">IP67<\/span><\/a><span dir=\"auto\"><span>\u00a0<\/span><\/span><\/li>\n<li><span dir=\"auto\">Regularne aktualizacje oprogramowania sprz\u0119towego<\/span><br \/>\n<a href=\"https:\/\/www.torpmotors.com\/wp-content\/uploads\/2025\/08\/01TC1000-TALARIA-MX5-MANUAL.pdf\"><span dir=\"auto\"><\/span><\/a><\/li>\n<\/ul>\n<p><strong><a href=\"https:\/\/www.torpmotors.com\/wp-content\/uploads\/2025\/08\/01TC1000-TALARIA-MX5-MANUAL.pdf\"><span dir=\"auto\">Instrukcja instalacji !<\/span><\/a><\/strong><\/p>\n<p><em><span dir=\"auto\">*Chocia\u017c kontrolery Torp posiadaj\u0105 klas\u0119 ochrony\u00a0<\/span><a href=\"https:\/\/www.torpmotors.com\/ip67\/\"><span dir=\"auto\">IP67<\/span><\/a><span dir=\"auto\">\u00a0, co czyni je wysoce wodoodpornymi, wi\u0105zki przewod\u00f3w kontrolera i roweru nie s\u0105 wodoodporne. W przypadku nara\u017cenia roweru na dzia\u0142anie wody, nale\u017cy obowi\u0105zkowo na\u0142o\u017cy\u0107\u00a0<\/span><a href=\"https:\/\/webshop.torpmotors.com\/product\/silicone-grease\/\"><span dir=\"auto\">smar dielektryczny<\/span><\/a><span dir=\"auto\">\u00a0na wszystkie z\u0142\u0105cza. Gwarancja nie obejmuje usterek ani uszkodze\u0144 powsta\u0142ych w wyniku u\u017cytkowania kontroler\u00f3w silnika podczas aktywno\u015bci, w kt\u00f3rych spodziewane jest cz\u0119ste lub d\u0142ugotrwa\u0142e zanurzenie w wodzie, takich jak jazda w strumieniach, rzekach lub na terenach zalanych. Z biegiem czasu uszczelki i podzespo\u0142y mog\u0105 ulec degradacji, zmniejszaj\u0105c wodoodporno\u015b\u0107 produktu. Uszkodzenia wynikaj\u0105ce z tego naturalnego zu\u017cycia nie s\u0105 obj\u0119te 2-letni\u0105 gwarancj\u0105.<\/span><\/em><\/p>\n<p><em>Modyfikacja seryjnego pojazdu elektrycznego mo\u017ce spowodowa\u0107, \u017ce pojazd stanie si\u0119 niezgodny z lokalnymi przepisami bezpiecze\u0144stwa ruchu drogowego. Przed modyfikacj\u0105 pojazdu nale\u017cy skonsultowa\u0107 si\u0119 z ekspertami lub w\u0142adzami, aby upewni\u0107 si\u0119, \u017ce pojazd jest zgodny z przepisami ruchu drogowego.<\/em><\/p>\n<p><strong>Jakie moce przy danej konfiguracji<\/strong><\/p>\n<p><span><strong><mark><span dir=\"auto\">Silnik seryjny MX5:<\/span><\/mark><\/strong><\/span><\/p>\n<ul>\n<li><span><strong><span dir=\"auto\">Standard 72V:<\/span><\/strong><\/span><span dir=\"auto\"><span>\u00a0<\/span>17kW<\/span><\/li>\n<li><span><strong><span dir=\"auto\">Niestandardowe 72V:<\/span><\/strong><\/span><span dir=\"auto\"><span>\u00a0<\/span>20kW<\/span><\/li>\n<li><span><strong><span dir=\"auto\">Niestandardowe 80V:<\/span><\/strong><\/span><span dir=\"auto\"><span>\u00a0<\/span>23 kW<\/span><\/li>\n<\/ul>\n","protected":false},"excerpt":{"rendered":"<p>W ZESTAWIE: 1x Kontroler TC1000 1x wi\u0105zka przewod\u00f3w 1x przepustnica kciukowa 1x bezpiecznik z plastikow\u0105 os\u0142on\u0105 1x plastikowa os\u0142ona \u015bruby i narz\u0119dzia potrzebne do monta\u017cu 2x wsporniki monta\u017cowe 4x naklejki 1x opakowanie smaru silikonowego kr\u00f3tka instrukcja DANE TECHNICZNE: Sterowanie zorientowane na pole (FOC) Obs\u0142ugiwane baterie: Obs\u0142ugiwane baterie: od 60 V [&hellip;]<\/p>\n","protected":false},"featured_media":2064,"comment_status":"open","ping_status":"closed","template":"","meta":[],"product_brand":[],"product_cat":[39,28],"product_tag":[],"class_list":{"0":"post-1856","1":"product","2":"type-product","3":"status-publish","4":"has-post-thumbnail","6":"product_cat-modyfikacje-talaria-mx5","7":"product_cat-sterownik","9":"first","10":"instock","11":"taxable","12":"shipping-taxable","13":"purchasable","14":"product-type-simple"},"jetpack_sharing_enabled":true,"_links":{"self":[{"href":"https:\/\/www.raptore-bajk.pl\/index.php\/wp-json\/wp\/v2\/product\/1856","targetHints":{"allow":["GET"]}}],"collection":[{"href":"https:\/\/www.raptore-bajk.pl\/index.php\/wp-json\/wp\/v2\/product"}],"about":[{"href":"https:\/\/www.raptore-bajk.pl\/index.php\/wp-json\/wp\/v2\/types\/product"}],"replies":[{"embeddable":true,"href":"https:\/\/www.raptore-bajk.pl\/index.php\/wp-json\/wp\/v2\/comments?post=1856"}],"wp:featuredmedia":[{"embeddable":true,"href":"https:\/\/www.raptore-bajk.pl\/index.php\/wp-json\/wp\/v2\/media\/2064"}],"wp:attachment":[{"href":"https:\/\/www.raptore-bajk.pl\/index.php\/wp-json\/wp\/v2\/media?parent=1856"}],"wp:term":[{"taxonomy":"product_brand","embeddable":true,"href":"https:\/\/www.raptore-bajk.pl\/index.php\/wp-json\/wp\/v2\/product_brand?post=1856"},{"taxonomy":"product_cat","embeddable":true,"href":"https:\/\/www.raptore-bajk.pl\/index.php\/wp-json\/wp\/v2\/product_cat?post=1856"},{"taxonomy":"product_tag","embeddable":true,"href":"https:\/\/www.raptore-bajk.pl\/index.php\/wp-json\/wp\/v2\/product_tag?post=1856"}],"curies":[{"name":"wp","href":"https:\/\/api.w.org\/{rel}","templated":true}]}}