{"id":1810,"date":"2025-09-19T11:01:31","date_gmt":"2025-09-19T09:01:31","guid":{"rendered":"https:\/\/www.raptore-bajk.pl\/?post_type=product&#038;p=1810"},"modified":"2025-11-27T17:46:42","modified_gmt":"2025-11-27T16:46:42","slug":"akumulator-812v-50ah-37kw","status":"publish","type":"product","link":"https:\/\/www.raptore-bajk.pl\/index.php\/produkt\/akumulator-812v-50ah-37kw\/","title":{"rendered":"Akumulator 81,2V 50Ah 37kW"},"content":{"rendered":"<p><strong>Akumulator RaptorE-bajk 81,2V 50Ah 37kW Molicel dedykowany do Talaria MX5<\/strong><\/p>\n<p>Akumulator RaptorE-bajk 81,2V 50Ah oparty na wysokiej klasy ogniwach Molicel to zaawansowane \u017ar\u00f3d\u0142o energii, kt\u00f3re zapewnia maksymaln\u0105 wydajno\u015b\u0107 oraz niezawodno\u015b\u0107 w ka\u017cdych warunkach. Dzi\u0119ki mocy 37 kW gwarantuje dynamiczne przyspieszenie, d\u0142ugi zasi\u0119g i sta\u0142\u0105, stabiln\u0105 prac\u0119 motocykla elektrycznego.<\/p>\n<p><strong>Specyfikacja techniczna:<\/strong><\/p>\n<ul>\n<li>Napi\u0119cie nominalne: 81,2V<\/li>\n<li>Pojemno\u015b\u0107: 50Ah<\/li>\n<li>Moc maksymalna: 37 kW<\/li>\n<li>Ogniwa: Molicel (Li-ion)<\/li>\n<li>Przeznaczenie: Talaria MX5<\/li>\n<\/ul>\n<p><strong>Najwa\u017cniejsze cechy:<\/strong><\/p>\n<ul>\n<li>Ogniwa Molicel \u2013 gwarancja niezawodno\u015bci, \u017cywotno\u015bci i wysokiej g\u0119sto\u015bci energii<\/li>\n<li>Bardzo du\u017cy zasi\u0119g dzi\u0119ki pojemno\u015bci 50Ah<\/li>\n<li>Stabilna praca i ochrona przed prze\u0142adowaniem, przegrzaniem i zwarciem<\/li>\n<li>Idealne dopasowanie do motocykli elektrycznych Talaria MX5<\/li>\n<li>Wysoka moc \u2013 p\u0142ynna i dynamiczna jazda zar\u00f3wno w terenie, jak i na d\u0142ugich trasach<\/li>\n<\/ul>\n<p><strong>Wymiary i waga:<\/strong><\/p>\n<ul>\n<li>Wysoko\u015b\u0107: ok. 45 cm<\/li>\n<li>Waga: ok. 20 kg<\/li>\n<\/ul>\n<p><strong>Zestaw zawiera:<\/strong><\/p>\n<ul>\n<li>Akumulator 81,2V 50Ah Ogniwa Molicell P50B<\/li>\n<li>Instrukcj\u0119 obs\u0142ugi<\/li>\n<li>Gwarancj\u0119 producenta (12 miesi\u0119cy)<\/li>\n<\/ul>\n<p><strong><a href=\"https:\/\/www.raptore-bajk.pl\/index.php\/produkt\/ladowarka-li-ion-924v-15a\/\"> \u0141adowarka nie jest do\u0142\u0105czona do zestawu ( KLIK )<\/a><\/strong><\/p>\n<p><em>RaptorE-bajk 81,2V 50Ah Molicel to akumulator dla wymagaj\u0105cych \u2013 stworzony, aby zapewni\u0107 pe\u0142n\u0105 moc, bezpiecze\u0144stwo i niezr\u00f3wnan\u0105 przyjemno\u015b\u0107 z jazdy.<\/em><\/p>\n","protected":false},"excerpt":{"rendered":"<p>Akumulator RaptorE-bajk 81,2V 50Ah 37kW Molicel dedykowany do Talaria MX5 Akumulator RaptorE-bajk 81,2V 50Ah oparty na wysokiej klasy ogniwach Molicel to zaawansowane \u017ar\u00f3d\u0142o energii, kt\u00f3re zapewnia maksymaln\u0105 wydajno\u015b\u0107 oraz niezawodno\u015b\u0107 w ka\u017cdych warunkach. Dzi\u0119ki mocy 37 kW gwarantuje dynamiczne przyspieszenie, d\u0142ugi zasi\u0119g i sta\u0142\u0105, stabiln\u0105 prac\u0119 motocykla elektrycznego. Specyfikacja techniczna: [&hellip;]<\/p>\n","protected":false},"featured_media":1811,"comment_status":"open","ping_status":"closed","template":"","meta":[],"product_brand":[],"product_cat":[39],"product_tag":[],"class_list":{"0":"post-1810","1":"product","2":"type-product","3":"status-publish","4":"has-post-thumbnail","6":"product_cat-modyfikacje-talaria-mx5","8":"first","9":"onbackorder","10":"taxable","11":"shipping-taxable","12":"purchasable","13":"product-type-simple"},"jetpack_sharing_enabled":true,"_links":{"self":[{"href":"https:\/\/www.raptore-bajk.pl\/index.php\/wp-json\/wp\/v2\/product\/1810","targetHints":{"allow":["GET"]}}],"collection":[{"href":"https:\/\/www.raptore-bajk.pl\/index.php\/wp-json\/wp\/v2\/product"}],"about":[{"href":"https:\/\/www.raptore-bajk.pl\/index.php\/wp-json\/wp\/v2\/types\/product"}],"replies":[{"embeddable":true,"href":"https:\/\/www.raptore-bajk.pl\/index.php\/wp-json\/wp\/v2\/comments?post=1810"}],"wp:featuredmedia":[{"embeddable":true,"href":"https:\/\/www.raptore-bajk.pl\/index.php\/wp-json\/wp\/v2\/media\/1811"}],"wp:attachment":[{"href":"https:\/\/www.raptore-bajk.pl\/index.php\/wp-json\/wp\/v2\/media?parent=1810"}],"wp:term":[{"taxonomy":"product_brand","embeddable":true,"href":"https:\/\/www.raptore-bajk.pl\/index.php\/wp-json\/wp\/v2\/product_brand?post=1810"},{"taxonomy":"product_cat","embeddable":true,"href":"https:\/\/www.raptore-bajk.pl\/index.php\/wp-json\/wp\/v2\/product_cat?post=1810"},{"taxonomy":"product_tag","embeddable":true,"href":"https:\/\/www.raptore-bajk.pl\/index.php\/wp-json\/wp\/v2\/product_tag?post=1810"}],"curies":[{"name":"wp","href":"https:\/\/api.w.org\/{rel}","templated":true}]}}