{"id":1799,"date":"2025-09-19T10:14:30","date_gmt":"2025-09-19T08:14:30","guid":{"rendered":"https:\/\/www.raptore-bajk.pl\/?post_type=product&#038;p=1799"},"modified":"2025-12-15T11:46:37","modified_gmt":"2025-12-15T10:46:37","slug":"akumulator-72v-52ah-25kw","status":"publish","type":"product","link":"https:\/\/www.raptore-bajk.pl\/index.php\/produkt\/akumulator-72v-52ah-25kw\/","title":{"rendered":"Akumulator 72V 50Ah 25kW"},"content":{"rendered":"<p><strong>Akumulator 72V 50Ah 25kW\u00a0 Talaria \/ Sur-Ron MX4 \/ MX3<\/strong><\/p>\n<p>Maksymalna moc i zasi\u0119g dla Twojej Talarii i Sur-Rona. Akumulator RaptorE-Bajk 72V 50Ah 25kW to najwy\u017cszej klasy bateria stworzona z my\u015bl\u0105 o maksymalnych osi\u0105gach w motocyklach elektrycznych Talaria oraz Sur-Ron (MX3 \/ MX4). Dzi\u0119ki pojemno\u015bci 52Ah i napi\u0119ciu 72V zapewnia znacznie d\u0142u\u017cszy zasi\u0119g, a imponuj\u0105ca moc 25 kW gwarantuje dynamiczn\u0105 jazd\u0119 zar\u00f3wno w mie\u015bcie, jak i w wymagaj\u0105cym terenie.<\/p>\n<p><strong>Najwa\u017cniejsze cechy:<\/strong><\/p>\n<ul>\n<li>Kompatybilno\u015b\u0107 z Talaria i Sur-Ron MX3 \/ MX4 \u2013 idealne dopasowanie i \u0142atwy monta\u017c.<\/li>\n<li>72V \/ 50Ah \u2013 wi\u0119ksza pojemno\u015b\u0107, d\u0142u\u017cszy czas jazdy i mniej przerw na \u0142adowanie.<\/li>\n<li>25 kW mocy wyj\u015bciowej \u2013 maksymalna dynamika i przyspieszenie.<\/li>\n<li>Ogniwa klasy premium \u2013 wysoka trwa\u0142o\u015b\u0107 i odporno\u015b\u0107 na intensywne u\u017cytkowanie.<\/li>\n<li>Zaawansowany system BMS \u2013 pe\u0142na ochrona przed prze\u0142adowaniem, roz\u0142adowaniem i przegrzaniem.<\/li>\n<li>Odporno\u015b\u0107 na zalania wod\u0105 \u2013 wersja zabezpieczona przed wod\u0105 (nie my\u0107 myjk\u0105 ci\u015bnieniow\u0105).<\/li>\n<li>D\u0142uga \u017cywotno\u015b\u0107 \u2013 setki cykli \u0142adowania bez utraty wydajno\u015bci.<\/li>\n<\/ul>\n<p><strong>Wymiary i waga:<\/strong><\/p>\n<ul>\n<li>wysoko\u015b\u0107: 38 cm<\/li>\n<li>waga: 17 kg<\/li>\n<\/ul>\n<p><strong>Zestaw zawiera:<\/strong><\/p>\n<ul>\n<li>\u00a0Akumulator 72V 50Ah<\/li>\n<li>\u00a0Instrukcj\u0119 obs\u0142ugi<\/li>\n<li>Gwarancj\u0119 producenta (12 miesi\u0119cy)<\/li>\n<\/ul>\n<p><a href=\"https:\/\/www.raptore-bajk.pl\/index.php\/produkt\/ladowarka-li-ion-84v-15a\/\"><strong>\u00a0\u0141adowarka nie jest do\u0142\u0105czona do zestawu ( KLIK )<\/strong><\/a><\/p>\n<p>&nbsp;<\/p>\n<p><em><strong>Czas realizacji <\/strong><\/em><em><strong>od 14 do 30 dni roboczych<\/strong><\/em><\/p>\n","protected":false},"excerpt":{"rendered":"<p>Akumulator 72V 50Ah 25kW\u00a0 Talaria \/ Sur-Ron MX4 \/ MX3 Maksymalna moc i zasi\u0119g dla Twojej Talarii i Sur-Rona. Akumulator RaptorE-Bajk 72V 50Ah 25kW to najwy\u017cszej klasy bateria stworzona z my\u015bl\u0105 o maksymalnych osi\u0105gach w motocyklach elektrycznych Talaria oraz Sur-Ron (MX3 \/ MX4). Dzi\u0119ki pojemno\u015bci 52Ah i napi\u0119ciu 72V zapewnia [&hellip;]<\/p>\n","protected":false},"featured_media":1808,"comment_status":"open","ping_status":"closed","template":"","meta":[],"product_brand":[],"product_cat":[29,33],"product_tag":[],"class_list":{"0":"post-1799","1":"product","2":"type-product","3":"status-publish","4":"has-post-thumbnail","6":"product_cat-modyfikacje-surron-light-bee","7":"product_cat-modyfikacje-talaria-string-mx3-mx4","9":"first","10":"onbackorder","11":"taxable","12":"shipping-taxable","13":"purchasable","14":"product-type-simple"},"jetpack_sharing_enabled":true,"_links":{"self":[{"href":"https:\/\/www.raptore-bajk.pl\/index.php\/wp-json\/wp\/v2\/product\/1799","targetHints":{"allow":["GET"]}}],"collection":[{"href":"https:\/\/www.raptore-bajk.pl\/index.php\/wp-json\/wp\/v2\/product"}],"about":[{"href":"https:\/\/www.raptore-bajk.pl\/index.php\/wp-json\/wp\/v2\/types\/product"}],"replies":[{"embeddable":true,"href":"https:\/\/www.raptore-bajk.pl\/index.php\/wp-json\/wp\/v2\/comments?post=1799"}],"wp:featuredmedia":[{"embeddable":true,"href":"https:\/\/www.raptore-bajk.pl\/index.php\/wp-json\/wp\/v2\/media\/1808"}],"wp:attachment":[{"href":"https:\/\/www.raptore-bajk.pl\/index.php\/wp-json\/wp\/v2\/media?parent=1799"}],"wp:term":[{"taxonomy":"product_brand","embeddable":true,"href":"https:\/\/www.raptore-bajk.pl\/index.php\/wp-json\/wp\/v2\/product_brand?post=1799"},{"taxonomy":"product_cat","embeddable":true,"href":"https:\/\/www.raptore-bajk.pl\/index.php\/wp-json\/wp\/v2\/product_cat?post=1799"},{"taxonomy":"product_tag","embeddable":true,"href":"https:\/\/www.raptore-bajk.pl\/index.php\/wp-json\/wp\/v2\/product_tag?post=1799"}],"curies":[{"name":"wp","href":"https:\/\/api.w.org\/{rel}","templated":true}]}}