{"id":1791,"date":"2025-09-18T11:27:32","date_gmt":"2025-09-18T09:27:32","guid":{"rendered":"https:\/\/www.raptore-bajk.pl\/?post_type=product&#038;p=1791"},"modified":"2025-12-07T23:44:19","modified_gmt":"2025-12-07T22:44:19","slug":"ladowarka-li-ion-546-10a","status":"publish","type":"product","link":"https:\/\/www.raptore-bajk.pl\/index.php\/produkt\/ladowarka-li-ion-546-10a\/","title":{"rendered":"\u0141adowarka Li-ion 54,6V  10A"},"content":{"rendered":"<p><strong><span dir=\"auto\" style=\"vertical-align: inherit;\"><span dir=\"auto\" style=\"vertical-align: inherit;\">\u0141adowarka Li-ion 54,6V 10A \u2013 szybkie i bezpieczne \u0142adowanie du\u017cej mocy<\/span><\/span><\/strong><\/p>\n<p><span dir=\"auto\" style=\"vertical-align: inherit;\"><span dir=\"auto\" style=\"vertical-align: inherit;\">\u0141adowarka Li-ion 54,6V 10A do zwyk\u0142ego urz\u0105dzenia do \u0142adowania akumulator\u00f3w litowo-jonowych 13S (54,6V). Dzi\u0119ki wysokiemu pr\u0105dowi \u0142adowania 10A nast\u0119puje skr\u00f3cenie czasu uzupe\u0142nienia energii, po\u0142\u0105czonego z pe\u0142nym zabezpieczeniem przed obci\u0105\u017ceniem i przegrzaniem. To doskona\u0142e rozwi\u0105zanie dla u\u017cytkownik\u00f3w rower\u00f3w elektrycznych, hulajn\u00f3g i innych pojazd\u00f3w elektrycznych.<\/span><\/span><\/p>\n<p><strong><span dir=\"auto\" style=\"vertical-align: inherit;\"><span dir=\"auto\" style=\"vertical-align: inherit;\">Najwa\u017cniejsze cechy:<\/span><\/span><\/strong><\/p>\n<p>\u2714<span dir=\"auto\" style=\"vertical-align: inherit;\"><span dir=\"auto\" style=\"vertical-align: inherit;\">Szybkie i \u0142adowanie \u2013 pr\u0105d 10A pozwala na stabilnie dostarczanie pr\u0105du w akumulatorze, skracaj\u0105c czas przestoju. <\/span><\/span><br \/>\n\u2714<span dir=\"auto\" style=\"vertical-align: inherit;\"><span dir=\"auto\" style=\"vertical-align: inherit;\">Pe\u0142na ochrona \u2013 system zabezpieczenia chronicznego przed zwarciem, przegrzaniem, przepi\u0119ciem i odwrotn\u0105 polaryzacj\u0105. <\/span><\/span><br \/>\n\u2714<span dir=\"auto\" style=\"vertical-align: inherit;\"><span dir=\"auto\" style=\"vertical-align: inherit;\">Stabilna praca \u2013 wentylator oraz obudowa aluminiowa, odprowadzaj\u0105ca ciep\u0142o. <\/span><\/span><br \/>\n\u2714<span dir=\"auto\" style=\"vertical-align: inherit;\"><span dir=\"auto\" style=\"vertical-align: inherit;\">Solidna konstrukcja \u2013 kt\u00f3ra podlega dzia\u0142aniu mechanicznemu, kt\u00f3ra podlega zastosowaniu. <\/span><\/span><br \/>\n\u2714<span dir=\"auto\" style=\"vertical-align: inherit;\"><span dir=\"auto\" style=\"vertical-align: inherit;\">kompatybilno\u015b\u0107 z sieci\u0105 EU \u2013 dzia\u0142a z wydaniem 230V, bez konieczno\u015bci stosowania dodatkowych adapter\u00f3w.<\/span><\/span><\/p>\n<p><strong><span dir=\"auto\" style=\"vertical-align: inherit;\"><span dir=\"auto\" style=\"vertical-align: inherit;\">Dane techniczne:<\/span><\/span><\/strong><\/p>\n<p>\ud83d\udd39<span dir=\"auto\" style=\"vertical-align: inherit;\"><span dir=\"auto\" style=\"vertical-align: inherit;\">Maksymalny pr\u0105d \u0142adowania: 10A <\/span><\/span><br \/>\n\ud83d\udd39<span dir=\"auto\" style=\"vertical-align: inherit;\"><span dir=\"auto\" style=\"vertical-align: inherit;\">Napi\u0119cie wyj\u015bciowe: 54,6V <\/span><\/span><br \/>\n\ud83d\udd39<span dir=\"auto\" style=\"vertical-align: inherit;\"><span dir=\"auto\" style=\"vertical-align: inherit;\">wyj\u015bciowe: XT60 (mo\u017cliwo\u015b\u0107 zmiany) <\/span><\/span><br \/>\n\ud83d\udd39<span dir=\"auto\" style=\"vertical-align: inherit;\"><span dir=\"auto\" style=\"vertical-align: inherit;\">Wymiary: ok. 22 \u00d7 13 \u00d7 8 cm <\/span><\/span><br \/>\n\ud83d\udd39<span dir=\"auto\" style=\"vertical-align: inherit;\"><span dir=\"auto\" style=\"vertical-align: inherit;\">Waga: ok. 1,5 kg <\/span><\/span><br \/>\n\ud83d\udd39<span dir=\"auto\" style=\"vertical-align: inherit;\"><span dir=\"auto\" style=\"vertical-align: inherit;\">Kolor: czarny<\/span><\/span><\/p>\n<p><strong><span dir=\"auto\" style=\"vertical-align: inherit;\"><span dir=\"auto\" style=\"vertical-align: inherit;\">Zabezpieczenia:<\/span><\/span><\/strong><\/p>\n<p>\u2705<span dir=\"auto\" style=\"vertical-align: inherit;\"><span dir=\"auto\" style=\"vertical-align: inherit;\">Ochrona przed zwarciem <\/span><\/span><br \/>\n\u2705<span dir=\"auto\" style=\"vertical-align: inherit;\"><span dir=\"auto\" style=\"vertical-align: inherit;\">Zabezpieczenie nadpr\u0105dowe Ochrona <\/span><\/span><br \/>\n\u2705<span dir=\"auto\" style=\"vertical-align: inherit;\"><span dir=\"auto\" style=\"vertical-align: inherit;\">przed przepi\u0119ciem <\/span><\/span><br \/>\n\u2705<span dir=\"auto\" style=\"vertical-align: inherit;\"><span dir=\"auto\" style=\"vertical-align: inherit;\">Ochrona przed odwrotn\u0105 polaryzacj\u0105 <\/span><\/span><br \/>\n\u2705<span dir=\"auto\" style=\"vertical-align: inherit;\"><span dir=\"auto\" style=\"vertical-align: inherit;\">Zabezpieczenie przed przegrzaniem<\/span><\/span><\/p>\n","protected":false},"excerpt":{"rendered":"<p>\u0141adowarka Li-ion 54,6V 10A \u2013 szybkie i bezpieczne \u0142adowanie du\u017cej mocy \u0141adowarka Li-ion 54,6V 10A do zwyk\u0142ego urz\u0105dzenia do \u0142adowania akumulator\u00f3w litowo-jonowych 13S (54,6V). Dzi\u0119ki wysokiemu pr\u0105dowi \u0142adowania 10A nast\u0119puje skr\u00f3cenie czasu uzupe\u0142nienia energii, po\u0142\u0105czonego z pe\u0142nym zabezpieczeniem przed obci\u0105\u017ceniem i przegrzaniem. To doskona\u0142e rozwi\u0105zanie dla u\u017cytkownik\u00f3w rower\u00f3w elektrycznych, hulajn\u00f3g [&hellip;]<\/p>\n","protected":false},"featured_media":1792,"comment_status":"open","ping_status":"closed","template":"","meta":[],"product_brand":[],"product_cat":[26],"product_tag":[],"class_list":{"0":"post-1791","1":"product","2":"type-product","3":"status-publish","4":"has-post-thumbnail","6":"product_cat-ladowarki","8":"first","9":"instock","10":"taxable","11":"shipping-taxable","12":"purchasable","13":"product-type-simple"},"jetpack_sharing_enabled":true,"_links":{"self":[{"href":"https:\/\/www.raptore-bajk.pl\/index.php\/wp-json\/wp\/v2\/product\/1791","targetHints":{"allow":["GET"]}}],"collection":[{"href":"https:\/\/www.raptore-bajk.pl\/index.php\/wp-json\/wp\/v2\/product"}],"about":[{"href":"https:\/\/www.raptore-bajk.pl\/index.php\/wp-json\/wp\/v2\/types\/product"}],"replies":[{"embeddable":true,"href":"https:\/\/www.raptore-bajk.pl\/index.php\/wp-json\/wp\/v2\/comments?post=1791"}],"wp:featuredmedia":[{"embeddable":true,"href":"https:\/\/www.raptore-bajk.pl\/index.php\/wp-json\/wp\/v2\/media\/1792"}],"wp:attachment":[{"href":"https:\/\/www.raptore-bajk.pl\/index.php\/wp-json\/wp\/v2\/media?parent=1791"}],"wp:term":[{"taxonomy":"product_brand","embeddable":true,"href":"https:\/\/www.raptore-bajk.pl\/index.php\/wp-json\/wp\/v2\/product_brand?post=1791"},{"taxonomy":"product_cat","embeddable":true,"href":"https:\/\/www.raptore-bajk.pl\/index.php\/wp-json\/wp\/v2\/product_cat?post=1791"},{"taxonomy":"product_tag","embeddable":true,"href":"https:\/\/www.raptore-bajk.pl\/index.php\/wp-json\/wp\/v2\/product_tag?post=1791"}],"curies":[{"name":"wp","href":"https:\/\/api.w.org\/{rel}","templated":true}]}}