{"id":1677,"date":"2025-07-29T22:58:39","date_gmt":"2025-07-29T20:58:39","guid":{"rendered":"https:\/\/www.raptore-bajk.pl\/?post_type=product&#038;p=1677"},"modified":"2026-03-30T16:15:16","modified_gmt":"2026-03-30T14:15:16","slug":"adapter-wiazki-zasilania-qs8-na-supra-x","status":"publish","type":"product","link":"https:\/\/www.raptore-bajk.pl\/index.php\/produkt\/adapter-wiazki-zasilania-qs8-na-supra-x\/","title":{"rendered":"Adapter wi\u0105zki zasilania QS8 na Supra X"},"content":{"rendered":"<p>Adapter wi\u0105zki zasilania QS8 na Supra X \u2013 do Surron Light Bee (do 2024 r.)<\/p>\n<p>Adapter przeznaczony do szybkiego i bezpiecznego po\u0142\u0105czenia wi\u0105zki zasilania typu QS8 z konektorem Supra X, stosowanym w oryginalnych akumulatorach Surron Light Bee (modele produkowane do ko\u0144ca 2024 roku).<\/p>\n<p>Cechy produktu:<\/p>\n<p><strong>D\u0142ugo\u015b\u0107 przewodu 15cm<\/strong><\/p>\n<p>Kompatybilny z fabrycznymi instalacjami Surron Light Bee (przed rokiem 2025)<\/p>\n<p>Pozwala na modernizacj\u0119 lub wymian\u0119 akumulatora bez ingerencji w oryginaln\u0105 wi\u0105zk\u0119<\/p>\n<p>Wysokiej jako\u015bci przewody i z\u0142\u0105cza odporne na wysokie pr\u0105dy oraz temperatur\u0119<\/p>\n<p>Plug &amp; play \u2013 szybka instalacja bez lutowania<\/p>\n<p>Zastosowanie:<\/p>\n<p>Idealny dla os\u00f3b modernizuj\u0105cych uk\u0142ad zasilania w Surronie lub przechodz\u0105cych na inne typy baterii z wyj\u015bciem QS8, bez konieczno\u015bci przerabiania fabrycznego\u00a0gniazda.<\/p>\n","protected":false},"excerpt":{"rendered":"<p>Adapter Akumulatora<\/p>\n","protected":false},"featured_media":1680,"comment_status":"open","ping_status":"closed","template":"","meta":[],"product_brand":[],"product_cat":[41],"product_tag":[],"class_list":{"0":"post-1677","1":"product","2":"type-product","3":"status-publish","4":"has-post-thumbnail","6":"product_cat-czesci-modyfikacje-surron-light-bee","8":"first","9":"outofstock","10":"taxable","11":"shipping-taxable","12":"purchasable","13":"product-type-simple"},"jetpack_sharing_enabled":true,"_links":{"self":[{"href":"https:\/\/www.raptore-bajk.pl\/index.php\/wp-json\/wp\/v2\/product\/1677","targetHints":{"allow":["GET"]}}],"collection":[{"href":"https:\/\/www.raptore-bajk.pl\/index.php\/wp-json\/wp\/v2\/product"}],"about":[{"href":"https:\/\/www.raptore-bajk.pl\/index.php\/wp-json\/wp\/v2\/types\/product"}],"replies":[{"embeddable":true,"href":"https:\/\/www.raptore-bajk.pl\/index.php\/wp-json\/wp\/v2\/comments?post=1677"}],"wp:featuredmedia":[{"embeddable":true,"href":"https:\/\/www.raptore-bajk.pl\/index.php\/wp-json\/wp\/v2\/media\/1680"}],"wp:attachment":[{"href":"https:\/\/www.raptore-bajk.pl\/index.php\/wp-json\/wp\/v2\/media?parent=1677"}],"wp:term":[{"taxonomy":"product_brand","embeddable":true,"href":"https:\/\/www.raptore-bajk.pl\/index.php\/wp-json\/wp\/v2\/product_brand?post=1677"},{"taxonomy":"product_cat","embeddable":true,"href":"https:\/\/www.raptore-bajk.pl\/index.php\/wp-json\/wp\/v2\/product_cat?post=1677"},{"taxonomy":"product_tag","embeddable":true,"href":"https:\/\/www.raptore-bajk.pl\/index.php\/wp-json\/wp\/v2\/product_tag?post=1677"}],"curies":[{"name":"wp","href":"https:\/\/api.w.org\/{rel}","templated":true}]}}