{"id":1614,"date":"2025-05-05T09:33:24","date_gmt":"2025-05-05T07:33:24","guid":{"rendered":"https:\/\/www.raptore-bajk.pl\/?post_type=product&#038;p=1614"},"modified":"2026-03-04T21:18:03","modified_gmt":"2026-03-04T20:18:03","slug":"zestaw-mocy-kit-talaria-sting-72v-18kw-50ah","status":"publish","type":"product","link":"https:\/\/www.raptore-bajk.pl\/index.php\/produkt\/zestaw-mocy-kit-talaria-sting-72v-18kw-50ah\/","title":{"rendered":"Zestaw Mocy Kit Talaria Sting 72V 18kW 50Ah"},"content":{"rendered":"<p>Zestaw Talaria Sting 72V 18kW to zaawansowane rozwi\u0105zanie dla entuzjast\u00f3w motocykli elektrycznych. Wyposa\u017cony w pot\u0119\u017cny nap\u0119d o mocy 18kW i napi\u0119ciu 72V, ten zestaw zapewnia imponuj\u0105ce osi\u0105gi, umo\u017cliwiaj\u0105c dynamiczn\u0105 i ekscytuj\u0105c\u0105 jazd\u0119. Talaria String charakteryzuje si\u0119 zaawansowan\u0105 technologi\u0105, trwa\u0142\u0105 konstrukcj\u0105 oraz innowacyjnym designem. Zestaw ten jest idealny dla tych, kt\u00f3rzy szukaj\u0105 po\u0142\u0105czenia mocy, efektywno\u015bci i nowoczesno\u015bci w jednym kompakcyjnym motocyklu elektrycznym. Dzi\u0119ki wysokiemu poziomowi wydajno\u015bci,\u00a0 72V 18kW dostarcza intensywne doznania podczas ka\u017cdej trasy.<\/p>\n<p><strong>Zestaw kit do Talaria Sting z zestawem do samodzielnego monta\u017cy\u00a0 \u00a0 \u00a0MX3 czy MX4<\/strong><\/p>\n<p>Akumulator Firmy<span>\u00a0<\/span><a href=\"https:\/\/www.raptore-bajk.pl\/index.php\/produkt\/akumulator-talaria-sting-72v-50ah-18kw\/\"><strong>RaptorE-bajk 18kW 50Ah 72V<\/strong><\/a><\/p>\n<p>Sterownik<span>\u00a0<\/span><strong>Torp 1000 50kW 48V-80V do wyboru MX3-MX4<\/strong><\/p>\n<p><a href=\"https:\/\/drive.google.com\/file\/d\/1vGZe8yLcJHoDohRxzCgdlu7jUVAhuIay\/view?usp=drive_link\"><strong>Instrukcja\u00a0<\/strong><\/a><\/p>\n<p><strong>Dane Techniczne<\/strong><\/p>\n<div class=\"et_pb_column et_pb_column_1_3 et_pb_column_32 et_pb_css_mix_blend_mode_passthrough\">\n<div class=\"et_pb_module et_pb_text et_pb_text_24 et_pb_text_align_left et_pb_bg_layout_light\">\n<div class=\"et_pb_text_inner\">\n<p><span>-Sterowanie zorientowane na pole (FOC)<\/span><br \/>\n<span>-Obs\u0142ugiwane akumulatory: do 80V nominalnie 22S (92,4 V w pe\u0142ni na\u0142adowane)<\/span><br \/>\n<span>-Maksymalna moc: 50kW*<\/span><br \/>\n<span>-Sterowanie czujnikowe (enkoder HALL) i bezczujnikowe<\/span><br \/>\n<span>-Maksymalny pr\u0105d akumulatora: 700 A<\/span><br \/>\n<span>-Maksymalna faza pr\u0105d: 1000 A*<\/span><\/p>\n<\/div>\n<\/div>\n<\/div>\n<div class=\"et_pb_column et_pb_column_1_3 et_pb_column_33 et_pb_css_mix_blend_mode_passthrough\">\n<div class=\"et_pb_module et_pb_text et_pb_text_25 et_pb_text_align_left et_pb_bg_layout_light\">\n<div class=\"et_pb_text_inner\">\n<p><span>-Sprawno\u015b\u0107 do 99%<\/span><br \/>\n<span>-Temperatura pracy: od -15 do 75 C\u00b0<\/span><br \/>\n<span>-Komunikacja Bluetooth<\/span><br \/>\n<span>-Wst\u0119pna kalibracja: nie wymaga dodatkowych czynno\u015bci<\/span><br \/>\n<span>-Zabezpieczenia nadpr\u0105dowe, przepi\u0119ciowe, podnapi\u0119ciowe i przegrzane<\/span><br \/>\n<span>-Komunikacja z fabrycznym BMS Akumulatora\u00a0 jak i lcd\u00a0<\/span><\/p>\n<\/div>\n<\/div>\n<\/div>\n<div class=\"et_pb_column et_pb_column_1_3 et_pb_column_34 et_pb_css_mix_blend_mode_passthrough et-last-child\">\n<div class=\"et_pb_module et_pb_text et_pb_text_26 et_pb_text_align_left et_pb_bg_layout_light\">\n<div class=\"et_pb_text_inner\">\n<p><span>-R\u00f3\u017cne tryby hamowania regeneracyjnego i przepustnicy<\/span><br \/>\n<span>-Waga: 1.2kg<\/span><br \/>\n<span>-Funkcje: Aplikacja mobilna (IOS i Android)\u00a0<\/span><br \/>\n<span>-Klasa ochrony: IP67<\/span><br \/>\n<span>-Regularne aktualizacje oprogramowania uk\u0142adowego<\/span><\/p>\n<\/div>\n<p>&nbsp;<\/p>\n<div class=\"et_pb_text_inner\">\n<p><span><strong>Akumulator<\/strong><\/span><\/p>\n<p><span>Li-ion\u00a0 w trwa\u0142ej obudowie Custom<\/span><br \/>\n<span>72 V 50Ah 3600Wh Current 250A 275A peek<\/span><\/p>\n<p><span>Do akumulatora zaprojektowali\u015bmy Odpowiedni\u0105 ta\u015bm\u0119 \u201d \u0142\u0105czniki\u201d Z czystej miedzi, kt\u00f3ra jest ci\u0119ta technologi\u0105 laserow\u0105, Co wyr\u00f3\u017cnia nasze produkty na rynku z innymi konkurencyjnymi firmami. Nasze \u0142\u0105czniki bardzo dobrze przenosz\u0105 pr\u0105d bez \u017cadnych strat czy nagrzewa ogniw, Za czym idzie zwi\u0119kszenie wydajno\u015bci Akumulatora.<\/span><br \/>\n<span>Akumulator jest wykonany Na najwy\u017cszym poziomie. Z wykorzystaniem Najnowszych technologii i rozwi\u0105za\u0144<\/span><\/p>\n<p><span>Waga akumulatora 17.5 Kg<\/span><br \/>\n<span>Akumulator pasuje do wersji Talarii Sting, MX3\\MX4 bez modyfikacji klapki\u00a0<\/span><\/p>\n<p><strong>Zestaw zawiera<\/strong><\/p>\n<p><strong>-1x kontroler TC1000<br \/>\n-1x plastikowa os\u0142ona<br \/>\n-\u015bruby i narz\u0119dzia potrzebne do instalacji<br \/>\n-Akumulator 72V 50Ah 250A i Wi\u0105zka zasilania QS8<br \/>\n-kr\u00f3tka instrukcja<\/strong><\/p>\n<p>&nbsp;<\/p>\n<p><strong><em>Mo\u017cliwo\u015b\u0107 monta\u017cu w naszym serwisie po uzgodnieniu\u00a0<\/em><\/strong><\/p>\n<\/div>\n<p>&nbsp;<\/p>\n<div class=\"et_pb_text_inner\">\n<p><strong>Czas oczekiwania na zestaw 14 \u2013 30 Dni.<\/strong><\/p>\n<\/div>\n<\/div>\n<\/div>\n","protected":false},"excerpt":{"rendered":"<p>Zestaw Talaria Sting 72V 18kW to zaawansowane rozwi\u0105zanie dla entuzjast\u00f3w motocykli elektrycznych. Wyposa\u017cony w pot\u0119\u017cny nap\u0119d o mocy 18kW i napi\u0119ciu 72V, ten zestaw zapewnia imponuj\u0105ce osi\u0105gi, umo\u017cliwiaj\u0105c dynamiczn\u0105 i ekscytuj\u0105c\u0105 jazd\u0119. Talaria String charakteryzuje si\u0119 zaawansowan\u0105 technologi\u0105, trwa\u0142\u0105 konstrukcj\u0105 oraz innowacyjnym designem. Zestaw ten jest idealny dla tych, kt\u00f3rzy [&hellip;]<\/p>\n","protected":false},"featured_media":1901,"comment_status":"open","ping_status":"closed","template":"","meta":[],"product_brand":[],"product_cat":[33],"product_tag":[],"class_list":{"0":"post-1614","1":"product","2":"type-product","3":"status-publish","4":"has-post-thumbnail","6":"product_cat-modyfikacje-talaria-string-mx3-mx4","8":"first","9":"onbackorder","10":"taxable","11":"shipping-taxable","12":"purchasable","13":"product-type-simple"},"jetpack_sharing_enabled":true,"_links":{"self":[{"href":"https:\/\/www.raptore-bajk.pl\/index.php\/wp-json\/wp\/v2\/product\/1614","targetHints":{"allow":["GET"]}}],"collection":[{"href":"https:\/\/www.raptore-bajk.pl\/index.php\/wp-json\/wp\/v2\/product"}],"about":[{"href":"https:\/\/www.raptore-bajk.pl\/index.php\/wp-json\/wp\/v2\/types\/product"}],"replies":[{"embeddable":true,"href":"https:\/\/www.raptore-bajk.pl\/index.php\/wp-json\/wp\/v2\/comments?post=1614"}],"wp:featuredmedia":[{"embeddable":true,"href":"https:\/\/www.raptore-bajk.pl\/index.php\/wp-json\/wp\/v2\/media\/1901"}],"wp:attachment":[{"href":"https:\/\/www.raptore-bajk.pl\/index.php\/wp-json\/wp\/v2\/media?parent=1614"}],"wp:term":[{"taxonomy":"product_brand","embeddable":true,"href":"https:\/\/www.raptore-bajk.pl\/index.php\/wp-json\/wp\/v2\/product_brand?post=1614"},{"taxonomy":"product_cat","embeddable":true,"href":"https:\/\/www.raptore-bajk.pl\/index.php\/wp-json\/wp\/v2\/product_cat?post=1614"},{"taxonomy":"product_tag","embeddable":true,"href":"https:\/\/www.raptore-bajk.pl\/index.php\/wp-json\/wp\/v2\/product_tag?post=1614"}],"curies":[{"name":"wp","href":"https:\/\/api.w.org\/{rel}","templated":true}]}}