{"id":1585,"date":"2025-03-20T20:57:09","date_gmt":"2025-03-20T19:57:09","guid":{"rendered":"https:\/\/www.raptore-bajk.pl\/?post_type=product&#038;p=1585"},"modified":"2025-12-15T11:59:22","modified_gmt":"2025-12-15T10:59:22","slug":"zapasowa-plastikowa-oslona-do-surron-light-bee","status":"publish","type":"product","link":"https:\/\/www.raptore-bajk.pl\/index.php\/produkt\/zapasowa-plastikowa-oslona-do-surron-light-bee\/","title":{"rendered":"Zapasowa plastikowa os\u0142ona do SurRon Light Bee"},"content":{"rendered":"<p><span>Chro\u0144 kontroler Torp w swoim SurRon Light Bee przed b\u0142otem, kurzem i uderzeniami.<\/span><\/p>\n<p><span>Nale\u017cy pami\u0119ta\u0107, \u017ce plastikowa os\u0142ona jest do\u0142\u0105czona do zestawu z kontrolerem TC500 \/ TC1000.<\/span><\/p>\n<p><span>Wymiary: 120 x 300 mm<\/span><\/p>\n<p><span>Zawarto\u015b\u0107 opakowania:<\/span><\/p>\n<ul>\n<li><span>plastikowa os\u0142ona<\/span><\/li>\n<li><span>2 \u015bruby<\/span><\/li>\n<li><span>klucz imbusowy<\/span><\/li>\n<li><span>4 naklejki Torp<\/span><\/li>\n<\/ul>\n","protected":false},"excerpt":{"rendered":"<p>Chro\u0144 kontroler Torp w swoim SurRon Light Bee przed b\u0142otem, kurzem i uderzeniami. Nale\u017cy pami\u0119ta\u0107, \u017ce plastikowa os\u0142ona jest do\u0142\u0105czona do zestawu z kontrolerem TC500 \/ TC1000. Wymiary: 120 x 300 mm Zawarto\u015b\u0107 opakowania: plastikowa os\u0142ona 2 \u015bruby klucz imbusowy 4 naklejki Torp<\/p>\n","protected":false},"featured_media":2043,"comment_status":"open","ping_status":"closed","template":"","meta":[],"product_brand":[],"product_cat":[29],"product_tag":[],"class_list":{"0":"post-1585","1":"product","2":"type-product","3":"status-publish","4":"has-post-thumbnail","6":"product_cat-modyfikacje-surron-light-bee","8":"first","9":"instock","10":"taxable","11":"shipping-taxable","12":"purchasable","13":"product-type-simple"},"jetpack_sharing_enabled":true,"_links":{"self":[{"href":"https:\/\/www.raptore-bajk.pl\/index.php\/wp-json\/wp\/v2\/product\/1585","targetHints":{"allow":["GET"]}}],"collection":[{"href":"https:\/\/www.raptore-bajk.pl\/index.php\/wp-json\/wp\/v2\/product"}],"about":[{"href":"https:\/\/www.raptore-bajk.pl\/index.php\/wp-json\/wp\/v2\/types\/product"}],"replies":[{"embeddable":true,"href":"https:\/\/www.raptore-bajk.pl\/index.php\/wp-json\/wp\/v2\/comments?post=1585"}],"wp:featuredmedia":[{"embeddable":true,"href":"https:\/\/www.raptore-bajk.pl\/index.php\/wp-json\/wp\/v2\/media\/2043"}],"wp:attachment":[{"href":"https:\/\/www.raptore-bajk.pl\/index.php\/wp-json\/wp\/v2\/media?parent=1585"}],"wp:term":[{"taxonomy":"product_brand","embeddable":true,"href":"https:\/\/www.raptore-bajk.pl\/index.php\/wp-json\/wp\/v2\/product_brand?post=1585"},{"taxonomy":"product_cat","embeddable":true,"href":"https:\/\/www.raptore-bajk.pl\/index.php\/wp-json\/wp\/v2\/product_cat?post=1585"},{"taxonomy":"product_tag","embeddable":true,"href":"https:\/\/www.raptore-bajk.pl\/index.php\/wp-json\/wp\/v2\/product_tag?post=1585"}],"curies":[{"name":"wp","href":"https:\/\/api.w.org\/{rel}","templated":true}]}}