{"id":1577,"date":"2025-03-20T20:53:13","date_gmt":"2025-03-20T19:53:13","guid":{"rendered":"https:\/\/www.raptore-bajk.pl\/?post_type=product&#038;p=1577"},"modified":"2025-12-15T11:57:33","modified_gmt":"2025-12-15T10:57:33","slug":"zamienna-wiazka-przewodow-do-surron-light-bee","status":"publish","type":"product","link":"https:\/\/www.raptore-bajk.pl\/index.php\/produkt\/zamienna-wiazka-przewodow-do-surron-light-bee\/","title":{"rendered":"Zamienna wi\u0105zka przewod\u00f3w Torp do SurRon Light Bee"},"content":{"rendered":"<p><span>Wi\u0105zka przewod\u00f3w do kontrolera <a href=\"https:\/\/www.raptore-bajk.pl\/index.php\/produkt\/torp-kontroler-500-surron-lite-bee-segway-x260\/\">TC500<\/a>\/<a href=\"https:\/\/www.raptore-bajk.pl\/index.php\/produkt\/sterownik-tc-1000-torp-motor\/\">TC1000<\/a> do SurRon Light Bee \/ Segway X260 \/\u00a0<\/span><a href=\"https:\/\/webshop.torpmotors.com\/product\/torp-tm25-motor\/\"><span>TM25<\/span><\/a><span>\u00a0,\u00a0<\/span><a href=\"https:\/\/webshop.torpmotors.com\/product\/torp-thumb-throttle\/\"><span>przepustnicy kciukowej<\/span><\/a><span>\u00a0i\u00a0<\/span><a href=\"https:\/\/webshop.torpmotors.com\/product\/torp-display\/\"><span>wy\u015bwietlacza Torp<\/span><\/a><span>\u00a0.<\/span><\/p>\n<p><span>Nale\u017cy pami\u0119ta\u0107, \u017ce wi\u0105zka przewod\u00f3w jest do\u0142\u0105czona do zestawu steruj\u0105cego TC500 \/ TC1000 dla SurRon Light Bee.<\/span><\/p>\n","protected":false},"excerpt":{"rendered":"<p>Wi\u0105zka przewod\u00f3w do kontrolera TC500\/TC1000 do SurRon Light Bee \/ Segway X260 \/\u00a0TM25\u00a0,\u00a0przepustnicy kciukowej\u00a0i\u00a0wy\u015bwietlacza Torp\u00a0. Nale\u017cy pami\u0119ta\u0107, \u017ce wi\u0105zka przewod\u00f3w jest do\u0142\u0105czona do zestawu steruj\u0105cego TC500 \/ TC1000 dla SurRon Light Bee.<\/p>\n","protected":false},"featured_media":2042,"comment_status":"open","ping_status":"closed","template":"","meta":[],"product_brand":[],"product_cat":[29],"product_tag":[],"class_list":{"0":"post-1577","1":"product","2":"type-product","3":"status-publish","4":"has-post-thumbnail","6":"product_cat-modyfikacje-surron-light-bee","8":"first","9":"instock","10":"taxable","11":"shipping-taxable","12":"purchasable","13":"product-type-simple"},"jetpack_sharing_enabled":true,"_links":{"self":[{"href":"https:\/\/www.raptore-bajk.pl\/index.php\/wp-json\/wp\/v2\/product\/1577","targetHints":{"allow":["GET"]}}],"collection":[{"href":"https:\/\/www.raptore-bajk.pl\/index.php\/wp-json\/wp\/v2\/product"}],"about":[{"href":"https:\/\/www.raptore-bajk.pl\/index.php\/wp-json\/wp\/v2\/types\/product"}],"replies":[{"embeddable":true,"href":"https:\/\/www.raptore-bajk.pl\/index.php\/wp-json\/wp\/v2\/comments?post=1577"}],"wp:featuredmedia":[{"embeddable":true,"href":"https:\/\/www.raptore-bajk.pl\/index.php\/wp-json\/wp\/v2\/media\/2042"}],"wp:attachment":[{"href":"https:\/\/www.raptore-bajk.pl\/index.php\/wp-json\/wp\/v2\/media?parent=1577"}],"wp:term":[{"taxonomy":"product_brand","embeddable":true,"href":"https:\/\/www.raptore-bajk.pl\/index.php\/wp-json\/wp\/v2\/product_brand?post=1577"},{"taxonomy":"product_cat","embeddable":true,"href":"https:\/\/www.raptore-bajk.pl\/index.php\/wp-json\/wp\/v2\/product_cat?post=1577"},{"taxonomy":"product_tag","embeddable":true,"href":"https:\/\/www.raptore-bajk.pl\/index.php\/wp-json\/wp\/v2\/product_tag?post=1577"}],"curies":[{"name":"wp","href":"https:\/\/api.w.org\/{rel}","templated":true}]}}