{"id":1574,"date":"2025-03-20T20:18:03","date_gmt":"2025-03-20T19:18:03","guid":{"rendered":"https:\/\/www.raptore-bajk.pl\/?post_type=product&#038;p=1574"},"modified":"2026-04-29T18:18:07","modified_gmt":"2026-04-29T16:18:07","slug":"wiazka-zasilania-qs8-custom","status":"publish","type":"product","link":"https:\/\/www.raptore-bajk.pl\/index.php\/produkt\/wiazka-zasilania-qs8-custom\/","title":{"rendered":"Wi\u0105zka zasilania QS8 Custom"},"content":{"rendered":"<p><em><strong>Wi\u0105zka zasilania Custom z QS8 antispark<\/strong><\/em><\/p>\n<p>To rozwi\u0105zanie dla\u00a0 u\u017cytkownik\u00f3w e-bike\u2019\u00f3w Surron Light kt\u00f3rzy podnosz\u0105 moc.<\/p>\n<ul>\n<li>Kompatybilno\u015b\u0107 \u2013 dedykowana do Surron Light Bee. Pasuje do akumulator\u00f3w Raptore-Bajk o mocy powy\u017cej 12 kW.<\/li>\n<li>Najwy\u017csza jako\u015b\u0107 przewod\u00f3w \u2013 zastosowanie przewodu zasilaj\u0105cego 6 AWG zapewnia maksymaln\u0105 przewodno\u015b\u0107 i minimalne straty energii.<\/li>\n<li>Bezpieczne po\u0142\u0105czenie \u2013 wyposa\u017cona w z\u0142\u0105cze QS8 oraz zamontowany bezpiecznik, co zwi\u0119ksza ochron\u0119 instalacji elektrycznej.<\/li>\n<li>Gotowa do monta\u017cu \u2013 szybka i prosta instalacja<\/li>\n<li>Demontujemy lub mijamy oryginalny wy\u0142\u0105cznik obwodu zwanym ,,circuit breaker\u201d<\/li>\n<li>Postaw na niezawodno\u015b\u0107 i wydajno\u015b\u0107 \u2013 wybierz wi\u0105zk\u0119 zasilania Custom!<\/li>\n<\/ul>\n<ul><\/ul>\n","protected":false},"excerpt":{"rendered":"<p>Wi\u0105zka zasilania Custom z QS8 antispark To rozwi\u0105zanie dla\u00a0 u\u017cytkownik\u00f3w e-bike\u2019\u00f3w Surron Light kt\u00f3rzy podnosz\u0105 moc. Kompatybilno\u015b\u0107 \u2013 dedykowana do Surron Light Bee. Pasuje do akumulator\u00f3w Raptore-Bajk o mocy powy\u017cej 12 kW. Najwy\u017csza jako\u015b\u0107 przewod\u00f3w \u2013 zastosowanie przewodu zasilaj\u0105cego 6 AWG zapewnia maksymaln\u0105 przewodno\u015b\u0107 i minimalne straty energii. Bezpieczne po\u0142\u0105czenie [&hellip;]<\/p>\n","protected":false},"featured_media":1921,"comment_status":"open","ping_status":"closed","template":"","meta":[],"product_brand":[],"product_cat":[29],"product_tag":[],"class_list":{"0":"post-1574","1":"product","2":"type-product","3":"status-publish","4":"has-post-thumbnail","6":"product_cat-modyfikacje-surron-light-bee","8":"first","9":"instock","10":"taxable","11":"shipping-taxable","12":"purchasable","13":"product-type-simple"},"jetpack_sharing_enabled":true,"_links":{"self":[{"href":"https:\/\/www.raptore-bajk.pl\/index.php\/wp-json\/wp\/v2\/product\/1574","targetHints":{"allow":["GET"]}}],"collection":[{"href":"https:\/\/www.raptore-bajk.pl\/index.php\/wp-json\/wp\/v2\/product"}],"about":[{"href":"https:\/\/www.raptore-bajk.pl\/index.php\/wp-json\/wp\/v2\/types\/product"}],"replies":[{"embeddable":true,"href":"https:\/\/www.raptore-bajk.pl\/index.php\/wp-json\/wp\/v2\/comments?post=1574"}],"wp:featuredmedia":[{"embeddable":true,"href":"https:\/\/www.raptore-bajk.pl\/index.php\/wp-json\/wp\/v2\/media\/1921"}],"wp:attachment":[{"href":"https:\/\/www.raptore-bajk.pl\/index.php\/wp-json\/wp\/v2\/media?parent=1574"}],"wp:term":[{"taxonomy":"product_brand","embeddable":true,"href":"https:\/\/www.raptore-bajk.pl\/index.php\/wp-json\/wp\/v2\/product_brand?post=1574"},{"taxonomy":"product_cat","embeddable":true,"href":"https:\/\/www.raptore-bajk.pl\/index.php\/wp-json\/wp\/v2\/product_cat?post=1574"},{"taxonomy":"product_tag","embeddable":true,"href":"https:\/\/www.raptore-bajk.pl\/index.php\/wp-json\/wp\/v2\/product_tag?post=1574"}],"curies":[{"name":"wp","href":"https:\/\/api.w.org\/{rel}","templated":true}]}}