{"id":1565,"date":"2025-03-08T18:31:49","date_gmt":"2025-03-08T17:31:49","guid":{"rendered":"https:\/\/www.raptore-bajk.pl\/?post_type=product&#038;p=1565"},"modified":"2026-04-26T21:14:22","modified_gmt":"2026-04-26T19:14:22","slug":"przepustnica-kciukowa-torp-do-hamowania-regeneracyjnego","status":"publish","type":"product","link":"https:\/\/www.raptore-bajk.pl\/index.php\/produkt\/przepustnica-kciukowa-torp-do-hamowania-regeneracyjnego\/","title":{"rendered":"Przepustnica kciukowa Torp do hamowania regeneracyjnego"},"content":{"rendered":"<p><span>Przepustnica Torp Thumb Throttle s\u0142u\u017cy do hamowania regeneracyjnego i cofania.<\/span><\/p>\n<p><span>Jest kompatybilny z:<\/span><\/p>\n<ul>\n<li><a href=\"https:\/\/www.raptore-bajk.pl\/index.php\/produkt\/torp-kontroler-500-surron-lite-bee-segway-x260\/\"><span>Kontroler TC500 do SurRon Light Bee<\/span><\/a><\/li>\n<li><a href=\"https:\/\/www.raptore-bajk.pl\/index.php\/produkt\/torp-tc500-dla-talaria-mx3mx4-sting-r\/\"><span>Kontroler TC500 do Talaria MX3 \/ X4<\/span><\/a><\/li>\n<li><a href=\"https:\/\/www.raptore-bajk.pl\/index.php\/produkt\/sterownik-tc-1000-torp-motor\/\"><span>Kontroler TC1000 do SurRon Light Bee<\/span><\/a><\/li>\n<li><a href=\"https:\/\/www.raptore-bajk.pl\/index.php\/produkt\/sterownik-tc-1000-torp-motor-surron-ultrabee\/\"><span>Kontroler TC1000 do SurRon Ultra Bee<\/span><\/a><\/li>\n<\/ul>\n<p><img loading=\"lazy\" decoding=\"async\" src=\"http:\/\/www.raptore-bajk.pl\/wp-content\/uploads\/2025\/03\/TORP-THUMB-THROTTLE2-300x200.jpg\" alt=\"\" width=\"300\" height=\"200\" class=\"alignleft wp-image-2028 size-medium\" srcset=\"https:\/\/www.raptore-bajk.pl\/wp-content\/uploads\/2025\/03\/TORP-THUMB-THROTTLE2-300x200.jpg 300w, https:\/\/www.raptore-bajk.pl\/wp-content\/uploads\/2025\/03\/TORP-THUMB-THROTTLE2-1024x683.jpg 1024w, https:\/\/www.raptore-bajk.pl\/wp-content\/uploads\/2025\/03\/TORP-THUMB-THROTTLE2-768x512.jpg 768w, https:\/\/www.raptore-bajk.pl\/wp-content\/uploads\/2025\/03\/TORP-THUMB-THROTTLE2-1536x1024.jpg 1536w, https:\/\/www.raptore-bajk.pl\/wp-content\/uploads\/2025\/03\/TORP-THUMB-THROTTLE2-360x240.jpg 360w, https:\/\/www.raptore-bajk.pl\/wp-content\/uploads\/2025\/03\/TORP-THUMB-THROTTLE2-600x400.jpg 600w, https:\/\/www.raptore-bajk.pl\/wp-content\/uploads\/2025\/03\/TORP-THUMB-THROTTLE2.jpg 2048w\" sizes=\"auto, (max-width: 300px) 100vw, 300px\" \/><strong>WA\u017bNE dla u\u017cytkownik\u00f3w SurRun Light Bee i Ultra Bee<\/strong> : Je\u015bli posiadasz kontroler z wi\u0105zk\u0105 przewod\u00f3w z 3 lub 4 z\u0142\u0105czami, musisz kupi\u0107 wi\u0105zk\u0119 przewod\u00f3w z 5 z\u0142\u0105czami:<\/p>\n<ul>\n<li><span>Wi\u0105zka przewod\u00f3w do SurRon Light Bee<\/span><\/li>\n<li><span>\u00a0W<\/span><span>i\u0105zka przewod\u00f3w do SurRon Ultra Bee<\/span><\/li>\n<\/ul>\n<p><span>Nie dotyczy u\u017cytkownik\u00f3w Talaria MX3\/MX4!<\/span><\/p>\n","protected":false},"excerpt":{"rendered":"<p>Przepustnica Torp Thumb Throttle s\u0142u\u017cy do hamowania regeneracyjnego i cofania. Jest kompatybilny z: Kontroler TC500 do SurRon Light Bee Kontroler TC500 do Talaria MX3 \/ X4 Kontroler TC1000 do SurRon Light Bee Kontroler TC1000 do SurRon Ultra Bee WA\u017bNE dla u\u017cytkownik\u00f3w SurRun Light Bee i Ultra Bee : Je\u015bli posiadasz [&hellip;]<\/p>\n","protected":false},"featured_media":2028,"comment_status":"open","ping_status":"closed","template":"","meta":[],"product_brand":[],"product_cat":[29,32,33],"product_tag":[],"class_list":{"0":"post-1565","1":"product","2":"type-product","3":"status-publish","4":"has-post-thumbnail","6":"product_cat-modyfikacje-surron-light-bee","7":"product_cat-modyfikacje-surron-ultra-bee","8":"product_cat-modyfikacje-talaria-string-mx3-mx4","10":"first","11":"instock","12":"sale","13":"taxable","14":"shipping-taxable","15":"purchasable","16":"product-type-simple"},"jetpack_sharing_enabled":true,"_links":{"self":[{"href":"https:\/\/www.raptore-bajk.pl\/index.php\/wp-json\/wp\/v2\/product\/1565","targetHints":{"allow":["GET"]}}],"collection":[{"href":"https:\/\/www.raptore-bajk.pl\/index.php\/wp-json\/wp\/v2\/product"}],"about":[{"href":"https:\/\/www.raptore-bajk.pl\/index.php\/wp-json\/wp\/v2\/types\/product"}],"replies":[{"embeddable":true,"href":"https:\/\/www.raptore-bajk.pl\/index.php\/wp-json\/wp\/v2\/comments?post=1565"}],"wp:featuredmedia":[{"embeddable":true,"href":"https:\/\/www.raptore-bajk.pl\/index.php\/wp-json\/wp\/v2\/media\/2028"}],"wp:attachment":[{"href":"https:\/\/www.raptore-bajk.pl\/index.php\/wp-json\/wp\/v2\/media?parent=1565"}],"wp:term":[{"taxonomy":"product_brand","embeddable":true,"href":"https:\/\/www.raptore-bajk.pl\/index.php\/wp-json\/wp\/v2\/product_brand?post=1565"},{"taxonomy":"product_cat","embeddable":true,"href":"https:\/\/www.raptore-bajk.pl\/index.php\/wp-json\/wp\/v2\/product_cat?post=1565"},{"taxonomy":"product_tag","embeddable":true,"href":"https:\/\/www.raptore-bajk.pl\/index.php\/wp-json\/wp\/v2\/product_tag?post=1565"}],"curies":[{"name":"wp","href":"https:\/\/api.w.org\/{rel}","templated":true}]}}