{"id":1551,"date":"2025-02-18T21:57:37","date_gmt":"2025-02-18T20:57:37","guid":{"rendered":"https:\/\/www.raptore-bajk.pl\/?post_type=product&#038;p=1551"},"modified":"2026-03-20T11:06:27","modified_gmt":"2026-03-20T10:06:27","slug":"akumulator-talaria-sting-mx3-mx4-60v-65ah-13kw-plugplay","status":"publish","type":"product","link":"https:\/\/www.raptore-bajk.pl\/index.php\/produkt\/akumulator-talaria-sting-mx3-mx4-60v-65ah-13kw-plugplay\/","title":{"rendered":"Akumulator Talaria Sting MX3 MX4 60V 65Ah 13kW Plug&#038;Play"},"content":{"rendered":"<p><span><strong>Akumulator <\/strong><\/span><span>Li-ion\u00a0 w trwa\u0142ej obudowie Custom<\/span><br \/>\n<span>60 V 65Ah 3900Wh Current 130A\u00a0 230A peek<\/span><\/p>\n<p><span>Do akumulatora zaprojektowali\u015bmy Odpowiedni\u0105 ta\u015bm\u0119 \u201d \u0142\u0105czniki\u201d\u00a0 czyst\u0105 miedzi\u0105, kt\u00f3ra jest ci\u0119ta technologi\u0105 laserow\u0105, Co wyr\u00f3\u017cnia nasze produkty na rynku z innymi konkurencyjnymi firmami. Nasze \u0142\u0105czniki bardzo dobrze przenosz\u0105 pr\u0105d bez \u017cadnych strat czy nagrzewa ogniw, Za czym idzie zwi\u0119kszenie wydajno\u015bci Akumulatora.<\/span><br \/>\n<span>Akumulator jest wykonany Na najwy\u017cszym poziomie. Z wykorzystaniem Najnowszych technologii i rozwi\u0105za\u0144<\/span><\/p>\n<p>Zawiera wska\u017anik poziomu na\u0142adowania LCD<\/p>\n<p><strong>Wersja oficjalna z zachowaniem odporno\u015bci na zalania wod\u0105 [ Nie myjemy myjkami ci\u015bnieniowymi]<\/strong><\/p>\n<p><span>Waga akumulatora 18 Kg<\/span><\/p>\n<p><strong>W zestawie<\/strong><\/p>\n<ul>\n<li><span>Akumulator 60<\/span><span>V<\/span><span>\u00a065Ah\u00a0 13kW<\/span><\/li>\n<li>Instrukcja Obs\u0142ugi<\/li>\n<li>Gwarancja<\/li>\n<\/ul>\n<p><strong>Nie\u00a0 wymagana\u00a0 zmiany \u0142adowarki<\/strong><\/p>\n<p><strong>Wymiary:<\/strong><\/p>\n<p><span>wysoko\u015b\u0107 38 cm<\/span><\/p>\n<p><em>Na akumulator jest rok gwarancji !!.<\/em><span><\/span><\/p>\n<p><strong>Czas oczekiwania od 14- do 30 dni roboczych w zale\u017cno\u015bci od ilo\u015bci zam\u00f3wie\u0144\u00a0<\/strong><\/p>\n<p>&nbsp;<\/p>\n","protected":false},"excerpt":{"rendered":"<p>Akumulator Li-ion\u00a0 w trwa\u0142ej obudowie Custom 60 V 65Ah 3900Wh Current 130A\u00a0 230A peek Do akumulatora zaprojektowali\u015bmy Odpowiedni\u0105 ta\u015bm\u0119 \u201d \u0142\u0105czniki\u201d\u00a0 czyst\u0105 miedzi\u0105, kt\u00f3ra jest ci\u0119ta technologi\u0105 laserow\u0105, Co wyr\u00f3\u017cnia nasze produkty na rynku z innymi konkurencyjnymi firmami. Nasze \u0142\u0105czniki bardzo dobrze przenosz\u0105 pr\u0105d bez \u017cadnych strat czy nagrzewa ogniw, [&hellip;]<\/p>\n","protected":false},"featured_media":1945,"comment_status":"open","ping_status":"closed","template":"","meta":[],"product_brand":[],"product_cat":[42,33],"product_tag":[],"class_list":{"0":"post-1551","1":"product","2":"type-product","3":"status-publish","4":"has-post-thumbnail","6":"product_cat-mrf","7":"product_cat-modyfikacje-talaria-string-mx3-mx4","9":"first","10":"onbackorder","11":"taxable","12":"shipping-taxable","13":"purchasable","14":"product-type-simple"},"jetpack_sharing_enabled":true,"_links":{"self":[{"href":"https:\/\/www.raptore-bajk.pl\/index.php\/wp-json\/wp\/v2\/product\/1551","targetHints":{"allow":["GET"]}}],"collection":[{"href":"https:\/\/www.raptore-bajk.pl\/index.php\/wp-json\/wp\/v2\/product"}],"about":[{"href":"https:\/\/www.raptore-bajk.pl\/index.php\/wp-json\/wp\/v2\/types\/product"}],"replies":[{"embeddable":true,"href":"https:\/\/www.raptore-bajk.pl\/index.php\/wp-json\/wp\/v2\/comments?post=1551"}],"wp:featuredmedia":[{"embeddable":true,"href":"https:\/\/www.raptore-bajk.pl\/index.php\/wp-json\/wp\/v2\/media\/1945"}],"wp:attachment":[{"href":"https:\/\/www.raptore-bajk.pl\/index.php\/wp-json\/wp\/v2\/media?parent=1551"}],"wp:term":[{"taxonomy":"product_brand","embeddable":true,"href":"https:\/\/www.raptore-bajk.pl\/index.php\/wp-json\/wp\/v2\/product_brand?post=1551"},{"taxonomy":"product_cat","embeddable":true,"href":"https:\/\/www.raptore-bajk.pl\/index.php\/wp-json\/wp\/v2\/product_cat?post=1551"},{"taxonomy":"product_tag","embeddable":true,"href":"https:\/\/www.raptore-bajk.pl\/index.php\/wp-json\/wp\/v2\/product_tag?post=1551"}],"curies":[{"name":"wp","href":"https:\/\/api.w.org\/{rel}","templated":true}]}}