{"id":1542,"date":"2025-02-18T21:17:53","date_gmt":"2025-02-18T20:17:53","guid":{"rendered":"https:\/\/www.raptore-bajk.pl\/?post_type=product&#038;p=1542"},"modified":"2025-11-27T17:41:20","modified_gmt":"2025-11-27T16:41:20","slug":"akumulator-surron-light-bee-81-4v-50ah-37kw-high-performance","status":"publish","type":"product","link":"https:\/\/www.raptore-bajk.pl\/index.php\/produkt\/akumulator-surron-light-bee-81-4v-50ah-37kw-high-performance\/","title":{"rendered":"Akumulator Surron Light Bee 81.2V 50Ah 37kW+ High Performance"},"content":{"rendered":"<p><span>Akumulator Li-ion Surron w trwa\u0142ej obudowie Custom<\/span><\/p>\n<p><span>\u00a0 <strong>\u00a0High Performance 81.2 V 50Ah 4070Wh Current 350A ,5<\/strong><\/span><strong>50A peek<\/strong><\/p>\n<p>Do naszego akumulatora zaprojektowali\u015bmy specjalne \u0142\u0105czniki miedziane o grubo\u015bci 0,5 mm, kt\u00f3re s\u0142u\u017c\u0105 do \u0142\u0105czenia ogniw. S\u0105 one precyzyjnie wycinane przy u\u017cyciu technologii laserowej, co wyr\u00f3\u017cnia nasze produkty na tle konkurencji. Nasze \u0142\u0105czniki charakteryzuj\u0105 si\u0119 doskona\u0142ym przewodnictwem pr\u0105du, minimalizuj\u0105c straty energii i zapobiegaj\u0105c nagrzewaniu ogniw. Dzi\u0119ki temu akumulator osi\u0105ga wysok\u0105 wydajno\u015b\u0107.<\/p>\n<p>Ca\u0142y proces produkcji akumulatora odbywa si\u0119 na najwy\u017cszym poziomie, z wykorzystaniem najnowocze\u015bniejszych technologii i innowacyjnych rozwi\u0105za\u0144, co gwarantuje jego niezawodno\u015b\u0107 i trwa\u0142o\u015b\u0107.<\/p>\n<p><span>Akumulator Li-ion Surron w trwa\u0142ej obudowie Custom<\/span><br \/>\n<span>81.2 V 50Ah 4070Wh Current 350A ,5<\/span><span>50A peek<\/span><\/p>\n<p><strong>Ogniwa Molicell P50B<\/strong><\/p>\n<p><span>Waga akumulatora 18Kg<\/span><\/p>\n<p><span>Akumulator pasuje do ka\u017cdej wersji surrona lite bee. I jest wy\u017cszy tylko 1,5cm od orygina\u0142u,\u00a0 Do zestawu do\u0142\u0105czmy adaptery zamka, nie wymaga podnoszenia siode\u0142ka<\/span><\/p>\n<p>&nbsp;<\/p>\n<p><strong>W zestawie<\/strong><\/p>\n<p><span>-Akumulator 81.2<\/span><span>V <\/span><span>\u00a050Ah<\/span><br \/>\n<span>-Adapter zamka\u00a0<\/span><br \/>\n<span>-Wtyczka do sterownika z wi\u0105zk\u0105 zasilaj\u0105ca qs10<\/span><br \/>\n<span>-Wtyczka do \u0142adowarki o ile nie jest zakupiona<\/span><\/p>\n<p><a href=\"http:\/\/www.raptore-bajk.pl\/index.php\/produkt\/ladowarka-li-ion-84v-15a\/\"><strong><span>Nie zawiera \u0142adowarki (link)<\/span><\/strong><\/a><\/p>\n<p><span>Wymiary:<\/span><\/p>\n<p><span>wysoko\u015b\u0107 38 cm<\/span><\/p>\n<p><span>Na akumulator jest rok gwarancji!!<\/span><\/p>\n<p><span>Przy zam\u00f3wieniu, prosz\u0119 poda\u0107 informacje, czy siode\u0142ko jest z podwy\u017cszeniem, czy standard.<\/span><\/p>\n<p><strong>Czas oczekiwania od 14- do 30 dni roboczych<\/strong><\/p>\n<p>&nbsp;<\/p>\n","protected":false},"excerpt":{"rendered":"<p>Akumulator Li-ion Surron w trwa\u0142ej obudowie Custom \u00a0 \u00a0High Performance 81.2 V 50Ah 4070Wh Current 350A ,550A peek Do naszego akumulatora zaprojektowali\u015bmy specjalne \u0142\u0105czniki miedziane o grubo\u015bci 0,5 mm, kt\u00f3re s\u0142u\u017c\u0105 do \u0142\u0105czenia ogniw. S\u0105 one precyzyjnie wycinane przy u\u017cyciu technologii laserowej, co wyr\u00f3\u017cnia nasze produkty na tle konkurencji. Nasze [&hellip;]<\/p>\n","protected":false},"featured_media":1545,"comment_status":"open","ping_status":"closed","template":"","meta":[],"product_brand":[],"product_cat":[29],"product_tag":[],"class_list":{"0":"post-1542","1":"product","2":"type-product","3":"status-publish","4":"has-post-thumbnail","6":"product_cat-modyfikacje-surron-light-bee","8":"first","9":"onbackorder","10":"taxable","11":"shipping-taxable","12":"purchasable","13":"product-type-simple"},"jetpack_sharing_enabled":true,"_links":{"self":[{"href":"https:\/\/www.raptore-bajk.pl\/index.php\/wp-json\/wp\/v2\/product\/1542","targetHints":{"allow":["GET"]}}],"collection":[{"href":"https:\/\/www.raptore-bajk.pl\/index.php\/wp-json\/wp\/v2\/product"}],"about":[{"href":"https:\/\/www.raptore-bajk.pl\/index.php\/wp-json\/wp\/v2\/types\/product"}],"replies":[{"embeddable":true,"href":"https:\/\/www.raptore-bajk.pl\/index.php\/wp-json\/wp\/v2\/comments?post=1542"}],"wp:featuredmedia":[{"embeddable":true,"href":"https:\/\/www.raptore-bajk.pl\/index.php\/wp-json\/wp\/v2\/media\/1545"}],"wp:attachment":[{"href":"https:\/\/www.raptore-bajk.pl\/index.php\/wp-json\/wp\/v2\/media?parent=1542"}],"wp:term":[{"taxonomy":"product_brand","embeddable":true,"href":"https:\/\/www.raptore-bajk.pl\/index.php\/wp-json\/wp\/v2\/product_brand?post=1542"},{"taxonomy":"product_cat","embeddable":true,"href":"https:\/\/www.raptore-bajk.pl\/index.php\/wp-json\/wp\/v2\/product_cat?post=1542"},{"taxonomy":"product_tag","embeddable":true,"href":"https:\/\/www.raptore-bajk.pl\/index.php\/wp-json\/wp\/v2\/product_tag?post=1542"}],"curies":[{"name":"wp","href":"https:\/\/api.w.org\/{rel}","templated":true}]}}