{"id":1519,"date":"2024-12-30T11:52:29","date_gmt":"2024-12-30T10:52:29","guid":{"rendered":"https:\/\/www.raptore-bajk.pl\/?post_type=product&#038;p=1519"},"modified":"2025-12-11T12:22:05","modified_gmt":"2025-12-11T11:22:05","slug":"akumulator-surron-light-60v-68ah-7kw-plugplay-stock-2024","status":"publish","type":"product","link":"https:\/\/www.raptore-bajk.pl\/index.php\/produkt\/akumulator-surron-light-60v-68ah-7kw-plugplay-stock-2024\/","title":{"rendered":"Akumulator Surron Light 60V 68Ah 7kW Plug&#038;Play Stock 2024"},"content":{"rendered":"<p>Akumulator RaptorE-Bajk 60V 68Ah to zaawansowane technologicznie rozwi\u0105zanie stworzone z my\u015bl\u0105 o maksymalnym zwi\u0119kszeniu zasi\u0119gu i wydajno\u015bci Twojego seryjnego Surrona Light Bee. Dzi\u0119ki wysokiej pojemno\u015bci 68Ah i mocy szczytowej 7 kW, ten akumulator zapewnia znacznie d\u0142u\u017csz\u0105 jazd\u0119 na jednym \u0142adowaniu, idealny dla d\u0142ugich tras.<\/p>\n<p>Zastosowanie nowoczesnych ogniw litowo-jonowych gwarantuje niezawodno\u015b\u0107 i trwa\u0142o\u015b\u0107, a tak\u017ce szybkie \u0142adowanie. Wyposa\u017cony w solidn\u0105 wtyczk\u0119 zasilania 2024 roku, akumulator RaptorE-Bajk jest kompatybilny z najnowszymi standardami, zapewniaj\u0105c \u0142atwo\u015b\u0107 monta\u017cu i obs\u0142ugi.<\/p>\n<p>Do naszego akumulatora zaprojektowali\u015bmy specjalne \u0142\u0105czniki miedziane o grubo\u015bci 0,2 mm, kt\u00f3re s\u0142u\u017c\u0105 do \u0142\u0105czenia ogniw. S\u0105 one precyzyjnie wycinane przy u\u017cyciu technologii laserowej, co wyr\u00f3\u017cnia nasze produkty na tle konkurencji. Nasze \u0142\u0105czniki charakteryzuj\u0105 si\u0119 doskona\u0142ym przewodnictwem pr\u0105du, minimalizuj\u0105c straty energii i zapobiegaj\u0105c nagrzewaniu ogniw. Dzi\u0119ki temu akumulator osi\u0105ga wysok\u0105 wydajno\u015b\u0107.<\/p>\n<p>Ca\u0142y proces produkcji akumulatora odbywa si\u0119 na najwy\u017cszym poziomie, z wykorzystaniem najnowocze\u015bniejszych technologii i innowacyjnych rozwi\u0105za\u0144, co gwarantuje jego niezawodno\u015b\u0107 i trwa\u0142o\u015b\u0107.<\/p>\n<p>Je\u015bli szukasz akumulatora, kt\u00f3ry zmaksymalizuje osi\u0105gi Twojego Surrona i pozwoli na d\u0142u\u017csz\u0105, bardziej intensywn\u0105 jazd\u0119 \u2013 RaptorE-Bajk 60V 68Ah to idealny wyb\u00f3r.<\/p>\n<p><strong>Nie wymaga Podnoszenia Klapki<\/strong><\/p>\n<p>Cechy wyr\u00f3\u017cniaj\u0105ce:<\/p>\n<p><strong>Napi\u0119cie: 60V<\/strong><\/p>\n<p><strong>Pojemno\u015b\u0107: 68Ah<\/strong><\/p>\n<p><strong>Moc maksymalna: 7 kW<\/strong><\/p>\n<p><strong>Ogniwa 21700 LG Cell<\/strong><\/p>\n<p><strong>Wtyk zasilania Plug&amp;Play Stock 2024<\/strong><\/p>\n<p>Wyd\u0142u\u017cony zasi\u0119g: nawet o 120% w por\u00f3wnaniu z fabrycznym akumulatorem Surrona Light Bee<\/p>\n<p>Zwi\u0119kszona \u017cywotno\u015b\u0107 dzi\u0119ki zastosowaniu ogniw wysokiej klasy<\/p>\n<p>Solidna obudowa, odporna na wstrz\u0105sy i warunki atmosferyczne<\/p>\n<p><span>Waga akumulatora 16 Kg<\/span><br \/>\n<span>Akumulator pasuje do ka\u017cdej wersji SurRon Light Bee<\/span><\/p>\n<p>&nbsp;<\/p>\n<p><span>W zestawie<\/span><\/p>\n<p><span>-Akumulator 60<\/span><span>V<\/span><span>\u00a068Ah<\/span><br \/>\n<span>-Karta Gwarancyjna<\/span><br \/>\n-instrukcja Obs\u0142ugi<\/p>\n<p><span>Wymiary:<\/span><\/p>\n<p><span>wysoko\u015b\u0107 36 cm ( <strong>wymiar jak oryginalna<\/strong> )<\/span><\/p>\n<p><span>Na akumulator jest rok gwarancji !!<\/span><\/p>\n<p><strong>Czas oczekiwania od 14- do 30 dni roboczych<\/strong><\/p>\n","protected":false},"excerpt":{"rendered":"<p><span>Akumulator Li-ion Surron Custom Plug&amp;Play 2024<\/span><br \/>\n<span>60 V 68Ah\u00a0\u00a0<\/span><\/p>\n","protected":false},"featured_media":1521,"comment_status":"open","ping_status":"closed","template":"","meta":[],"product_brand":[],"product_cat":[29],"product_tag":[],"class_list":{"0":"post-1519","1":"product","2":"type-product","3":"status-publish","4":"has-post-thumbnail","6":"product_cat-modyfikacje-surron-light-bee","8":"first","9":"onbackorder","10":"taxable","11":"shipping-taxable","12":"purchasable","13":"product-type-simple"},"jetpack_sharing_enabled":true,"_links":{"self":[{"href":"https:\/\/www.raptore-bajk.pl\/index.php\/wp-json\/wp\/v2\/product\/1519","targetHints":{"allow":["GET"]}}],"collection":[{"href":"https:\/\/www.raptore-bajk.pl\/index.php\/wp-json\/wp\/v2\/product"}],"about":[{"href":"https:\/\/www.raptore-bajk.pl\/index.php\/wp-json\/wp\/v2\/types\/product"}],"replies":[{"embeddable":true,"href":"https:\/\/www.raptore-bajk.pl\/index.php\/wp-json\/wp\/v2\/comments?post=1519"}],"wp:featuredmedia":[{"embeddable":true,"href":"https:\/\/www.raptore-bajk.pl\/index.php\/wp-json\/wp\/v2\/media\/1521"}],"wp:attachment":[{"href":"https:\/\/www.raptore-bajk.pl\/index.php\/wp-json\/wp\/v2\/media?parent=1519"}],"wp:term":[{"taxonomy":"product_brand","embeddable":true,"href":"https:\/\/www.raptore-bajk.pl\/index.php\/wp-json\/wp\/v2\/product_brand?post=1519"},{"taxonomy":"product_cat","embeddable":true,"href":"https:\/\/www.raptore-bajk.pl\/index.php\/wp-json\/wp\/v2\/product_cat?post=1519"},{"taxonomy":"product_tag","embeddable":true,"href":"https:\/\/www.raptore-bajk.pl\/index.php\/wp-json\/wp\/v2\/product_tag?post=1519"}],"curies":[{"name":"wp","href":"https:\/\/api.w.org\/{rel}","templated":true}]}}