{"id":1512,"date":"2024-12-19T09:17:20","date_gmt":"2024-12-19T08:17:20","guid":{"rendered":"https:\/\/www.raptore-bajk.pl\/?post_type=product&#038;p=1512"},"modified":"2025-10-15T14:14:59","modified_gmt":"2025-10-15T12:14:59","slug":"akumulator-bidon-52v-20ah-21700","status":"publish","type":"product","link":"https:\/\/www.raptore-bajk.pl\/index.php\/produkt\/akumulator-bidon-52v-20ah-21700\/","title":{"rendered":"Akumulator bidon 52V 20Ah 21700"},"content":{"rendered":"<p>Akumulator Li-ion 52V i pojemno\u015bci 1040Wh i pr\u0105dzie 40A, z zastosowaniem markowych ogniw, zosta\u0142 starannie zgrzewany w Polsce przy u\u017cyciu wysokiej jako\u015bci \u0142\u0105cznik\u00f3w z czystego niklu. Ten zaawansowany akumulator zapewnia nie tylko solidny zasi\u0119g i d\u0142ugotrwa\u0142\u0105 moc dzi\u0119ki napi\u0119ciu 52V i pojemno\u015bci 20Ah, ale tak\u017ce gwarantuje niezawodno\u015b\u0107 i trwa\u0142o\u015b\u0107 dzi\u0119ki starannej konstrukcji. Wykorzystanie markowych ogniw oraz precyzyjne zgrzewanie z czystego niklu podkre\u015blaj\u0105 jego wysok\u0105 jako\u015b\u0107, co sprawia, \u017ce jest to idealne rozwi\u0105zanie dla rowerzyst\u00f3w, kt\u00f3rzy ceni\u0105 sobie nie tylko wydajno\u015b\u0107, ale tak\u017ce lokaln\u0105 produkcj\u0119 i staranno\u015b\u0107 w detalach.<\/p>\n<p>Akumulator w obudowie shark o konfiguracji 13s4p Model Polly DP-21700-5C<\/p>\n<p>52V 20 Ah Li-ion i\u00a0 max. obci\u0105\u017cenie\u00a0 40A<br \/>\nAkumulator z\u0142o\u017cony na nowych ogniwach LG M50LT 21700\\ Samsung 50E<br \/>\nPrzypuszczalny zasi\u0119g to oko\u0142o 120 km<\/p>\n<p><a href=\"https:\/\/drive.google.com\/file\/d\/1CdhDRKTMEncyZx-Jiq8AanblVpz6_Vc5\/view?usp=sharing\"><em><strong>Szablon do Pobrania\u00a0<\/strong><\/em><\/a><\/p>\n<p><strong>Gwarancja 2 lata<\/strong><\/p>\n<p><span>W zestawie<\/span><\/p>\n<ul>\n<li>Akumulator 14s4p 21700 cell<\/li>\n<li>Szyna mocuj\u0105ca ze z\u0142\u0105czem XT60\\90<\/li>\n<li>Dwa kluczyki<\/li>\n<li>Automatyczna \u0142adowarka 3A z wentylatorem czas \u0142adowania oko\u0142o 6.5h<\/li>\n<li>Instrukcja Obs\u0142ugi<\/li>\n<li>Karta Gwarancyjna<\/li>\n<\/ul>\n<p>Czas realizacji do 7 dni roboczych<\/p>\n","protected":false},"excerpt":{"rendered":"<p>Akumulator Li-ion 52V i pojemno\u015bci 1040Wh i pr\u0105dzie 40A, z zastosowaniem markowych ogniw, zosta\u0142 starannie zgrzewany w Polsce przy u\u017cyciu wysokiej jako\u015bci \u0142\u0105cznik\u00f3w z czystego niklu. Ten zaawansowany akumulator zapewnia nie tylko solidny zasi\u0119g i d\u0142ugotrwa\u0142\u0105 moc dzi\u0119ki napi\u0119ciu 52V i pojemno\u015bci 20Ah, ale tak\u017ce gwarantuje niezawodno\u015b\u0107 i trwa\u0142o\u015b\u0107 dzi\u0119ki [&hellip;]<\/p>\n","protected":false},"featured_media":1906,"comment_status":"open","ping_status":"closed","template":"","meta":[],"product_brand":[],"product_cat":[18],"product_tag":[],"class_list":{"0":"post-1512","1":"product","2":"type-product","3":"status-publish","4":"has-post-thumbnail","6":"product_cat-akumulatory","8":"first","9":"onbackorder","10":"taxable","11":"shipping-taxable","12":"purchasable","13":"product-type-simple"},"jetpack_sharing_enabled":true,"_links":{"self":[{"href":"https:\/\/www.raptore-bajk.pl\/index.php\/wp-json\/wp\/v2\/product\/1512","targetHints":{"allow":["GET"]}}],"collection":[{"href":"https:\/\/www.raptore-bajk.pl\/index.php\/wp-json\/wp\/v2\/product"}],"about":[{"href":"https:\/\/www.raptore-bajk.pl\/index.php\/wp-json\/wp\/v2\/types\/product"}],"replies":[{"embeddable":true,"href":"https:\/\/www.raptore-bajk.pl\/index.php\/wp-json\/wp\/v2\/comments?post=1512"}],"wp:featuredmedia":[{"embeddable":true,"href":"https:\/\/www.raptore-bajk.pl\/index.php\/wp-json\/wp\/v2\/media\/1906"}],"wp:attachment":[{"href":"https:\/\/www.raptore-bajk.pl\/index.php\/wp-json\/wp\/v2\/media?parent=1512"}],"wp:term":[{"taxonomy":"product_brand","embeddable":true,"href":"https:\/\/www.raptore-bajk.pl\/index.php\/wp-json\/wp\/v2\/product_brand?post=1512"},{"taxonomy":"product_cat","embeddable":true,"href":"https:\/\/www.raptore-bajk.pl\/index.php\/wp-json\/wp\/v2\/product_cat?post=1512"},{"taxonomy":"product_tag","embeddable":true,"href":"https:\/\/www.raptore-bajk.pl\/index.php\/wp-json\/wp\/v2\/product_tag?post=1512"}],"curies":[{"name":"wp","href":"https:\/\/api.w.org\/{rel}","templated":true}]}}