{"id":1486,"date":"2024-11-17T20:21:18","date_gmt":"2024-11-17T19:21:18","guid":{"rendered":"https:\/\/www.raptore-bajk.pl\/?post_type=product&#038;p=1486"},"modified":"2025-03-20T12:59:25","modified_gmt":"2025-03-20T11:59:25","slug":"obudowa-bidonowa-na-91-ogniw-18650-48v-polly-dp-9","status":"publish","type":"product","link":"https:\/\/www.raptore-bajk.pl\/index.php\/produkt\/obudowa-bidonowa-na-91-ogniw-18650-48v-polly-dp-9\/","title":{"rendered":"Obudowa bidonowa na 91 ogniw 18650 48V  Polly DP-9"},"content":{"rendered":"<p>Obudowa bidonowa shark typu hailong na 91 ogniw 18650.<\/p>\n<p>Specyfikacja:<\/p>\n<ul>\n<li>koszyki na 91 ogniw 18650,<\/li>\n<li>wska\u017anik na\u0142adowania baterii 10S-36V, 13S-48V, 14S-52V (Opcj\u0119 prosz\u0119 wybra\u0107 przy sk\u0142adaniu zam\u00f3wienia w adnotacji ),<\/li>\n<li>szyna monta\u017cowa<\/li>\n<li>kluczyk 2x<\/li>\n<li>gniazdo \u0142adowania typu DC 5.5\/2.1 (3-4A)<\/li>\n<li>Mo\u017cliwo\u015b\u0107 dokupienia kompletu \u0142\u0105cznik\u00f3w do zgrzewania naszego projektu czysty Nikiel 0.15mm\u00a0 <a href=\"https:\/\/www.raptore-bajk.pl\/index.php\/produkt\/laczniki-do-akumulatora-shark-bidon-13s7p\/\"><em><strong>LINK<\/strong><\/em><\/a><\/li>\n<\/ul>\n<p>Oraz Szablon do przymiarki <a href=\"https:\/\/drive.google.com\/file\/d\/1aVagJbWiBpTAWOf6MD11ACAq5Wmua2zt\/view?usp=sharing\"><em><strong>Link<\/strong><\/em><\/a><\/p>\n<p><img loading=\"lazy\" decoding=\"async\" src=\"http:\/\/www.raptore-bajk.pl\/wp-content\/uploads\/2021\/10\/bidon-91-300x300.jpg\" alt=\"\" width=\"300\" height=\"300\" class=\"alignleft size-medium wp-image-424\" srcset=\"https:\/\/www.raptore-bajk.pl\/wp-content\/uploads\/2021\/10\/bidon-91-300x300.jpg 300w, https:\/\/www.raptore-bajk.pl\/wp-content\/uploads\/2021\/10\/bidon-91-160x160.jpg 160w, https:\/\/www.raptore-bajk.pl\/wp-content\/uploads\/2021\/10\/bidon-91-600x600.jpg 600w, https:\/\/www.raptore-bajk.pl\/wp-content\/uploads\/2021\/10\/bidon-91-150x150.jpg 150w, https:\/\/www.raptore-bajk.pl\/wp-content\/uploads\/2021\/10\/bidon-91-768x768.jpg 768w, https:\/\/www.raptore-bajk.pl\/wp-content\/uploads\/2021\/10\/bidon-91.jpg 1000w\" sizes=\"auto, (max-width: 300px) 100vw, 300px\" \/><\/p>\n","protected":false},"excerpt":{"rendered":"<p>Obudowa bidonowa shark typu hailong na 91 ogniw 18650. Specyfikacja: koszyki na 91 ogniw 18650, wska\u017anik na\u0142adowania baterii 10S-36V, 13S-48V, 14S-52V (Opcj\u0119 prosz\u0119 wybra\u0107 przy sk\u0142adaniu zam\u00f3wienia w adnotacji ), szyna monta\u017cowa kluczyk 2x gniazdo \u0142adowania typu DC 5.5\/2.1 (3-4A) Mo\u017cliwo\u015b\u0107 dokupienia kompletu \u0142\u0105cznik\u00f3w do zgrzewania naszego projektu czysty Nikiel [&hellip;]<\/p>\n","protected":false},"featured_media":1117,"comment_status":"open","ping_status":"closed","template":"","meta":[],"product_brand":[],"product_cat":[17],"product_tag":[],"class_list":{"0":"post-1486","1":"product","2":"type-product","3":"status-publish","4":"has-post-thumbnail","6":"product_cat-bez-kategorii","8":"first","9":"instock","10":"taxable","11":"shipping-taxable","12":"purchasable","13":"product-type-simple"},"jetpack_sharing_enabled":true,"_links":{"self":[{"href":"https:\/\/www.raptore-bajk.pl\/index.php\/wp-json\/wp\/v2\/product\/1486","targetHints":{"allow":["GET"]}}],"collection":[{"href":"https:\/\/www.raptore-bajk.pl\/index.php\/wp-json\/wp\/v2\/product"}],"about":[{"href":"https:\/\/www.raptore-bajk.pl\/index.php\/wp-json\/wp\/v2\/types\/product"}],"replies":[{"embeddable":true,"href":"https:\/\/www.raptore-bajk.pl\/index.php\/wp-json\/wp\/v2\/comments?post=1486"}],"wp:featuredmedia":[{"embeddable":true,"href":"https:\/\/www.raptore-bajk.pl\/index.php\/wp-json\/wp\/v2\/media\/1117"}],"wp:attachment":[{"href":"https:\/\/www.raptore-bajk.pl\/index.php\/wp-json\/wp\/v2\/media?parent=1486"}],"wp:term":[{"taxonomy":"product_brand","embeddable":true,"href":"https:\/\/www.raptore-bajk.pl\/index.php\/wp-json\/wp\/v2\/product_brand?post=1486"},{"taxonomy":"product_cat","embeddable":true,"href":"https:\/\/www.raptore-bajk.pl\/index.php\/wp-json\/wp\/v2\/product_cat?post=1486"},{"taxonomy":"product_tag","embeddable":true,"href":"https:\/\/www.raptore-bajk.pl\/index.php\/wp-json\/wp\/v2\/product_tag?post=1486"}],"curies":[{"name":"wp","href":"https:\/\/api.w.org\/{rel}","templated":true}]}}