{"id":1428,"date":"2024-11-12T20:10:37","date_gmt":"2024-11-12T19:10:37","guid":{"rendered":"https:\/\/www.raptore-bajk.pl\/?post_type=product&#038;p=1428"},"modified":"2025-04-15T19:41:01","modified_gmt":"2025-04-15T17:41:01","slug":"bms-ant-7-16s-325a-smart-bt","status":"publish","type":"product","link":"https:\/\/www.raptore-bajk.pl\/index.php\/produkt\/bms-ant-7-16s-325a-smart-bt\/","title":{"rendered":"BMS ANT 7-16s 325A Smart  BT"},"content":{"rendered":"<p>**BMS ANT 325A Smart \u2013 Nowoczesny System Zarz\u0105dzania Bateri\u0105**<\/p>\n<p>BMS ANT 325A Smart to zaawansowany System Zarz\u0105dzania Bateri\u0105 (Battery Management System), kt\u00f3ry gwarantuje bezpiecze\u0144stwo i optymaln\u0105 wydajno\u015b\u0107 akumulatora. Obs\u0142uguj\u0105c pr\u0105d do 325A, system ten monitoruje kluczowe parametry, takie jak napi\u0119cie, nat\u0119\u017cenie pr\u0105du, temperatura oraz r\u00f3wnomierno\u015b\u0107 roz\u0142adowywania poszczeg\u00f3lnych ogniw, co zapewnia stabilne i d\u0142ugotrwa\u0142e dzia\u0142anie baterii.<\/p>\n<p>Dzi\u0119ki funkcji &#8222;Smart&#8221; u\u017cytkownik ma mo\u017cliwo\u015b\u0107 zdalnego monitorowania i konfiguracji ustawie\u0144 przez aplikacj\u0119 mobiln\u0105, co znacz\u0105co podnosi wygod\u0119 i kontrol\u0119 nad systemem. BMS ANT 325A Smart to idealne rozwi\u0105zanie dla os\u00f3b ceni\u0105cych nowoczesne technologie, kt\u00f3re umo\u017cliwiaj\u0105 precyzyjne i efektywne zarz\u0105dzanie energi\u0105 w zaawansowanych systemach akumulatorowych.<\/p>\n<p>&nbsp;<\/p>\n<p><strong>Wersja szczytowa 325A, ci\u0105g\u0142e roz\u0142adowanie 130A<\/strong><\/p>\n<p><span>Wersja 7S do 16S:<\/span><br \/>\n<span>Bateria litowo-jonowa 7S do 16S, bateria Lifepo4 od 8S do 16S, bateria 8S do 16S LTO<\/span><\/p>\n<p><strong data-spm-anchor-id=\"a2g0o.detail.1000023.i3.4bf47f23CdjEof\">Najnowsz\u0105 wersje BMS ANT\u00a0 mo\u017cemy ustawi\u0107 wy\u0142\u0105cznie z najnowszej aplikacji, <\/strong><strong data-spm-anchor-id=\"a2g0o.detail.1000023.i3.4bf47f23CdjEof\">link poni\u017cej.<\/strong><\/p>\n<p>https:\/\/drive.google.com\/file\/d\/1nby0utms8jogbYTpbhgOW5170o1RStz3\/view?usp=sharing<\/p>\n<p><strong>Zestaw zawiera:<\/strong><\/p>\n<p>-Urz\u0105dzenie BMS ANT 325A z przewodami 4x 12Awg<\/p>\n<p>-Przewody Balansuj\u0105ce<\/p>\n<p>-4 czujniki temperatury<\/p>\n<p>-Przew\u00f3d aktywacji<\/p>\n<p><em><strong>Zestaw nie zawiera LCD.<\/strong><\/em><\/p>\n<p><strong>Wymiary:<\/strong><\/p>\n<p><span>7S do\u00a0 16S 325A rozmiar: 13.5CM * 7CM * 1.7CM<\/span><\/p>\n<p><strong>Rok gwarancji\u00a0<\/strong><\/p>\n<p><span>Nie obejmuje w przypadku b\u0142\u0119du w monta\u017cu lub ingerencje w\u00a0<\/span><span>urz\u0105dzenie.<\/span><\/p>\n<p>&nbsp;<\/p>\n","protected":false},"excerpt":{"rendered":"<p>**BMS ANT 325A Smart \u2013 Nowoczesny System Zarz\u0105dzania Bateri\u0105** BMS ANT 325A Smart to zaawansowany System Zarz\u0105dzania Bateri\u0105 (Battery Management System), kt\u00f3ry gwarantuje bezpiecze\u0144stwo i optymaln\u0105 wydajno\u015b\u0107 akumulatora. Obs\u0142uguj\u0105c pr\u0105d do 325A, system ten monitoruje kluczowe parametry, takie jak napi\u0119cie, nat\u0119\u017cenie pr\u0105du, temperatura oraz r\u00f3wnomierno\u015b\u0107 roz\u0142adowywania poszczeg\u00f3lnych ogniw, co zapewnia [&hellip;]<\/p>\n","protected":false},"featured_media":1429,"comment_status":"open","ping_status":"closed","template":"","meta":[],"product_brand":[],"product_cat":[17],"product_tag":[],"class_list":{"0":"post-1428","1":"product","2":"type-product","3":"status-publish","4":"has-post-thumbnail","6":"product_cat-bez-kategorii","8":"first","9":"instock","10":"taxable","11":"shipping-taxable","12":"purchasable","13":"product-type-simple"},"jetpack_sharing_enabled":true,"_links":{"self":[{"href":"https:\/\/www.raptore-bajk.pl\/index.php\/wp-json\/wp\/v2\/product\/1428","targetHints":{"allow":["GET"]}}],"collection":[{"href":"https:\/\/www.raptore-bajk.pl\/index.php\/wp-json\/wp\/v2\/product"}],"about":[{"href":"https:\/\/www.raptore-bajk.pl\/index.php\/wp-json\/wp\/v2\/types\/product"}],"replies":[{"embeddable":true,"href":"https:\/\/www.raptore-bajk.pl\/index.php\/wp-json\/wp\/v2\/comments?post=1428"}],"wp:featuredmedia":[{"embeddable":true,"href":"https:\/\/www.raptore-bajk.pl\/index.php\/wp-json\/wp\/v2\/media\/1429"}],"wp:attachment":[{"href":"https:\/\/www.raptore-bajk.pl\/index.php\/wp-json\/wp\/v2\/media?parent=1428"}],"wp:term":[{"taxonomy":"product_brand","embeddable":true,"href":"https:\/\/www.raptore-bajk.pl\/index.php\/wp-json\/wp\/v2\/product_brand?post=1428"},{"taxonomy":"product_cat","embeddable":true,"href":"https:\/\/www.raptore-bajk.pl\/index.php\/wp-json\/wp\/v2\/product_cat?post=1428"},{"taxonomy":"product_tag","embeddable":true,"href":"https:\/\/www.raptore-bajk.pl\/index.php\/wp-json\/wp\/v2\/product_tag?post=1428"}],"curies":[{"name":"wp","href":"https:\/\/api.w.org\/{rel}","templated":true}]}}