{"id":1402,"date":"2024-10-29T22:22:00","date_gmt":"2024-10-29T21:22:00","guid":{"rendered":"https:\/\/www.raptore-bajk.pl\/?post_type=product&#038;p=1402"},"modified":"2026-03-04T21:16:37","modified_gmt":"2026-03-04T20:16:37","slug":"zestaw-kit-talaria-sting-mx3-mx4-60v-65ah-12kw-plugplay","status":"publish","type":"product","link":"https:\/\/www.raptore-bajk.pl\/index.php\/produkt\/zestaw-kit-talaria-sting-mx3-mx4-60v-65ah-12kw-plugplay\/","title":{"rendered":"Zestaw Kit Talaria Sting MX3 MX4 60V 65Ah 13kW Plug&#038;Play"},"content":{"rendered":"<p>Zestaw Talaria Sting 60V 13kW to zaawansowane rozwi\u0105zanie dla entuzjast\u00f3w motocykli elektrycznych. Wyposa\u017cony w pot\u0119\u017cny nap\u0119d o mocy 13kW i napi\u0119ciu 60V, ten zestaw zapewnia imponuj\u0105ce osi\u0105gi, umo\u017cliwiaj\u0105c dynamiczn\u0105 i ekscytuj\u0105c\u0105 jazd\u0119. Talaria Sting charakteryzuje si\u0119 zaawansowan\u0105 technologi\u0105, trwa\u0142\u0105 konstrukcj\u0105 oraz innowacyjnym designem. Zestaw ten jest idealny dla tych, kt\u00f3rzy szukaj\u0105 po\u0142\u0105czenia mocy, efektywno\u015bci i nowoczesno\u015bci w jednym kompakcyjnym motocyklu elektrycznym. Dzi\u0119ki wysokiemu poziomowi wydajno\u015bci,\u00a0 60V 13kW dostarcza intensywne doznania podczas ka\u017cdej trasy.<\/p>\n<p><strong>Zestaw kit do Talaria Sting R z zestawem do samodzielnego monta\u017cy\u00a0 plug&amp;play, MX3 czy MX4<\/strong><\/p>\n<p>Akumulator Firmy<span>\u00a0<\/span><strong>RaptorE-bajk 13kW 65Ah 60V<\/strong><\/p>\n<p>Sterownik<span>\u00a0<\/span><strong>Torp 1000 50kW 48V-80V\u00a0 MX3-MX4\u00a0 Sting R<\/strong><\/p>\n<p><a href=\"https:\/\/drive.google.com\/file\/d\/1vGZe8yLcJHoDohRxzCgdlu7jUVAhuIay\/view?usp=drive_link\"><strong>Instrukcja\u00a0<\/strong><\/a><\/p>\n<p><strong>Dane Techniczne<\/strong><\/p>\n<div class=\"et_pb_column et_pb_column_1_3 et_pb_column_32 et_pb_css_mix_blend_mode_passthrough\">\n<div class=\"et_pb_module et_pb_text et_pb_text_24 et_pb_text_align_left et_pb_bg_layout_light\">\n<div class=\"et_pb_text_inner\">\n<ul>\n<li><span>Sterowanie zorientowane na pole (FOC)<\/span><\/li>\n<li><span>Obs\u0142ugiwane akumulatory: do 80V nominalnie 22S (92,4 V w pe\u0142ni na\u0142adowane)<\/span><\/li>\n<li><span>Maksymalna moc: 50kW*<\/span><\/li>\n<li><span>Sterowanie czujnikowe (enkoder HALL) i bezczujnikowe<\/span><\/li>\n<li><span>Maksymalny pr\u0105d akumulatora: 700 A<\/span><\/li>\n<li><span>Maksymalna faza pr\u0105d: 1000 A*<\/span><\/li>\n<li>Sprawno\u015b\u0107 do 99%<\/li>\n<li>Temperatura pracy: od -15 do 75 C\u00b0<\/li>\n<li>Komunikacja Bluetooth<\/li>\n<li>Wst\u0119pna kalibracja: nie wymaga dodatkowych czynno\u015bci<\/li>\n<li>Zabezpieczenia nadpr\u0105dowe, przepi\u0119ciowe, podnapi\u0119ciowe i przegrzane<\/li>\n<li>Komunikacja z fabrycznym BMS Akumulatora\u00a0 jak i lcd<\/li>\n<li>R\u00f3\u017cne tryby hamowania regeneracyjnego i przepustnicy<\/li>\n<li>Waga: 1.2kg<\/li>\n<li>Funkcje: Aplikacja mobilna (IOS i Android)<\/li>\n<li>Klasa ochrony: IP67<\/li>\n<li>Regularne aktualizacje oprogramowania uk\u0142adowego<\/li>\n<\/ul>\n<\/div>\n<\/div>\n<\/div>\n<div class=\"et_pb_column et_pb_column_1_3 et_pb_column_34 et_pb_css_mix_blend_mode_passthrough et-last-child\">\n<div class=\"et_pb_module et_pb_text et_pb_text_26 et_pb_text_align_left et_pb_bg_layout_light\">\n<p>&nbsp;<\/p>\n<div class=\"et_pb_text_inner\">\n<p><span><strong>Akumulator<\/strong><\/span><\/p>\n<ul>\n<li><span>Li-ion\u00a0 w trwa\u0142ej obudowie Custom<\/span><\/li>\n<li><span>60 V 65Ah 3900Wh Current 130A 230A peek<\/span><\/li>\n<\/ul>\n<p><span>Do akumulatora zaprojektowali\u015bmy Odpowiedni\u0105 ta\u015bm\u0119 \u201d \u0142\u0105czniki\u201d Z czystej miedzi, kt\u00f3ra jest ci\u0119ta technologi\u0105 laserow\u0105, Co wyr\u00f3\u017cnia nasze produkty na rynku z innymi konkurencyjnymi firmami. Nasze \u0142\u0105czniki bardzo dobrze przenosz\u0105 pr\u0105d bez \u017cadnych strat czy nagrzewa ogniw, Za czym idzie zwi\u0119kszenie wydajno\u015bci Akumulatora.<\/span><br \/>\n<span>Akumulator jest wykonany Na najwy\u017cszym poziomie. Z wykorzystaniem Najnowszych technologii i rozwi\u0105za\u0144<\/span><\/p>\n<p><span>Waga akumulatora 18 Kg<\/span><br \/>\n<span>Akumulator pasuje do wersji Talarii String, MX3\\MX4 bez modyfikacji klapki\u00a0<\/span><\/p>\n<p><strong>Zestaw zawiera<\/strong><\/p>\n<ul>\n<li>1x kontroler TC1000<\/li>\n<li>1x plastikowa os\u0142ona<\/li>\n<li>\u015bruby i narz\u0119dzia potrzebne do instalacji<\/li>\n<li>Akumulator 60V 65Ah 230A peek<\/li>\n<li>kr\u00f3tka instrukcja<\/li>\n<\/ul>\n<p><strong><em>Mo\u017cliwo\u015b\u0107 monta\u017cu w naszym serwisie po uzgodnieniu\u00a0<\/em><\/strong><\/p>\n<\/div>\n<div class=\"et_pb_text_inner\">\n<p><strong>Czas oczekiwania na zestaw 14 \u2013 30 Dni.<\/strong><\/p>\n<\/div>\n<\/div>\n<\/div>\n","protected":false},"excerpt":{"rendered":"<p>Zestaw Talaria Sting 60V 13kW to zaawansowane rozwi\u0105zanie dla entuzjast\u00f3w motocykli elektrycznych. Wyposa\u017cony w pot\u0119\u017cny nap\u0119d o mocy 13kW i napi\u0119ciu 60V, ten zestaw zapewnia imponuj\u0105ce osi\u0105gi, umo\u017cliwiaj\u0105c dynamiczn\u0105 i ekscytuj\u0105c\u0105 jazd\u0119. Talaria Sting charakteryzuje si\u0119 zaawansowan\u0105 technologi\u0105, trwa\u0142\u0105 konstrukcj\u0105 oraz innowacyjnym designem. Zestaw ten jest idealny dla tych, kt\u00f3rzy [&hellip;]<\/p>\n","protected":false},"featured_media":1943,"comment_status":"open","ping_status":"closed","template":"","meta":[],"product_brand":[],"product_cat":[33],"product_tag":[],"class_list":{"0":"post-1402","1":"product","2":"type-product","3":"status-publish","4":"has-post-thumbnail","6":"product_cat-modyfikacje-talaria-string-mx3-mx4","8":"first","9":"onbackorder","10":"taxable","11":"shipping-taxable","12":"purchasable","13":"product-type-simple"},"jetpack_sharing_enabled":true,"_links":{"self":[{"href":"https:\/\/www.raptore-bajk.pl\/index.php\/wp-json\/wp\/v2\/product\/1402","targetHints":{"allow":["GET"]}}],"collection":[{"href":"https:\/\/www.raptore-bajk.pl\/index.php\/wp-json\/wp\/v2\/product"}],"about":[{"href":"https:\/\/www.raptore-bajk.pl\/index.php\/wp-json\/wp\/v2\/types\/product"}],"replies":[{"embeddable":true,"href":"https:\/\/www.raptore-bajk.pl\/index.php\/wp-json\/wp\/v2\/comments?post=1402"}],"wp:featuredmedia":[{"embeddable":true,"href":"https:\/\/www.raptore-bajk.pl\/index.php\/wp-json\/wp\/v2\/media\/1943"}],"wp:attachment":[{"href":"https:\/\/www.raptore-bajk.pl\/index.php\/wp-json\/wp\/v2\/media?parent=1402"}],"wp:term":[{"taxonomy":"product_brand","embeddable":true,"href":"https:\/\/www.raptore-bajk.pl\/index.php\/wp-json\/wp\/v2\/product_brand?post=1402"},{"taxonomy":"product_cat","embeddable":true,"href":"https:\/\/www.raptore-bajk.pl\/index.php\/wp-json\/wp\/v2\/product_cat?post=1402"},{"taxonomy":"product_tag","embeddable":true,"href":"https:\/\/www.raptore-bajk.pl\/index.php\/wp-json\/wp\/v2\/product_tag?post=1402"}],"curies":[{"name":"wp","href":"https:\/\/api.w.org\/{rel}","templated":true}]}}