{"id":1394,"date":"2024-10-29T21:38:23","date_gmt":"2024-10-29T20:38:23","guid":{"rendered":"https:\/\/www.raptore-bajk.pl\/?post_type=product&#038;p=1394"},"modified":"2025-12-15T12:19:28","modified_gmt":"2025-12-15T11:19:28","slug":"zestaw-kit-surron-lite-bee-81-4v-50ah-37kw","status":"publish","type":"product","link":"https:\/\/www.raptore-bajk.pl\/index.php\/produkt\/zestaw-kit-surron-lite-bee-81-4v-50ah-37kw\/","title":{"rendered":"Zestaw KIT Surron Light Bee 81.2V 50Ah 37kW+"},"content":{"rendered":"<p>Zestaw nap\u0119dowy Surron Light Bee to doskona\u0142e po\u0142\u0105czenie wydajno\u015bci i zaawansowanej technologii. Zasilany przez akumulator RaptorE-bajk (37kW, 50Ah, 80V), ten elektryczny nap\u0119d zapewnia imponuj\u0105c\u0105 moc do Twojego Surron Lite Bee. Sterownik Torp 1000 (50kW, 60V-80V) umo\u017cliwia precyzyjn\u0105 kontrol\u0119 nad energi\u0105, co przek\u0142ada si\u0119 na dynamiczn\u0105 i responsywn\u0105 jazd\u0119.<\/p>\n<p><strong>Zestaw kit do Surron Light \u00a0Bee\u00a0 do samodzielnego monta\u017cu &lt;nie zawiera silnika TM40&gt;<\/strong><\/p>\n<p>Mamy do zaoferowania bardzo ciekawy zestaw modyfikacyjny do surron w kt\u00f3rego sk\u0142ad wchodzi:<\/p>\n<p>Akumulator Firmy<span>\u00a0<\/span><strong>RaptorE-bajk 37kW 50Ah 81.2V<\/strong><\/p>\n<p>Sterownik<span>\u00a0<\/span><strong>Torp 1000 50kW 48V-80V<\/strong><\/p>\n<p><a href=\"https:\/\/drive.google.com\/file\/d\/1vGZe8yLcJHoDohRxzCgdlu7jUVAhuIay\/view?usp=drive_link\"><strong>Instrukcja\u00a0<\/strong><\/a><\/p>\n<p><strong><img loading=\"lazy\" decoding=\"async\" src=\"http:\/\/www.raptore-bajk.pl\/wp-content\/uploads\/2023\/10\/TC1000Kutija-300x223.jpg\" alt=\"\" width=\"300\" height=\"223\" class=\"aligncenter size-medium wp-image-945\" srcset=\"https:\/\/www.raptore-bajk.pl\/wp-content\/uploads\/2023\/10\/TC1000Kutija-300x223.jpg 300w, https:\/\/www.raptore-bajk.pl\/wp-content\/uploads\/2023\/10\/TC1000Kutija-1024x761.jpg 1024w, https:\/\/www.raptore-bajk.pl\/wp-content\/uploads\/2023\/10\/TC1000Kutija-768x571.jpg 768w, https:\/\/www.raptore-bajk.pl\/wp-content\/uploads\/2023\/10\/TC1000Kutija-1536x1141.jpg 1536w, https:\/\/www.raptore-bajk.pl\/wp-content\/uploads\/2023\/10\/TC1000Kutija-2048x1521.jpg 2048w, https:\/\/www.raptore-bajk.pl\/wp-content\/uploads\/2023\/10\/TC1000Kutija-600x446.jpg 600w\" sizes=\"auto, (max-width: 300px) 100vw, 300px\" \/>Dane Techniczne<\/strong><\/p>\n<div class=\"et_pb_column et_pb_column_1_3 et_pb_column_32 et_pb_css_mix_blend_mode_passthrough\">\n<div class=\"et_pb_module et_pb_text et_pb_text_24 et_pb_text_align_left et_pb_bg_layout_light\">\n<div class=\"et_pb_text_inner\">\n<ul>\n<li><span>Sterowanie zorientowane na pole (FOC)<\/span><\/li>\n<li><span>Napi\u0119cie 20-90V<\/span><\/li>\n<li><span>Maksymalna moc: 50kW<\/span><\/li>\n<li><span>Sensored (enkoder HALL) i sterowanie bezczujnikowe<\/span><\/li>\n<li><span>Maksymalny pr\u0105d akumulatora: 700 A<\/span><\/li>\n<li>Maksymalny pr\u0105d fazowy: 1000 A<\/li>\n<li>Sprawno\u015b\u0107 do 99%<\/li>\n<li>Temperatura pracy: od -15 do 75 C\u00b0<\/li>\n<li>Komunikacja Bluetooth<\/li>\n<li>Wst\u0119pna kalibracja: nie wymaga dodatkowych czynno\u015bci<\/li>\n<li>Zabezpieczenia nadpr\u0105dowe, przepi\u0119ciowe, podnapi\u0119ciowe i przegrzane<\/li>\n<li>Komunikacja z fabrycznym BMS Akumulatora surron jak i lcd<\/li>\n<li>Mo\u017cliwo\u015b\u0107 dokupienia dedykowanego LCD Torp SW 102 min<\/li>\n<li>R\u00f3\u017cne tryby hamowania regeneracyjnego i przepustnicy<\/li>\n<li>Waga: 1.1kg<\/li>\n<li>Funkcje: Aplikacja mobilna (IOS i Android), fabryczny wy\u015bwietlacz SurRon<\/li>\n<li>Klasa ochrony: IP67<\/li>\n<li>Regularne aktualizacje oprogramowania uk\u0142adowego<\/li>\n<\/ul>\n<\/div>\n<\/div>\n<\/div>\n<div class=\"et_pb_column et_pb_column_1_3 et_pb_column_34 et_pb_css_mix_blend_mode_passthrough et-last-child\">\n<div class=\"et_pb_module et_pb_text et_pb_text_26 et_pb_text_align_left et_pb_bg_layout_light\">\n<div id=\"attachment_646\" class=\"wp-caption alignleft\">\n<p><img loading=\"lazy\" decoding=\"async\" src=\"http:\/\/www.raptore-bajk.pl\/wp-content\/uploads\/2022\/12\/IMG-20230822-WA0003-300x225.jpg\" alt=\"\" width=\"300\" height=\"225\" class=\"alignleft wp-image-861 size-medium\" srcset=\"https:\/\/www.raptore-bajk.pl\/wp-content\/uploads\/2022\/12\/IMG-20230822-WA0003-300x225.jpg 300w, https:\/\/www.raptore-bajk.pl\/wp-content\/uploads\/2022\/12\/IMG-20230822-WA0003-1024x768.jpg 1024w, https:\/\/www.raptore-bajk.pl\/wp-content\/uploads\/2022\/12\/IMG-20230822-WA0003-768x576.jpg 768w, https:\/\/www.raptore-bajk.pl\/wp-content\/uploads\/2022\/12\/IMG-20230822-WA0003-1536x1152.jpg 1536w, https:\/\/www.raptore-bajk.pl\/wp-content\/uploads\/2022\/12\/IMG-20230822-WA0003-600x450.jpg 600w, https:\/\/www.raptore-bajk.pl\/wp-content\/uploads\/2022\/12\/IMG-20230822-WA0003.jpg 1600w\" sizes=\"auto, (max-width: 300px) 100vw, 300px\" \/><\/p>\n<p id=\"caption-attachment-646\" class=\"wp-caption-text\">Zdj\u0119cie podgl\u0105dowe<\/p>\n<\/div>\n<div class=\"et_pb_text_inner\">\n<p><span><strong>Akumulator<\/strong><\/span><\/p>\n<p><span>Li-ion Surron w trwa\u0142ej obudowie Custom<\/span><br \/>\n<span>81.2 V 50Ah 4070Wh Current 350A ,5<\/span><span>50A peek<\/span><\/p>\n<p>Ogniwa Molicell P50B<\/p>\n<p><span>Do akumulatora zaprojektowali\u015bmy Odpowiedni\u0105 ta\u015bm\u0119 \u201d \u0142\u0105czniki\u201d z czystej miedzi , kt\u00f3ra jest ci\u0119ta technologi\u0105 laserow\u0105, Co wyr\u00f3\u017cnia nasze produkty na rynku z innymi konkurencyjnymi firmami. Nasze \u0142\u0105czniki bardzo dobrze przenosz\u0105 pr\u0105d bez niemal \u017cadnych\u00a0 strat czy nagrzewa ogniw, Za czym idzie zwi\u0119kszenie wydajno\u015bci Akumulatora do maksimum.\u00a0<\/span><br \/>\n<span>Akumulator jest wykonany Na najwy\u017cszym poziomie. Z wykorzystaniem Najnowszych technologii i rozwi\u0105zani.<\/span><\/p>\n<\/div>\n<\/div>\n<p>&nbsp;<\/p>\n<div class=\"et_pb_module et_pb_text et_pb_text_26 et_pb_text_align_left et_pb_bg_layout_light\">\n<div class=\"et_pb_text_inner\">\n<p>&nbsp;<\/p>\n<p><span>Waga akumulatora 18.5Kg<\/span><br \/>\n<span>Akumulator pasuje do ka\u017cdej wersji surrona\u00a0 Light Bee itp. Do zestawu do\u0142\u0105czamy dedykowane adaptery Klapki.<\/span><\/p>\n<p><strong><em>zestaw nie zawiera \u0142adowarki<\/em><\/strong><\/p>\n<p><strong>Zestaw zawiera<\/strong><\/p>\n<ul>\n<li>1x kontroler TC1000<\/li>\n<li>1x wi\u0105zka przewod\u00f3w + Nowe zasilanie\u00a0 sterownik-Akumulator qs10<\/li>\n<li>1x plastikowa os\u0142ona<\/li>\n<li>\u015bruby i narz\u0119dzia potrzebne do instalacji<\/li>\n<li>Akumulator 81.2V 50Ah 450A<\/li>\n<li>kr\u00f3tka instrukcja, Karta gwarancyjna<\/li>\n<\/ul>\n<p><strong><em>Mo\u017cliwo\u015b\u0107 monta\u017cu w naszym serwisie po uzgodnieniu\u00a0<\/em><\/strong><\/p>\n<p><span>Na akumulator jest rok gwarancji !!<\/span><\/p>\n<p><strong>Czas oczekiwania na zestaw to 14- 30 dni\u00a0 roboczych<\/strong><\/p>\n<\/div>\n<\/div>\n<\/div>\n","protected":false},"excerpt":{"rendered":"<p>Zestaw nap\u0119dowy Surron Light Bee to doskona\u0142e po\u0142\u0105czenie wydajno\u015bci i zaawansowanej technologii. Zasilany przez akumulator RaptorE-bajk (37kW, 50Ah, 80V), ten elektryczny nap\u0119d zapewnia imponuj\u0105c\u0105 moc do Twojego Surron Lite Bee. Sterownik Torp 1000 (50kW, 60V-80V) umo\u017cliwia precyzyjn\u0105 kontrol\u0119 nad energi\u0105, co przek\u0142ada si\u0119 na dynamiczn\u0105 i responsywn\u0105 jazd\u0119. Zestaw kit [&hellip;]<\/p>\n","protected":false},"featured_media":1901,"comment_status":"open","ping_status":"closed","template":"","meta":[],"product_brand":[],"product_cat":[29],"product_tag":[],"class_list":{"0":"post-1394","1":"product","2":"type-product","3":"status-publish","4":"has-post-thumbnail","6":"product_cat-modyfikacje-surron-light-bee","8":"first","9":"onbackorder","10":"taxable","11":"shipping-taxable","12":"purchasable","13":"product-type-simple"},"jetpack_sharing_enabled":true,"_links":{"self":[{"href":"https:\/\/www.raptore-bajk.pl\/index.php\/wp-json\/wp\/v2\/product\/1394","targetHints":{"allow":["GET"]}}],"collection":[{"href":"https:\/\/www.raptore-bajk.pl\/index.php\/wp-json\/wp\/v2\/product"}],"about":[{"href":"https:\/\/www.raptore-bajk.pl\/index.php\/wp-json\/wp\/v2\/types\/product"}],"replies":[{"embeddable":true,"href":"https:\/\/www.raptore-bajk.pl\/index.php\/wp-json\/wp\/v2\/comments?post=1394"}],"wp:featuredmedia":[{"embeddable":true,"href":"https:\/\/www.raptore-bajk.pl\/index.php\/wp-json\/wp\/v2\/media\/1901"}],"wp:attachment":[{"href":"https:\/\/www.raptore-bajk.pl\/index.php\/wp-json\/wp\/v2\/media?parent=1394"}],"wp:term":[{"taxonomy":"product_brand","embeddable":true,"href":"https:\/\/www.raptore-bajk.pl\/index.php\/wp-json\/wp\/v2\/product_brand?post=1394"},{"taxonomy":"product_cat","embeddable":true,"href":"https:\/\/www.raptore-bajk.pl\/index.php\/wp-json\/wp\/v2\/product_cat?post=1394"},{"taxonomy":"product_tag","embeddable":true,"href":"https:\/\/www.raptore-bajk.pl\/index.php\/wp-json\/wp\/v2\/product_tag?post=1394"}],"curies":[{"name":"wp","href":"https:\/\/api.w.org\/{rel}","templated":true}]}}