{"id":1393,"date":"2024-10-29T20:45:50","date_gmt":"2024-10-29T19:45:50","guid":{"rendered":"https:\/\/www.raptore-bajk.pl\/?post_type=product&#038;p=1393"},"modified":"2025-10-16T10:55:17","modified_gmt":"2025-10-16T08:55:17","slug":"akumulator-bidon-48v-28ah-21700","status":"publish","type":"product","link":"https:\/\/www.raptore-bajk.pl\/index.php\/produkt\/akumulator-bidon-48v-28ah-21700\/","title":{"rendered":"Akumulator bidon 48V 28Ah 21700"},"content":{"rendered":"<p>Akumulator Li-ion 48V i pojemno\u015bci 1456Wh i pr\u0105dzie 50A, z zastosowaniem markowych ogniw, zosta\u0142 starannie zgrzewany w Polsce przy u\u017cyciu wysokiej jako\u015bci \u0142\u0105cznik\u00f3w z czystego niklu. Ten zaawansowany akumulator zapewnia nie tylko solidny zasi\u0119g i d\u0142ugotrwa\u0142\u0105 moc dzi\u0119ki napi\u0119ciu 48V i pojemno\u015bci 28Ah, ale tak\u017ce gwarantuje niezawodno\u015b\u0107 i trwa\u0142o\u015b\u0107 dzi\u0119ki starannej konstrukcji. Wykorzystanie markowych ogniw oraz precyzyjne zgrzewanie z czystego niklu podkre\u015blaj\u0105 jego wysok\u0105 jako\u015b\u0107, co sprawia, \u017ce jest to idealne rozwi\u0105zanie dla rowerzyst\u00f3w, kt\u00f3rzy ceni\u0105 sobie nie tylko wydajno\u015b\u0107, ale tak\u017ce lokaln\u0105 produkcj\u0119 i staranno\u015b\u0107 w detalach.<\/p>\n<p>Akumulator w obudowie shark o konfiguracji 13s5p Model Polly DP-21700-7<\/p>\n<p>48V 28 Ah Li-ion i max. 50A<br \/>\nAkumulator z\u0142o\u017cony na nowych ogniwach LG M58T 21700<br \/>\nPrzypuszczalny zasi\u0119g to oko\u0142o 170 km<\/p>\n<p><span>Do akumulatora zaprojektowali\u015bmy Odpowiednie \u0142\u0105czniki z czystego niklu , kt\u00f3ra jest ci\u0119ta technologi\u0105 laserow\u0105, Co wyr\u00f3\u017cnia nasze produkty na rynku z innymi konkurencyjnymi firmami. Nasze \u0142\u0105czniki bardzo dobrze przenosz\u0105 pr\u0105d bez \u017cadnych strat, czy r\u00f3wnie\u017c niepotrzebnego\u00a0 nagrzewania ogniw. Za czym idzie zwi\u0119kszenie wydajno\u015bci Akumulatora.<\/span><br \/>\n<span>Akumulator jest wykonany Na najwy\u017cszym poziomie. Z wykorzystaniem Najnowszych technologii i rozwi\u0105za\u0144<\/span><\/p>\n<p><img loading=\"lazy\" decoding=\"async\" src=\"http:\/\/www.raptore-bajk.pl\/wp-content\/uploads\/2023\/04\/Bidon-52V-25Ah.png\" alt=\"\" width=\"805\" height=\"489\" class=\"aligncenter size-full wp-image-689\" srcset=\"https:\/\/www.raptore-bajk.pl\/wp-content\/uploads\/2023\/04\/Bidon-52V-25Ah.png 805w, https:\/\/www.raptore-bajk.pl\/wp-content\/uploads\/2023\/04\/Bidon-52V-25Ah-600x364.png 600w, https:\/\/www.raptore-bajk.pl\/wp-content\/uploads\/2023\/04\/Bidon-52V-25Ah-300x182.png 300w, https:\/\/www.raptore-bajk.pl\/wp-content\/uploads\/2023\/04\/Bidon-52V-25Ah-768x467.png 768w\" sizes=\"auto, (max-width: 805px) 100vw, 805px\" \/><\/p>\n<p><span>waga akumulatora 6.2 Kg<\/span><br \/>\n<span>Akumulator pasuje niemal do ka\u017cdego roweru, kt\u00f3ry posiada mocowanie na Bidon. Jest przystosowany do sterownika oraz zestaw\u00f3w\u00a0<strong>max. 2500W<\/strong><\/span><\/p>\n<p><span>Do jego monta\u017cu nie trzeba nic przerabia\u0107, idealnie pasuje w obecne \u015bruby montuj\u0105ce bidon ! A w szynie s\u0105 cztery mo\u017cliwo\u015bci przykr\u0119cenia.<\/span><br \/>\n<span>Akumulator w ka\u017cdej chwili mo\u017cesz wypi\u0105\u0107 i wzi\u0105\u0107 ze sob\u0105 gdzie tylko\u00a0<\/span><span>chcesz. Wystarczy przekr\u0119ci\u0107 kluczyk i wyj\u0105\u0107 akumulator<\/span><span>.<\/span><span>\u00a0To proste!!<\/span><\/p>\n<p><span><strong>Zamontowany Smart BMS<\/strong>\u00a0umo\u017cliwia podgl\u0105d do stanu cell i warto\u015bci ile pobiera dany nap\u0119d, kt\u00f3ry mamy zamontowany w poje\u017adzie.<\/span><\/p>\n<p><span>W zestawie<\/span><\/p>\n<ul>\n<li>Akumulator 13s5p 28Ah 48V 21700<\/li>\n<li>Szyna mocuj\u0105ca ze z\u0142\u0105czem XT60\\90 do wyboru<\/li>\n<li>Dwa kluczyki<\/li>\n<li>Automatyczna \u0142adowarka 5A<\/li>\n<\/ul>\n","protected":false},"excerpt":{"rendered":"<p>Akumulator Li-ion 48V i pojemno\u015bci 1456Wh i pr\u0105dzie 50A, z zastosowaniem markowych ogniw, zosta\u0142 starannie zgrzewany w Polsce przy u\u017cyciu wysokiej jako\u015bci \u0142\u0105cznik\u00f3w z czystego niklu. Ten zaawansowany akumulator zapewnia nie tylko solidny zasi\u0119g i d\u0142ugotrwa\u0142\u0105 moc dzi\u0119ki napi\u0119ciu 48V i pojemno\u015bci 28Ah, ale tak\u017ce gwarantuje niezawodno\u015b\u0107 i trwa\u0142o\u015b\u0107 dzi\u0119ki [&hellip;]<\/p>\n","protected":false},"featured_media":1910,"comment_status":"open","ping_status":"closed","template":"","meta":[],"product_brand":[],"product_cat":[18],"product_tag":[],"class_list":{"0":"post-1393","1":"product","2":"type-product","3":"status-publish","4":"has-post-thumbnail","6":"product_cat-akumulatory","8":"first","9":"instock","10":"taxable","11":"shipping-taxable","12":"purchasable","13":"product-type-simple"},"jetpack_sharing_enabled":true,"_links":{"self":[{"href":"https:\/\/www.raptore-bajk.pl\/index.php\/wp-json\/wp\/v2\/product\/1393","targetHints":{"allow":["GET"]}}],"collection":[{"href":"https:\/\/www.raptore-bajk.pl\/index.php\/wp-json\/wp\/v2\/product"}],"about":[{"href":"https:\/\/www.raptore-bajk.pl\/index.php\/wp-json\/wp\/v2\/types\/product"}],"replies":[{"embeddable":true,"href":"https:\/\/www.raptore-bajk.pl\/index.php\/wp-json\/wp\/v2\/comments?post=1393"}],"wp:featuredmedia":[{"embeddable":true,"href":"https:\/\/www.raptore-bajk.pl\/index.php\/wp-json\/wp\/v2\/media\/1910"}],"wp:attachment":[{"href":"https:\/\/www.raptore-bajk.pl\/index.php\/wp-json\/wp\/v2\/media?parent=1393"}],"wp:term":[{"taxonomy":"product_brand","embeddable":true,"href":"https:\/\/www.raptore-bajk.pl\/index.php\/wp-json\/wp\/v2\/product_brand?post=1393"},{"taxonomy":"product_cat","embeddable":true,"href":"https:\/\/www.raptore-bajk.pl\/index.php\/wp-json\/wp\/v2\/product_cat?post=1393"},{"taxonomy":"product_tag","embeddable":true,"href":"https:\/\/www.raptore-bajk.pl\/index.php\/wp-json\/wp\/v2\/product_tag?post=1393"}],"curies":[{"name":"wp","href":"https:\/\/api.w.org\/{rel}","templated":true}]}}